{"id":11390,"date":"2012-01-17T01:16:01","date_gmt":"2012-01-17T01:16:01","guid":{"rendered":"http:\/\/li-mac.org\/wp\/?page_id=11390"},"modified":"2012-01-17T14:19:20","modified_gmt":"2012-01-17T14:19:20","slug":"rules-of-admission","status":"publish","type":"page","link":"https:\/\/li-mac.org\/es\/about-2\/rules-of-admission\/","title":{"rendered":"Normas de ingreso"},"content":{"rendered":"<p><span style=\"font-size: medium;\">Li-MAC.org esta abierto a todo p\u00fablico (animales incluidos). Las fotograf\u00edas est\u00e1n permitidas para el uso personal. Est\u00e1 autorizado comer, beber y fumar en \u00e1reas determinadas.<\/span><\/p>\n<p><span style=\"font-size: medium;\">El material de esta web (im\u00e1genes, textos, videos, dise\u00f1o, etc..) ha sido cedido por sus autores para el uso de cada visitante dentro de la web. Para cualquier otro uso o consulta sobre el mismo, comun\u00edquense con <a href=\"mailto:copycenter@li-mac.org\">copycenter@li-mac.org<\/a><\/span><\/p>\n<p>&nbsp;<\/p>","protected":false},"excerpt":{"rendered":"<p>Li-MAC.org esta abierto a todo p\u00fablico (animales incluidos). Las fotograf\u00edas est\u00e1n permitidas para el uso personal. Est\u00e1 autorizado comer, beber y fumar en \u00e1reas determinadas. El material de esta web (im\u00e1genes, textos, videos, dise\u00f1o, etc..) ha sido cedido por sus autores para el uso de cada visitante dentro de la web. Para cualquier otro uso [&hellip;]<\/p>\n","protected":false},"author":2,"featured_media":0,"parent":63,"menu_order":1036,"comment_status":"closed","ping_status":"closed","template":"","meta":{"footnotes":""},"class_list":["post-11390","page","type-page","status-publish","hentry"],"_links":{"self":[{"href":"https:\/\/li-mac.org\/es\/wp-json\/wp\/v2\/pages\/11390","targetHints":{"allow":["GET"]}}],"collection":[{"href":"https:\/\/li-mac.org\/es\/wp-json\/wp\/v2\/pages"}],"about":[{"href":"https:\/\/li-mac.org\/es\/wp-json\/wp\/v2\/types\/page"}],"author":[{"embeddable":true,"href":"https:\/\/li-mac.org\/es\/wp-json\/wp\/v2\/users\/2"}],"replies":[{"embeddable":true,"href":"https:\/\/li-mac.org\/es\/wp-json\/wp\/v2\/comments?post=11390"}],"version-history":[{"count":4,"href":"https:\/\/li-mac.org\/es\/wp-json\/wp\/v2\/pages\/11390\/revisions"}],"predecessor-version":[{"id":11468,"href":"https:\/\/li-mac.org\/es\/wp-json\/wp\/v2\/pages\/11390\/revisions\/11468"}],"up":[{"embeddable":true,"href":"https:\/\/li-mac.org\/es\/wp-json\/wp\/v2\/pages\/63"}],"wp:attachment":[{"href":"https:\/\/li-mac.org\/es\/wp-json\/wp\/v2\/media?parent=11390"}],"curies":[{"name":"wp","href":"https:\/\/api.w.org\/{rel}","templated":true}]}}