{"id":1191,"date":"2011-08-26T18:56:42","date_gmt":"2011-08-26T18:56:42","guid":{"rendered":"http:\/\/li-mac.org\/wp\/"},"modified":"2012-11-21T16:33:25","modified_gmt":"2012-11-21T16:33:25","slug":"colomer-anarchitekton","status":"publish","type":"page","link":"https:\/\/li-mac.org\/es\/exhibitions\/permanent-exhibition\/phantom-limbs\/open-voids\/colomer-anarchitekton\/","title":{"rendered":"Anarchitekton (Bucarest)"},"content":{"rendered":"<p>El proyecto de Jordi Colomer Anarchitekton \u00abarranca\u00bb edificios y los hace interactuar con la ciudad y sus ciudadanos. Este trabajo de v\u00eddeo se convierte en una acci\u00f3n donde la psicolog\u00eda del urbanismo y la vida dom\u00e9stica est\u00e1 agitada. Al igual que un atleta que usa la ciudad como estadio o un manifestante que iza los edificios, el corredor Idroj Sanicne rompe el cotidiano. En lugar de estar lleno de ocupantes, cada edificio esta controlado por los caminos de este hombre. En la sala de proyecci\u00f3n, el visitante se enfrenta a la misma posibilidad. Las sillas est\u00e1n colocadas de manera aleatoria para que los visitantes construyan el espacio y la perspectiva desde donde mirar esta acci\u00f3n.<\/p>","protected":false},"excerpt":{"rendered":"<p><strong>Jordi Colomer<\/strong> <small>(Espa\u00f1a, 1962)<\/small><br \/>\n2003<br \/>\nBucarest, 3\u00b4<br \/>\nVideo y sala de proyecci\u00f3n<br \/>\nBetacam, digital, color<\/p>\n<p><small> <a href=\"http:\/\/www.jordicolomer.com\/\" rel=\"external\">(Cortes\u00eda del artista)<\/a><\/small><\/p>\n","protected":false},"author":2,"featured_media":1185,"parent":5794,"menu_order":647,"comment_status":"open","ping_status":"open","template":"image.php","meta":{"footnotes":""},"class_list":["post-1191","page","type-page","status-publish","has-post-thumbnail","hentry"],"_links":{"self":[{"href":"https:\/\/li-mac.org\/es\/wp-json\/wp\/v2\/pages\/1191","targetHints":{"allow":["GET"]}}],"collection":[{"href":"https:\/\/li-mac.org\/es\/wp-json\/wp\/v2\/pages"}],"about":[{"href":"https:\/\/li-mac.org\/es\/wp-json\/wp\/v2\/types\/page"}],"author":[{"embeddable":true,"href":"https:\/\/li-mac.org\/es\/wp-json\/wp\/v2\/users\/2"}],"replies":[{"embeddable":true,"href":"https:\/\/li-mac.org\/es\/wp-json\/wp\/v2\/comments?post=1191"}],"version-history":[{"count":31,"href":"https:\/\/li-mac.org\/es\/wp-json\/wp\/v2\/pages\/1191\/revisions"}],"predecessor-version":[{"id":15482,"href":"https:\/\/li-mac.org\/es\/wp-json\/wp\/v2\/pages\/1191\/revisions\/15482"}],"up":[{"embeddable":true,"href":"https:\/\/li-mac.org\/es\/wp-json\/wp\/v2\/pages\/5794"}],"wp:featuredmedia":[{"embeddable":true,"href":"https:\/\/li-mac.org\/es\/wp-json\/wp\/v2\/media\/1185"}],"wp:attachment":[{"href":"https:\/\/li-mac.org\/es\/wp-json\/wp\/v2\/media?parent=1191"}],"curies":[{"name":"wp","href":"https:\/\/api.w.org\/{rel}","templated":true}]}}