{"id":12764,"date":"2012-05-21T10:16:08","date_gmt":"2012-05-21T10:16:08","guid":{"rendered":"http:\/\/li-mac.org\/?page_id=12764"},"modified":"2014-10-03T11:56:18","modified_gmt":"2014-10-03T11:56:18","slug":"20th-april","status":"publish","type":"page","link":"https:\/\/li-mac.org\/es\/projects\/rests-in-press\/2012-2104\/20th-april\/","title":{"rendered":"20 de Abril"},"content":{"rendered":"<p>Este proyecto consiste en un archivo que recoge distintas cabeceras period\u00edsticas espa\u00f1olas que durante finales de los a\u00f1os treinta y comienzos de los cuarenta celebraron en su portada el cumplea\u00f1os de Hitler. Estas cabeceras siguen public\u00e1ndose en la actualidad.<\/p>\n<p>Directamente conectado con este archivo, se realiz\u00f3 una edici\u00f3n facs\u00edmil del peri\u00f3dico Baleares del 21 de abril de 1942, que se public\u00f3 encartada en el dBalears (su actual nombre) del 21 de abril de 2010, que recog\u00eda en su portada la celebraci\u00f3n del cumplea\u00f1os de Hitler el d\u00eda anterior. En ambos proyectos el diario se transforma en soporte y medio art\u00edstico, actuando de puente que une dos momentos en el tiempo, funcionando como conexi\u00f3n entre el pasado de la historia pol\u00edtica del pa\u00eds y su presente, cuando la herencia ideol\u00f3gica franquista es reclamada por un amplio espectro de la sociedad espa\u00f1ola.<\/p>","protected":false},"excerpt":{"rendered":"<p><strong>Democracia<\/strong> <small>(Espa\u00f1a)<\/small><br \/>\n2012<br \/>\nInstalaci\u00f3n fotogr\u00e1fica<br \/>\n9 fotos 100 x 80 cm (cada una)<\/p>\n<p><small>(<a href=\"http:\/\/www.democracia.com.es\/\" rel=\"external\">Cortes\u00eda Democracia<\/a>)<\/small><\/p>\n","protected":false},"author":2,"featured_media":13007,"parent":20627,"menu_order":18,"comment_status":"open","ping_status":"open","template":"image.php","meta":{"footnotes":""},"class_list":["post-12764","page","type-page","status-publish","has-post-thumbnail","hentry"],"_links":{"self":[{"href":"https:\/\/li-mac.org\/es\/wp-json\/wp\/v2\/pages\/12764","targetHints":{"allow":["GET"]}}],"collection":[{"href":"https:\/\/li-mac.org\/es\/wp-json\/wp\/v2\/pages"}],"about":[{"href":"https:\/\/li-mac.org\/es\/wp-json\/wp\/v2\/types\/page"}],"author":[{"embeddable":true,"href":"https:\/\/li-mac.org\/es\/wp-json\/wp\/v2\/users\/2"}],"replies":[{"embeddable":true,"href":"https:\/\/li-mac.org\/es\/wp-json\/wp\/v2\/comments?post=12764"}],"version-history":[{"count":14,"href":"https:\/\/li-mac.org\/es\/wp-json\/wp\/v2\/pages\/12764\/revisions"}],"predecessor-version":[{"id":20631,"href":"https:\/\/li-mac.org\/es\/wp-json\/wp\/v2\/pages\/12764\/revisions\/20631"}],"up":[{"embeddable":true,"href":"https:\/\/li-mac.org\/es\/wp-json\/wp\/v2\/pages\/20627"}],"wp:featuredmedia":[{"embeddable":true,"href":"https:\/\/li-mac.org\/es\/wp-json\/wp\/v2\/media\/13007"}],"wp:attachment":[{"href":"https:\/\/li-mac.org\/es\/wp-json\/wp\/v2\/media?parent=12764"}],"curies":[{"name":"wp","href":"https:\/\/api.w.org\/{rel}","templated":true}]}}