{"id":13694,"date":"2012-09-13T14:18:03","date_gmt":"2012-09-13T14:18:03","guid":{"rendered":"http:\/\/li-mac.org\/?page_id=13694"},"modified":"2012-09-13T15:34:45","modified_gmt":"2012-09-13T15:34:45","slug":"se-traspasa","status":"publish","type":"page","link":"https:\/\/li-mac.org\/es\/collection\/limac-collection\/cristina-garrido\/works\/se-traspasa\/","title":{"rendered":"Se traspasa"},"content":{"rendered":"","protected":false},"excerpt":{"rendered":"<p><strong>Cristina Garrido<\/strong> <small>(Espa\u00f1a, 1986)<\/small><br \/>\n2008-2010<br \/>\nSerie de fotograf\u00edas digitales e intervenci\u00f3n con pintura sobre escaparate de galer\u00eda de arte documentada en video<\/p>\n<p><small><a href=\"http:\/\/vimeo.com\/34410878#at=0 \" rel=\"external\">Enlace video a vimeo<\/a><\/small><br \/>\n<small><a href=\"http:\/\/www.cristina-garrido.com\/\" rel=\"external\">(Cortes\u00eda del artista)<\/a><\/small><\/p>\n","protected":false},"author":2,"featured_media":13695,"parent":13341,"menu_order":0,"comment_status":"open","ping_status":"open","template":"image.php","meta":{"footnotes":""},"class_list":["post-13694","page","type-page","status-publish","has-post-thumbnail","hentry"],"_links":{"self":[{"href":"https:\/\/li-mac.org\/es\/wp-json\/wp\/v2\/pages\/13694","targetHints":{"allow":["GET"]}}],"collection":[{"href":"https:\/\/li-mac.org\/es\/wp-json\/wp\/v2\/pages"}],"about":[{"href":"https:\/\/li-mac.org\/es\/wp-json\/wp\/v2\/types\/page"}],"author":[{"embeddable":true,"href":"https:\/\/li-mac.org\/es\/wp-json\/wp\/v2\/users\/2"}],"replies":[{"embeddable":true,"href":"https:\/\/li-mac.org\/es\/wp-json\/wp\/v2\/comments?post=13694"}],"version-history":[{"count":9,"href":"https:\/\/li-mac.org\/es\/wp-json\/wp\/v2\/pages\/13694\/revisions"}],"predecessor-version":[{"id":13774,"href":"https:\/\/li-mac.org\/es\/wp-json\/wp\/v2\/pages\/13694\/revisions\/13774"}],"up":[{"embeddable":true,"href":"https:\/\/li-mac.org\/es\/wp-json\/wp\/v2\/pages\/13341"}],"wp:featuredmedia":[{"embeddable":true,"href":"https:\/\/li-mac.org\/es\/wp-json\/wp\/v2\/media\/13695"}],"wp:attachment":[{"href":"https:\/\/li-mac.org\/es\/wp-json\/wp\/v2\/media?parent=13694"}],"curies":[{"name":"wp","href":"https:\/\/api.w.org\/{rel}","templated":true}]}}