{"id":13790,"date":"2012-09-13T16:06:42","date_gmt":"2012-09-13T16:06:42","guid":{"rendered":"http:\/\/li-mac.org\/?page_id=13790"},"modified":"2013-12-27T21:26:45","modified_gmt":"2013-12-27T21:26:45","slug":"20-pieces-of-road-measuring-100-x-100-cm-pulled-from-the-ground","status":"publish","type":"page","link":"https:\/\/li-mac.org\/es\/collection\/limac-collection\/santiago-sierra\/works\/20-pieces-of-road-measuring-100-x-100-cm-pulled-from-the-ground\/","title":{"rendered":"20 Trozos de calle arrancada, de 100 cm de lado en su cara superior"},"content":{"rendered":"<p>Se estableci\u00f3 contacto con una empresa dedicada al remozado de v\u00edas p\u00fablicas y se les pidi\u00f3 que arrancasen los trozos de calle de un modo distinto a como lo hacen normalmente, esto es, sacando grandes pedazos enteros de algo m\u00e1s de 100 cm de lado. Se trabaj\u00f3 con diversas cuadrillas de obreros, pues no todos estaban dispuestos a realizar el trabajo. Una vez arrancadas las piezas, se introdujeron en la galer\u00eda. All\u00ed se dispuso una estructura reticular donde fueron ordenadas. Con una radial se cortaron los trozos de calle que sobresal\u00edan de la medida prefijada en 100 cm de lado, dejando los restos en el piso.<\/p>","protected":false},"excerpt":{"rendered":"<p><strong>Santiago Sierra<\/strong> <small>(Espa\u00f1a, 1966)<\/small><br \/>\n1992<br \/>\nCemento<br \/>\ndimensiones variables<br \/>\n<small>Expuesto en la Galer\u00eda \u00c1ngel Romero, Madrid<\/small><\/p>\n<p><small><a href=\"http:\/\/www.santiago-sierra.com\/\" rel=\"external\">(Cortes\u00eda del artista)<\/a><\/small><\/p>\n","protected":false},"author":2,"featured_media":13783,"parent":13474,"menu_order":123,"comment_status":"open","ping_status":"open","template":"image.php","meta":{"footnotes":""},"class_list":["post-13790","page","type-page","status-publish","has-post-thumbnail","hentry"],"_links":{"self":[{"href":"https:\/\/li-mac.org\/es\/wp-json\/wp\/v2\/pages\/13790","targetHints":{"allow":["GET"]}}],"collection":[{"href":"https:\/\/li-mac.org\/es\/wp-json\/wp\/v2\/pages"}],"about":[{"href":"https:\/\/li-mac.org\/es\/wp-json\/wp\/v2\/types\/page"}],"author":[{"embeddable":true,"href":"https:\/\/li-mac.org\/es\/wp-json\/wp\/v2\/users\/2"}],"replies":[{"embeddable":true,"href":"https:\/\/li-mac.org\/es\/wp-json\/wp\/v2\/comments?post=13790"}],"version-history":[{"count":8,"href":"https:\/\/li-mac.org\/es\/wp-json\/wp\/v2\/pages\/13790\/revisions"}],"predecessor-version":[{"id":19175,"href":"https:\/\/li-mac.org\/es\/wp-json\/wp\/v2\/pages\/13790\/revisions\/19175"}],"up":[{"embeddable":true,"href":"https:\/\/li-mac.org\/es\/wp-json\/wp\/v2\/pages\/13474"}],"wp:featuredmedia":[{"embeddable":true,"href":"https:\/\/li-mac.org\/es\/wp-json\/wp\/v2\/media\/13783"}],"wp:attachment":[{"href":"https:\/\/li-mac.org\/es\/wp-json\/wp\/v2\/media?parent=13790"}],"curies":[{"name":"wp","href":"https:\/\/api.w.org\/{rel}","templated":true}]}}