{"id":13799,"date":"2012-09-13T16:35:54","date_gmt":"2012-09-13T16:35:54","guid":{"rendered":"http:\/\/li-mac.org\/?page_id=13799"},"modified":"2013-12-27T21:26:07","modified_gmt":"2013-12-27T21:26:07","slug":"50-kg-of-plaster-in-the-street","status":"publish","type":"page","link":"https:\/\/li-mac.org\/es\/collection\/limac-collection\/santiago-sierra\/works\/50-kg-of-plaster-in-the-street\/","title":{"rendered":"50 Kg de yeso en la calle"},"content":{"rendered":"<p>En Madrid existe una gran actividad del sector de la construcci\u00f3n, lo que transforma la ciudad en un aut\u00e9ntico campo de operaciones fabriles. No resulta extra\u00f1a la presencia de manchas de arena o yeso en las calles, procedentes de alg\u00fan cami\u00f3n o de alguna salida de obras. En esta ocasi\u00f3n se verti\u00f3 yeso en la calle y se dej\u00f3 que los autos trazasen un dibujo conforme a sus recorridos.<\/p>","protected":false},"excerpt":{"rendered":"<p><strong>Santiago Sierra<\/strong> <small>(Espa\u00f1a, 1966)<\/small><br \/>\n1994<br \/>\nYeso<br \/>\ndimensiones variables<br \/>\n<small>Calle Marqu\u00e9s de Corbera, Madrid<\/small><\/p>\n<p><small><a href=\"http:\/\/www.santiago-sierra.com\/\" rel=\"external\">(Cortes\u00eda del artista)<\/a><\/small><\/p>\n","protected":false},"author":2,"featured_media":13800,"parent":13474,"menu_order":124,"comment_status":"open","ping_status":"open","template":"image.php","meta":{"footnotes":""},"class_list":["post-13799","page","type-page","status-publish","has-post-thumbnail","hentry"],"_links":{"self":[{"href":"https:\/\/li-mac.org\/es\/wp-json\/wp\/v2\/pages\/13799","targetHints":{"allow":["GET"]}}],"collection":[{"href":"https:\/\/li-mac.org\/es\/wp-json\/wp\/v2\/pages"}],"about":[{"href":"https:\/\/li-mac.org\/es\/wp-json\/wp\/v2\/types\/page"}],"author":[{"embeddable":true,"href":"https:\/\/li-mac.org\/es\/wp-json\/wp\/v2\/users\/2"}],"replies":[{"embeddable":true,"href":"https:\/\/li-mac.org\/es\/wp-json\/wp\/v2\/comments?post=13799"}],"version-history":[{"count":5,"href":"https:\/\/li-mac.org\/es\/wp-json\/wp\/v2\/pages\/13799\/revisions"}],"predecessor-version":[{"id":19173,"href":"https:\/\/li-mac.org\/es\/wp-json\/wp\/v2\/pages\/13799\/revisions\/19173"}],"up":[{"embeddable":true,"href":"https:\/\/li-mac.org\/es\/wp-json\/wp\/v2\/pages\/13474"}],"wp:featuredmedia":[{"embeddable":true,"href":"https:\/\/li-mac.org\/es\/wp-json\/wp\/v2\/media\/13800"}],"wp:attachment":[{"href":"https:\/\/li-mac.org\/es\/wp-json\/wp\/v2\/media?parent=13799"}],"curies":[{"name":"wp","href":"https:\/\/api.w.org\/{rel}","templated":true}]}}