{"id":13806,"date":"2012-09-13T16:48:17","date_gmt":"2012-09-13T16:48:17","guid":{"rendered":"http:\/\/li-mac.org\/?page_id=13806"},"modified":"2013-12-27T21:26:27","modified_gmt":"2013-12-27T21:26:27","slug":"30-loaves-of-bread-lined-up","status":"publish","type":"page","link":"https:\/\/li-mac.org\/es\/collection\/limac-collection\/santiago-sierra\/works\/30-loaves-of-bread-lined-up\/","title":{"rendered":"30 bloques de pan alineados"},"content":{"rendered":"<p>Se fabricaron treinta panes empleando moldes rectangulares que reprodujesen formas pr\u00f3ximas al ladrillo, al ser las m\u00e1s sencillas de ordenar. Se alinearon desplazando la tangente a la semicircunferencia formada por la acera. Los coches destrozaron la pieza que, finalmente, fue retirada por los barrenderos.<\/p>","protected":false},"excerpt":{"rendered":"<p><strong>Santiago Sierra<\/strong> <small>(Espa\u00f1a, 1966)<\/small><br \/>\n1996<br \/>\nPan<br \/>\ndimensiones variables<br \/>\n<small>Interesecci\u00f3n de las calles f\u00fatbol y ciclistas, M\u00e9xico, D.F <\/small><\/p>\n<p><small><a href=\"http:\/\/www.santiago-sierra.com\/\" rel=\"external\">(Cortes\u00eda del artista)<\/a><\/small><\/p>\n","protected":false},"author":2,"featured_media":13805,"parent":13474,"menu_order":125,"comment_status":"open","ping_status":"open","template":"image.php","meta":{"footnotes":""},"class_list":["post-13806","page","type-page","status-publish","has-post-thumbnail","hentry"],"_links":{"self":[{"href":"https:\/\/li-mac.org\/es\/wp-json\/wp\/v2\/pages\/13806","targetHints":{"allow":["GET"]}}],"collection":[{"href":"https:\/\/li-mac.org\/es\/wp-json\/wp\/v2\/pages"}],"about":[{"href":"https:\/\/li-mac.org\/es\/wp-json\/wp\/v2\/types\/page"}],"author":[{"embeddable":true,"href":"https:\/\/li-mac.org\/es\/wp-json\/wp\/v2\/users\/2"}],"replies":[{"embeddable":true,"href":"https:\/\/li-mac.org\/es\/wp-json\/wp\/v2\/comments?post=13806"}],"version-history":[{"count":4,"href":"https:\/\/li-mac.org\/es\/wp-json\/wp\/v2\/pages\/13806\/revisions"}],"predecessor-version":[{"id":19174,"href":"https:\/\/li-mac.org\/es\/wp-json\/wp\/v2\/pages\/13806\/revisions\/19174"}],"up":[{"embeddable":true,"href":"https:\/\/li-mac.org\/es\/wp-json\/wp\/v2\/pages\/13474"}],"wp:featuredmedia":[{"embeddable":true,"href":"https:\/\/li-mac.org\/es\/wp-json\/wp\/v2\/media\/13805"}],"wp:attachment":[{"href":"https:\/\/li-mac.org\/es\/wp-json\/wp\/v2\/media?parent=13806"}],"curies":[{"name":"wp","href":"https:\/\/api.w.org\/{rel}","templated":true}]}}