{"id":13811,"date":"2012-09-13T17:14:54","date_gmt":"2012-09-13T17:14:54","guid":{"rendered":"http:\/\/li-mac.org\/?page_id=13811"},"modified":"2012-09-27T10:15:12","modified_gmt":"2012-09-27T10:15:12","slug":"burnt-gallery-with-gasoline","status":"publish","type":"page","link":"https:\/\/li-mac.org\/es\/collection\/limac-collection\/santiago-sierra\/works\/burnt-gallery-with-gasoline\/","title":{"rendered":"Galer\u00eda quemada con gasolina"},"content":{"rendered":"<p>Esta obra se prepar\u00f3 para la reinauguraci\u00f3n del nuevo espacio de esta galer\u00eda. Se quemaron con antorchas las paredes y techos de su interior, y con soplete, las partes m\u00e1s resistentes, como puertas y ventanas.<\/p>","protected":false},"excerpt":{"rendered":"<p><strong>Santiago Sierra<\/strong> <small>(Espa\u00f1a, 1966)<\/small><br \/>\n1997<br \/>\nGasonlina<br \/>\ndimensiones variables<br \/>\n<small>Expuesto en la Galer\u00eda Art Deposit, Mexico, D.F<\/small><\/p>\n<p><small><a href=\"http:\/\/www.santiago-sierra.com\/\" rel=\"external\">(Cortes\u00eda del artista)<\/a><\/small><\/p>\n","protected":false},"author":2,"featured_media":13810,"parent":13474,"menu_order":138,"comment_status":"open","ping_status":"open","template":"image.php","meta":{"footnotes":""},"class_list":["post-13811","page","type-page","status-publish","has-post-thumbnail","hentry"],"_links":{"self":[{"href":"https:\/\/li-mac.org\/es\/wp-json\/wp\/v2\/pages\/13811","targetHints":{"allow":["GET"]}}],"collection":[{"href":"https:\/\/li-mac.org\/es\/wp-json\/wp\/v2\/pages"}],"about":[{"href":"https:\/\/li-mac.org\/es\/wp-json\/wp\/v2\/types\/page"}],"author":[{"embeddable":true,"href":"https:\/\/li-mac.org\/es\/wp-json\/wp\/v2\/users\/2"}],"replies":[{"embeddable":true,"href":"https:\/\/li-mac.org\/es\/wp-json\/wp\/v2\/comments?post=13811"}],"version-history":[{"count":8,"href":"https:\/\/li-mac.org\/es\/wp-json\/wp\/v2\/pages\/13811\/revisions"}],"predecessor-version":[{"id":13813,"href":"https:\/\/li-mac.org\/es\/wp-json\/wp\/v2\/pages\/13811\/revisions\/13813"}],"up":[{"embeddable":true,"href":"https:\/\/li-mac.org\/es\/wp-json\/wp\/v2\/pages\/13474"}],"wp:featuredmedia":[{"embeddable":true,"href":"https:\/\/li-mac.org\/es\/wp-json\/wp\/v2\/media\/13810"}],"wp:attachment":[{"href":"https:\/\/li-mac.org\/es\/wp-json\/wp\/v2\/media?parent=13811"}],"curies":[{"name":"wp","href":"https:\/\/api.w.org\/{rel}","templated":true}]}}