{"id":13825,"date":"2012-09-13T18:10:19","date_gmt":"2012-09-13T18:10:19","guid":{"rendered":"http:\/\/li-mac.org\/?page_id=13825"},"modified":"2013-12-27T21:21:05","modified_gmt":"2013-12-27T21:21:05","slug":"bundle-of-1000-x-400-x-250-cm","status":"publish","type":"page","link":"https:\/\/li-mac.org\/es\/collection\/limac-collection\/santiago-sierra\/works\/bundle-of-1000-x-400-x-250-cm\/","title":{"rendered":"Fardo de 1000 x 400 x 250 cm."},"content":{"rendered":"<p>Se procedi\u00f3 a la recogida de pl\u00e1sticos, fundamentalmente lonas de cami\u00f3n destrozadas, cajas de cart\u00f3n y diversos tipos de basuras inorg\u00e1nicas, y se fue formando un gran paquete de las dimensiones indicadas. La pr\u00e1ctica totalidad de estos materiales debi\u00f3 ser comprada debido a la fuerte estratificaci\u00f3n del mercado de productos en desuso, que se reutilizan casi por completo. Confeccionado el paquete, se suspendi\u00f3 de la fachada del edificio empleando cualquier punto de apoyo para amarrar las cuerdas. De este modo el paquete quedaba hacia el exterior y en la sala s\u00f3lo pod\u00edan verse las cuerdas que lo sustentaban.<\/p>","protected":false},"excerpt":{"rendered":"<p><strong>Santiago Sierra<\/strong> <small>(Espa\u00f1a, 1966)<\/small><br \/>\n1997<br \/>\nPl\u00e1sticos en desusos y suspendido de la fachada de un edificio<br \/>\n1000 x 400 x 250 cm.<br \/>\n<small>Expuesto en la galer\u00eda Art &#038; idea, Mexico, D.F<\/small><\/p>\n<p><small><a href=\"http:\/\/www.santiago-sierra.com\/\" rel=\"external\">(Cortes\u00eda del artista)<\/a><\/small><\/p>\n","protected":false},"author":2,"featured_media":13819,"parent":13474,"menu_order":142,"comment_status":"open","ping_status":"open","template":"image.php","meta":{"footnotes":""},"class_list":["post-13825","page","type-page","status-publish","has-post-thumbnail","hentry"],"_links":{"self":[{"href":"https:\/\/li-mac.org\/es\/wp-json\/wp\/v2\/pages\/13825","targetHints":{"allow":["GET"]}}],"collection":[{"href":"https:\/\/li-mac.org\/es\/wp-json\/wp\/v2\/pages"}],"about":[{"href":"https:\/\/li-mac.org\/es\/wp-json\/wp\/v2\/types\/page"}],"author":[{"embeddable":true,"href":"https:\/\/li-mac.org\/es\/wp-json\/wp\/v2\/users\/2"}],"replies":[{"embeddable":true,"href":"https:\/\/li-mac.org\/es\/wp-json\/wp\/v2\/comments?post=13825"}],"version-history":[{"count":7,"href":"https:\/\/li-mac.org\/es\/wp-json\/wp\/v2\/pages\/13825\/revisions"}],"predecessor-version":[{"id":19171,"href":"https:\/\/li-mac.org\/es\/wp-json\/wp\/v2\/pages\/13825\/revisions\/19171"}],"up":[{"embeddable":true,"href":"https:\/\/li-mac.org\/es\/wp-json\/wp\/v2\/pages\/13474"}],"wp:featuredmedia":[{"embeddable":true,"href":"https:\/\/li-mac.org\/es\/wp-json\/wp\/v2\/media\/13819"}],"wp:attachment":[{"href":"https:\/\/li-mac.org\/es\/wp-json\/wp\/v2\/media?parent=13825"}],"curies":[{"name":"wp","href":"https:\/\/api.w.org\/{rel}","templated":true}]}}