{"id":13836,"date":"2012-09-13T18:50:14","date_gmt":"2012-09-13T18:50:14","guid":{"rendered":"http:\/\/li-mac.org\/?page_id=13836"},"modified":"2012-09-19T21:08:28","modified_gmt":"2012-09-19T21:08:28","slug":"pozuzo","status":"publish","type":"page","link":"https:\/\/li-mac.org\/es\/collection\/limac-collection\/edi-hirose\/works\/pozuzo\/","title":{"rendered":"Pozuzo"},"content":{"rendered":"<p>Pozuzo es un peque\u00f1o pueblo situado en la selva central de Pasco \u2013 Per\u00fa, donde se estableci\u00f3 una colonia austro-alemana en 1859. El origen de su historia se remonta al gobierno de Ram\u00f3n Castilla quien tuvo el plan de poblar la selva con inmigrantes europeos quienes explotar\u00edan los recursos de la regi\u00f3n. Debido a la falta de presupuesto y al cambio de gobierno, la construcci\u00f3n del camino para los colonos nunca se realiz\u00f3, originando una de las inmigraciones europeas m\u00e1s dram\u00e1ticas en Sudam\u00e9rica. De los 300 colonos que salieron de Prusia y Austria, solo llegaron 160.<\/p>\n<p>El aislamiento gener\u00f3 que conservaran sus costumbres hasta 1976, fecha que se concluye la construcci\u00f3n del \u00fanico camino que los conecta con el resto del pa\u00eds. A\u00fan en la actualidad, debido al clima de la regi\u00f3n y la geograf\u00eda, viven aislados en los per\u00edodos de lluvia, entre diciembre y marzo.<\/p>\n<p>Este camino ha permitido la conexi\u00f3n con lugares aleda\u00f1os iniciando una migraci\u00f3n en busca mejores\u00a0 oportunidades.<\/p>\n<p>El proyecto muestra la etapa de transici\u00f3n en la que el pueblo intenta mantenerse como\u00a0colonia, a pesar de la migraci\u00f3n constante de sus pobladores.<\/p>\n<p>La etapa fotogr\u00e1fica se realiz\u00f3 entre el 2000 y 2003. En el 2008 se realiz\u00f3 un \u00faltimo viaje como intento de una segunda etapa.<\/p>","protected":false},"excerpt":{"rendered":"<p><strong>Eduardo Hirose<\/strong> <small>(Per\u00fa, 1975)<\/small><br \/>\n2000-2003<br \/>\n79 fotograf\u00ccas<br \/>\ncopias a la plata sobre soporte de fibra y ba\u00f1o de selenio.<br \/>\n28 x 34.5 cm.<br \/>\nedici\u00f3n de 10 + 2ap<\/p>\n<p><small><a href=\"http:\/\/edihirose.wix.com\/foto\" rel=\"external\">(Cortes\u00eda del artista)<\/a><\/small><\/p>\n","protected":false},"author":2,"featured_media":14159,"parent":13484,"menu_order":0,"comment_status":"open","ping_status":"open","template":"image.php","meta":{"footnotes":""},"class_list":["post-13836","page","type-page","status-publish","has-post-thumbnail","hentry"],"_links":{"self":[{"href":"https:\/\/li-mac.org\/es\/wp-json\/wp\/v2\/pages\/13836","targetHints":{"allow":["GET"]}}],"collection":[{"href":"https:\/\/li-mac.org\/es\/wp-json\/wp\/v2\/pages"}],"about":[{"href":"https:\/\/li-mac.org\/es\/wp-json\/wp\/v2\/types\/page"}],"author":[{"embeddable":true,"href":"https:\/\/li-mac.org\/es\/wp-json\/wp\/v2\/users\/2"}],"replies":[{"embeddable":true,"href":"https:\/\/li-mac.org\/es\/wp-json\/wp\/v2\/comments?post=13836"}],"version-history":[{"count":8,"href":"https:\/\/li-mac.org\/es\/wp-json\/wp\/v2\/pages\/13836\/revisions"}],"predecessor-version":[{"id":14195,"href":"https:\/\/li-mac.org\/es\/wp-json\/wp\/v2\/pages\/13836\/revisions\/14195"}],"up":[{"embeddable":true,"href":"https:\/\/li-mac.org\/es\/wp-json\/wp\/v2\/pages\/13484"}],"wp:featuredmedia":[{"embeddable":true,"href":"https:\/\/li-mac.org\/es\/wp-json\/wp\/v2\/media\/14159"}],"wp:attachment":[{"href":"https:\/\/li-mac.org\/es\/wp-json\/wp\/v2\/media?parent=13836"}],"curies":[{"name":"wp","href":"https:\/\/api.w.org\/{rel}","templated":true}]}}