{"id":13843,"date":"2012-09-13T19:14:09","date_gmt":"2012-09-13T19:14:09","guid":{"rendered":"http:\/\/li-mac.org\/?page_id=13843"},"modified":"2012-09-19T21:12:36","modified_gmt":"2012-09-19T21:12:36","slug":"clues","status":"publish","type":"page","link":"https:\/\/li-mac.org\/es\/collection\/limac-collection\/edi-hirose\/works\/clues\/","title":{"rendered":"Indicios"},"content":{"rendered":"<p>\u201cIndicios\u201d se retoma de un proyecto colectivo creado y curado por Mart\u00edn Ugaz llamado \u201cContinuaci\u00f3n de la Ciudad\u201d &#8211; 2001, donde se asign\u00f3 a cada fot\u00f3grafo, un edificio abandonado del Centro Hist\u00f3rico de Lima.<\/p>\n<p>En el 2006 continu\u00e9 fotografiando el mismo edificio.<\/p>\n<p>&#8212;&#8212;&#8212;&#8212;&#8212;&#8212;&#8212;&#8212;&#8212;&#8212;&#8212;&#8212;&#8212;&#8212;&#8212;&#8212;&#8212;&#8212;&#8212;&#8212;&#8212;&#8212;&#8212;&#8212;&#8212;&#8212;&#8212;&#8212;&#8212;&#8212;&#8212;&#8212;&#8212;&#8212;&#8212;&#8212;&#8212;&#8212;&#8212;&#8212;&#8212;&#8212;&#8212;&#8212;&#8212;&#8212;&#8212;&#8212;- \u00a0 Las superficies son la primera impresi\u00f3n del mundo. Tal vez la \u00fanica.<\/p>\n<p>No son un mundo flotante. Son concretas y precisamente m\u00faltiples, reconociblemente llanas y simples. Es el ojo el que se encandila con algunas de ellas y persigue ser subyugado, quedar hipn\u00f3ticamente encadenado a una dimensi\u00f3n ambiguamente disuelta, sin llegar a ser transparente.<\/p>\n<p>La fotograf\u00cca de Edi Hirose hace un registro que contiene las cosas, sin que estas se presenten contenidas. Contener es detener un flujo procurando describir los bordes de un espacio en el proceso. Es encausar lo real de un proceso y retenerlo, sin pretender controlarlo.<\/p>\n<p>Las im\u00e1genes de Hirose est\u00b7n claramente desprovistas de contenido. No proveen una narrativa ni se\u00f1alan condiciones de lectura para extraerla. Su vocaci\u00f3n es el despojamiento, el desechamiento de toda explicaci\u00f3n, el desaprovechamiento consciente de la oportunidad de fugar por el camino de la enso\u00f1aci\u00f3n y dar la espalda a niveles y texturas primarias del espacio habitable por definici\u00f3n: un interior. Porque en esta serie su ojo explora -sin estar contenido- un interior que est\u00b7 en desuso y que no abre m\u00e1s sus puertas al exterior. Un compartimento estanco m\u00b7s no herm\u00c8tico, hecho de superficies que llevan las marcas extra\u00d2as de usos no declarados y que por tanto se sustraen a la comprensi\u00f3n de tiempo y lugar, de la historia que facilite la lectura.<\/p>\n<p>Hirose registra sin buscar razones. Encuadra cada marca, sin embargo, en un intento de entender y dar a entender los elementos como soporte sobre el cual poder construir las primeras letras de un alfabeto para legos. Su auscultaci\u00f3n visual de una realidad material podr\u00cca ser la prueba de que lo real no est\u00b7 nunca oculto ni es esquivo. Es desde lo real del habit\u00b7culo que \u00c8l se permite atisbar en dos ocasiones la existencia de lo real del exterior, inabarcable, casi inasible. Desde el interior como mirador-observatorio, la ciudad se erige tenuemente como una continuaci\u00dbn que desborda los l\u00ccmites del encuadre.<\/p>\n<p>Jorge Villacorta Chavez, junio 2008.<\/p>","protected":false},"excerpt":{"rendered":"<p><strong>Eduardo Hirose<\/strong> <small>(Per\u00fa, 1975)<\/small><br \/>\n2008<br \/>\n12 fotograf\u00edas<br \/>\nImpresi\u00f3n digital sobre papel de algod\u00f3n con tintas al carb\u00f3n.<br \/>\n100 x 100 cm.<br \/>\nedici\u00f3n de 3 + ap<\/p>\n<p><small><a href=\"http:\/\/edihirose.wix.com\/foto\" rel=\"external\">(Cortes\u00eda del artista)<\/a><\/small><\/p>\n","protected":false},"author":2,"featured_media":14167,"parent":13484,"menu_order":123,"comment_status":"open","ping_status":"open","template":"image.php","meta":{"footnotes":""},"class_list":["post-13843","page","type-page","status-publish","has-post-thumbnail","hentry"],"_links":{"self":[{"href":"https:\/\/li-mac.org\/es\/wp-json\/wp\/v2\/pages\/13843","targetHints":{"allow":["GET"]}}],"collection":[{"href":"https:\/\/li-mac.org\/es\/wp-json\/wp\/v2\/pages"}],"about":[{"href":"https:\/\/li-mac.org\/es\/wp-json\/wp\/v2\/types\/page"}],"author":[{"embeddable":true,"href":"https:\/\/li-mac.org\/es\/wp-json\/wp\/v2\/users\/2"}],"replies":[{"embeddable":true,"href":"https:\/\/li-mac.org\/es\/wp-json\/wp\/v2\/comments?post=13843"}],"version-history":[{"count":6,"href":"https:\/\/li-mac.org\/es\/wp-json\/wp\/v2\/pages\/13843\/revisions"}],"predecessor-version":[{"id":14196,"href":"https:\/\/li-mac.org\/es\/wp-json\/wp\/v2\/pages\/13843\/revisions\/14196"}],"up":[{"embeddable":true,"href":"https:\/\/li-mac.org\/es\/wp-json\/wp\/v2\/pages\/13484"}],"wp:featuredmedia":[{"embeddable":true,"href":"https:\/\/li-mac.org\/es\/wp-json\/wp\/v2\/media\/14167"}],"wp:attachment":[{"href":"https:\/\/li-mac.org\/es\/wp-json\/wp\/v2\/media?parent=13843"}],"curies":[{"name":"wp","href":"https:\/\/api.w.org\/{rel}","templated":true}]}}