{"id":13849,"date":"2012-09-13T19:41:31","date_gmt":"2012-09-13T19:41:31","guid":{"rendered":"http:\/\/li-mac.org\/?page_id=13849"},"modified":"2013-12-27T22:01:28","modified_gmt":"2013-12-27T22:01:28","slug":"intervention-mali","status":"publish","type":"page","link":"https:\/\/li-mac.org\/es\/collection\/limac-collection\/edi-hirose\/works\/intervention-mali\/","title":{"rendered":"Intervenci\u00f3n &#8211; MALI"},"content":{"rendered":"<p>Las fotograf\u00edas que conforman la serie \u00abIntervenci\u00f3n MALI\u00bb muestran un registro en el Museo de Arte de Lima durante su etapa de renovaci\u00f3n.<\/p>\n<p>La mirada del fot\u00f3grafo hacia el espacio y las obras, no dista mucho de la manera como lo hace tambi\u00e9n en su labor por encargo como fot\u00f3grafo de obras de arte, con cierta objetividad y sin manipulaci\u00f3n. Aparentemente, aqu\u00ed no \u00abdes-cubre\u00bb nada.<\/p>\n<p>La acumulaci\u00f3n de obras dentro del museo y la manera en que son mostrados (u ocultados) nos dejan con la sospecha de estar viendo la intervenci\u00f3n o instalaci\u00f3n de alg\u00fan artista. Cada elemento fotografiado parece haber sido dispuesto con la intenci\u00f3n de resignificarlo, o construido por una simple composici\u00f3n, como si de un bodeg\u00f3n se tratara.<\/p>\n<p>El t\u00edtulo del proyecto deja en complicidad esta ambig\u00fcedad. La intervenci\u00f3n o alteraci\u00f3n del espacio fue hecha por alguien, intencional o casual, tambi\u00e9n de quien la registra.<\/p>","protected":false},"excerpt":{"rendered":"<p><strong>Eduardo Hirose<\/strong> <small>(Per\u00fa, 1975)<\/small><br \/>\n2010<br \/>\n21 fotograf\u00edas (7 B\/N y 14 color)<br \/>\nimpresi\u00f3n en papel de algod\u00f3n.<br \/>\n110 x 137 cm.<br \/>\nedici\u00f3n de 5 + 2 ap.<\/p>\n<p><small><a href=\"http:\/\/edihirose.wix.com\/foto\" rel=\"external\">(Cortes\u00eda del artista)<\/a><\/small><\/p>\n","protected":false},"author":2,"featured_media":14170,"parent":13484,"menu_order":124,"comment_status":"open","ping_status":"open","template":"image.php","meta":{"footnotes":""},"class_list":["post-13849","page","type-page","status-publish","has-post-thumbnail","hentry"],"_links":{"self":[{"href":"https:\/\/li-mac.org\/es\/wp-json\/wp\/v2\/pages\/13849","targetHints":{"allow":["GET"]}}],"collection":[{"href":"https:\/\/li-mac.org\/es\/wp-json\/wp\/v2\/pages"}],"about":[{"href":"https:\/\/li-mac.org\/es\/wp-json\/wp\/v2\/types\/page"}],"author":[{"embeddable":true,"href":"https:\/\/li-mac.org\/es\/wp-json\/wp\/v2\/users\/2"}],"replies":[{"embeddable":true,"href":"https:\/\/li-mac.org\/es\/wp-json\/wp\/v2\/comments?post=13849"}],"version-history":[{"count":5,"href":"https:\/\/li-mac.org\/es\/wp-json\/wp\/v2\/pages\/13849\/revisions"}],"predecessor-version":[{"id":19193,"href":"https:\/\/li-mac.org\/es\/wp-json\/wp\/v2\/pages\/13849\/revisions\/19193"}],"up":[{"embeddable":true,"href":"https:\/\/li-mac.org\/es\/wp-json\/wp\/v2\/pages\/13484"}],"wp:featuredmedia":[{"embeddable":true,"href":"https:\/\/li-mac.org\/es\/wp-json\/wp\/v2\/media\/14170"}],"wp:attachment":[{"href":"https:\/\/li-mac.org\/es\/wp-json\/wp\/v2\/media?parent=13849"}],"curies":[{"name":"wp","href":"https:\/\/api.w.org\/{rel}","templated":true}]}}