{"id":13906,"date":"2012-09-14T16:28:58","date_gmt":"2012-09-14T16:28:58","guid":{"rendered":"http:\/\/li-mac.org\/?page_id=13906"},"modified":"2012-09-19T21:23:40","modified_gmt":"2012-09-19T21:23:40","slug":"new-hope","status":"publish","type":"page","link":"https:\/\/li-mac.org\/es\/collection\/limac-collection\/edi-hirose\/works\/new-hope\/","title":{"rendered":"Nueva esperanza"},"content":{"rendered":"<p>Desde el 2005 empec\u00e9 a visitar de manera no regular el cementerio Virgen de Lourdes, m\u00e1s conocido como Nueva Esperanza, en las fechas cercanas al \u00abD\u00eda de los Muertos\u00bb (1 de noviembre)<\/p>\n<p>Es considerado el cementerio m\u00e1s grande del pa\u00eds y est\u00e1 ubicado en la periferia Lime\u00f1a, lugar donde se asienta la mayor migraci\u00f3n de todo el pa\u00eds.<\/p>\n<p>El terreno mide 60 hect\u00e1reas y se calculan alrededor de\u00a0120 mil tumbas.<\/p>","protected":false},"excerpt":{"rendered":"<p><strong>Eduardo Hirose<\/strong> <small>(Per\u00fa, 1975)<\/small><br \/>\n2011 &#8211; en curso<br \/>\nimpresi\u00f3n en papel de algod\u00f3n<br \/>\ntama\u00f1os variables<\/p>\n<p><small><a href=\"http:\/\/edihirose.wix.com\/foto\" rel=\"external\">(Cortes\u00eda del artista)<\/a><\/small><\/p>\n","protected":false},"author":2,"featured_media":14183,"parent":13484,"menu_order":138,"comment_status":"open","ping_status":"open","template":"image.php","meta":{"footnotes":""},"class_list":["post-13906","page","type-page","status-publish","has-post-thumbnail","hentry"],"_links":{"self":[{"href":"https:\/\/li-mac.org\/es\/wp-json\/wp\/v2\/pages\/13906","targetHints":{"allow":["GET"]}}],"collection":[{"href":"https:\/\/li-mac.org\/es\/wp-json\/wp\/v2\/pages"}],"about":[{"href":"https:\/\/li-mac.org\/es\/wp-json\/wp\/v2\/types\/page"}],"author":[{"embeddable":true,"href":"https:\/\/li-mac.org\/es\/wp-json\/wp\/v2\/users\/2"}],"replies":[{"embeddable":true,"href":"https:\/\/li-mac.org\/es\/wp-json\/wp\/v2\/comments?post=13906"}],"version-history":[{"count":8,"href":"https:\/\/li-mac.org\/es\/wp-json\/wp\/v2\/pages\/13906\/revisions"}],"predecessor-version":[{"id":14199,"href":"https:\/\/li-mac.org\/es\/wp-json\/wp\/v2\/pages\/13906\/revisions\/14199"}],"up":[{"embeddable":true,"href":"https:\/\/li-mac.org\/es\/wp-json\/wp\/v2\/pages\/13484"}],"wp:featuredmedia":[{"embeddable":true,"href":"https:\/\/li-mac.org\/es\/wp-json\/wp\/v2\/media\/14183"}],"wp:attachment":[{"href":"https:\/\/li-mac.org\/es\/wp-json\/wp\/v2\/media?parent=13906"}],"curies":[{"name":"wp","href":"https:\/\/api.w.org\/{rel}","templated":true}]}}