{"id":13913,"date":"2012-09-17T11:24:24","date_gmt":"2012-09-17T11:24:24","guid":{"rendered":"http:\/\/li-mac.org\/?page_id=13913"},"modified":"2012-09-27T10:20:09","modified_gmt":"2012-09-27T10:20:09","slug":"obstruction-of-a-freeway-with-a-trucks-trailer","status":"publish","type":"page","link":"https:\/\/li-mac.org\/es\/collection\/limac-collection\/santiago-sierra\/works\/obstruction-of-a-freeway-with-a-trucks-trailer\/","title":{"rendered":"Obstrucci\u00f3n de una v\u00eda con un contenedor de carga"},"content":{"rendered":"<p>Se consigui\u00f3 permiso de una empresa para que prestara un trailer, sin ocultarle los fines para los que ser\u00eda empleado. El conductor tampoco tuvo inconveniente cuando se le propuso cortar los carriles laterales del Perif\u00e9rico por cinco minutos. Esta pieza consisti\u00f3 en la instalaci\u00f3n de un prisma blanco en perpendicular a la v\u00eda y su resultado fue una congesti\u00f3n de tr\u00e1fico.<\/p>","protected":false},"excerpt":{"rendered":"<p><strong>Santiago Sierra<\/strong> <small>(Espa\u00f1a, 1966)<\/small><br \/>\n1998<br \/>\n<small>Anillo perif\u00e9rico sur, Mexico D.F<\/small><\/p>\n<p><small><a href=\"http:\/\/www.santiago-sierra.com\/\" rel=\"external\">(Cortes\u00eda del artista)<\/a><\/small><\/p>\n","protected":false},"author":2,"featured_media":13914,"parent":13474,"menu_order":144,"comment_status":"open","ping_status":"open","template":"image.php","meta":{"footnotes":""},"class_list":["post-13913","page","type-page","status-publish","has-post-thumbnail","hentry"],"_links":{"self":[{"href":"https:\/\/li-mac.org\/es\/wp-json\/wp\/v2\/pages\/13913","targetHints":{"allow":["GET"]}}],"collection":[{"href":"https:\/\/li-mac.org\/es\/wp-json\/wp\/v2\/pages"}],"about":[{"href":"https:\/\/li-mac.org\/es\/wp-json\/wp\/v2\/types\/page"}],"author":[{"embeddable":true,"href":"https:\/\/li-mac.org\/es\/wp-json\/wp\/v2\/users\/2"}],"replies":[{"embeddable":true,"href":"https:\/\/li-mac.org\/es\/wp-json\/wp\/v2\/comments?post=13913"}],"version-history":[{"count":6,"href":"https:\/\/li-mac.org\/es\/wp-json\/wp\/v2\/pages\/13913\/revisions"}],"predecessor-version":[{"id":14499,"href":"https:\/\/li-mac.org\/es\/wp-json\/wp\/v2\/pages\/13913\/revisions\/14499"}],"up":[{"embeddable":true,"href":"https:\/\/li-mac.org\/es\/wp-json\/wp\/v2\/pages\/13474"}],"wp:featuredmedia":[{"embeddable":true,"href":"https:\/\/li-mac.org\/es\/wp-json\/wp\/v2\/media\/13914"}],"wp:attachment":[{"href":"https:\/\/li-mac.org\/es\/wp-json\/wp\/v2\/media?parent=13913"}],"curies":[{"name":"wp","href":"https:\/\/api.w.org\/{rel}","templated":true}]}}