{"id":13936,"date":"2012-09-17T13:51:10","date_gmt":"2012-09-17T13:51:10","guid":{"rendered":"http:\/\/li-mac.org\/?page_id=13936"},"modified":"2013-12-27T21:18:32","modified_gmt":"2013-12-27T21:18:32","slug":"68-people-paid-to-block-a-museum-entrance","status":"publish","type":"page","link":"https:\/\/li-mac.org\/es\/collection\/limac-collection\/santiago-sierra\/works\/68-people-paid-to-block-a-museum-entrance\/","title":{"rendered":"68 Personas remuneradas para permanecer bloqueando el acceso a un museo"},"content":{"rendered":"<p>Durante la inauguraci\u00f3n del Festival Internacional de Arte Contempor\u00e1neo de Pusan, PICAF por sus siglas en ingl\u00e9s, 68 personas contratadas se sentaron ordenadamente frente a la puerta de acceso principal del evento. Estas personas permanecieron tres horas continuas en sus posiciones, sin apenas movimiento. A todas ellas se les pag\u00f3 3.000 wons por hora, el equivalente a 3 $, lo que representa el doble del salario m\u00ednimo coreano, situado en 1.500 wons. Este m\u00ednimo suele ser incumplido, d\u00e1ndose la circunstancia de que los trabajadores del museo donde se realizaba la acci\u00f3n cobraban 12 $ al d\u00eda por jornadas muchas veces superiores a las diez horas. Cinco de los trabajadores contratados portaban carteles en ingl\u00e9s y coreano con la leyenda: \u00abMe pagan 3.000 wons a la hora para realizar este trabajo\u00bb. Este texto resultaba claramente visible para el p\u00fablico y autoridades asistentes al evento inaugural.<\/p>","protected":false},"excerpt":{"rendered":"<p><strong>Santiago Sierra<\/strong> <small>(Espa\u00f1a, 1966)<\/small><br \/>\n2000<br \/>\n<small>Museo contemporaneo de Pusan, Corea<\/small><\/p>\n<p><small><a href=\"http:\/\/www.santiago-sierra.com\/\" rel=\"external\">(Cortes\u00eda del artista)<\/a><\/small><\/p>\n","protected":false},"author":2,"featured_media":13933,"parent":13474,"menu_order":146,"comment_status":"open","ping_status":"open","template":"image.php","meta":{"footnotes":""},"class_list":["post-13936","page","type-page","status-publish","has-post-thumbnail","hentry"],"_links":{"self":[{"href":"https:\/\/li-mac.org\/es\/wp-json\/wp\/v2\/pages\/13936","targetHints":{"allow":["GET"]}}],"collection":[{"href":"https:\/\/li-mac.org\/es\/wp-json\/wp\/v2\/pages"}],"about":[{"href":"https:\/\/li-mac.org\/es\/wp-json\/wp\/v2\/types\/page"}],"author":[{"embeddable":true,"href":"https:\/\/li-mac.org\/es\/wp-json\/wp\/v2\/users\/2"}],"replies":[{"embeddable":true,"href":"https:\/\/li-mac.org\/es\/wp-json\/wp\/v2\/comments?post=13936"}],"version-history":[{"count":4,"href":"https:\/\/li-mac.org\/es\/wp-json\/wp\/v2\/pages\/13936\/revisions"}],"predecessor-version":[{"id":19169,"href":"https:\/\/li-mac.org\/es\/wp-json\/wp\/v2\/pages\/13936\/revisions\/19169"}],"up":[{"embeddable":true,"href":"https:\/\/li-mac.org\/es\/wp-json\/wp\/v2\/pages\/13474"}],"wp:featuredmedia":[{"embeddable":true,"href":"https:\/\/li-mac.org\/es\/wp-json\/wp\/v2\/media\/13933"}],"wp:attachment":[{"href":"https:\/\/li-mac.org\/es\/wp-json\/wp\/v2\/media?parent=13936"}],"curies":[{"name":"wp","href":"https:\/\/api.w.org\/{rel}","templated":true}]}}