{"id":13941,"date":"2012-09-17T14:02:43","date_gmt":"2012-09-17T14:02:43","guid":{"rendered":"http:\/\/li-mac.org\/?page_id=13941"},"modified":"2013-12-27T21:16:11","modified_gmt":"2013-12-27T21:16:11","slug":"430-people-paid-30-soles-per-hour","status":"publish","type":"page","link":"https:\/\/li-mac.org\/es\/collection\/limac-collection\/santiago-sierra\/works\/430-people-paid-30-soles-per-hour\/","title":{"rendered":"430 Personas remuneradas con 30 soles la hora"},"content":{"rendered":"<p>Esta es una versi\u00f3n de la pieza realizada en el Museo Rufino Tamayo de la ciudad de M\u00e9xico en 1999. En esta ocasi\u00f3n la Galer\u00eda Pancho Fierro, dependiente de la municipalidad de Lima, se llen\u00f3 de mujeres dejando un pasillo de un metro para el paso de espectadores, adem\u00e1s y a diferencia del trabajo mexicano, las personas miraban directamente al p\u00fablico. Se pagaron aproximadamente 8 $, 30 nuevos soles peruanos, por cuatro horas de trabajo. Se hizo la obra con mujeres del Programa Vaso de Leche, una asociaci\u00f3n de mujeres creada por la municipalidad de Lima para canalizar el reparto de alimentos b\u00e1sicos entre las capas m\u00e1s desfavorecidas de Lima. Como contrapartida estas mujeres llenan los actos p\u00fablicos seg\u00fan se precise.<\/p>","protected":false},"excerpt":{"rendered":"<p><strong>Santiago Sierra<\/strong> <small>(Espa\u00f1a, 1966)<\/small><br \/>\n2001<\/p>\n<p><small>Galer\u00eda Pancho Fierro, Lima, Per\u00fa<\/small><\/p>\n<p><small><a href=\"http:\/\/www.santiago-sierra.com\/\" rel=\"external\">(Cortes\u00eda del artista)<\/a><\/small><\/p>\n","protected":false},"author":2,"featured_media":13938,"parent":13474,"menu_order":149,"comment_status":"open","ping_status":"open","template":"image.php","meta":{"footnotes":""},"class_list":["post-13941","page","type-page","status-publish","has-post-thumbnail","hentry"],"_links":{"self":[{"href":"https:\/\/li-mac.org\/es\/wp-json\/wp\/v2\/pages\/13941","targetHints":{"allow":["GET"]}}],"collection":[{"href":"https:\/\/li-mac.org\/es\/wp-json\/wp\/v2\/pages"}],"about":[{"href":"https:\/\/li-mac.org\/es\/wp-json\/wp\/v2\/types\/page"}],"author":[{"embeddable":true,"href":"https:\/\/li-mac.org\/es\/wp-json\/wp\/v2\/users\/2"}],"replies":[{"embeddable":true,"href":"https:\/\/li-mac.org\/es\/wp-json\/wp\/v2\/comments?post=13941"}],"version-history":[{"count":5,"href":"https:\/\/li-mac.org\/es\/wp-json\/wp\/v2\/pages\/13941\/revisions"}],"predecessor-version":[{"id":19165,"href":"https:\/\/li-mac.org\/es\/wp-json\/wp\/v2\/pages\/13941\/revisions\/19165"}],"up":[{"embeddable":true,"href":"https:\/\/li-mac.org\/es\/wp-json\/wp\/v2\/pages\/13474"}],"wp:featuredmedia":[{"embeddable":true,"href":"https:\/\/li-mac.org\/es\/wp-json\/wp\/v2\/media\/13938"}],"wp:attachment":[{"href":"https:\/\/li-mac.org\/es\/wp-json\/wp\/v2\/media?parent=13941"}],"curies":[{"name":"wp","href":"https:\/\/api.w.org\/{rel}","templated":true}]}}