{"id":13944,"date":"2012-09-17T14:17:26","date_gmt":"2012-09-17T14:17:26","guid":{"rendered":"http:\/\/li-mac.org\/?page_id=13944"},"modified":"2013-12-27T21:17:44","modified_gmt":"2013-12-27T21:17:44","slug":"133-persons-paid-to-have-their-hair-dyed-blond","status":"publish","type":"page","link":"https:\/\/li-mac.org\/es\/collection\/limac-collection\/santiago-sierra\/works\/133-persons-paid-to-have-their-hair-dyed-blond\/","title":{"rendered":"133 personas remuneradas para te\u00f1ir su pelo de rubio"},"content":{"rendered":"<p>En la ciudad de Venecia trabajan como vendedores ambulantes ilegales una gran cantidad de inmigrantes de or\u00edgenes dispares. Senegaleses, bengal\u00edes, chinos e incluso italianos del sur. Se les requiri\u00f3 para que consintiesen en ser te\u00f1idos de rubio por 120.000 liras, unos 60 $, siendo la \u00fanica condici\u00f3n tener el cabello oscuro. La operaci\u00f3n se realiz\u00f3 en masa en una sala cerrada del Arsenal, durante la inauguraci\u00f3n de la Bienal de Venecia de ese a\u00f1o. A pesar de que se preve\u00eda te\u00f1ir a 200 personas, solo lo fueron 133 debido a que la llegada de inmigrantes se produjo en forma escalonada, sin que se pudiese establecer con precisi\u00f3n cu\u00e1ntas personas se encontraban ya dentro de la sala. Se decidi\u00f3 entonces cortar el ingreso calculando a ojo. Esto caus\u00f3 numerosos problemas en la puerta por el incesante flujo de personas que a\u00fan pretend\u00edan entrar.<\/p>","protected":false},"excerpt":{"rendered":"<p><strong>Santiago Sierra<\/strong> <small>(Espa\u00f1a, 1966)<\/small><br \/>\n2001<br \/>\n<small>Arsenal, Venecia, Italia<\/small><\/p>\n<p><small><a href=\"http:\/\/www.santiago-sierra.com\/\" rel=\"external\">(Cortes\u00eda del artista)<\/a><\/small><\/p>\n","protected":false},"author":2,"featured_media":13948,"parent":13474,"menu_order":150,"comment_status":"open","ping_status":"open","template":"image.php","meta":{"footnotes":""},"class_list":["post-13944","page","type-page","status-publish","has-post-thumbnail","hentry"],"_links":{"self":[{"href":"https:\/\/li-mac.org\/es\/wp-json\/wp\/v2\/pages\/13944","targetHints":{"allow":["GET"]}}],"collection":[{"href":"https:\/\/li-mac.org\/es\/wp-json\/wp\/v2\/pages"}],"about":[{"href":"https:\/\/li-mac.org\/es\/wp-json\/wp\/v2\/types\/page"}],"author":[{"embeddable":true,"href":"https:\/\/li-mac.org\/es\/wp-json\/wp\/v2\/users\/2"}],"replies":[{"embeddable":true,"href":"https:\/\/li-mac.org\/es\/wp-json\/wp\/v2\/comments?post=13944"}],"version-history":[{"count":5,"href":"https:\/\/li-mac.org\/es\/wp-json\/wp\/v2\/pages\/13944\/revisions"}],"predecessor-version":[{"id":19168,"href":"https:\/\/li-mac.org\/es\/wp-json\/wp\/v2\/pages\/13944\/revisions\/19168"}],"up":[{"embeddable":true,"href":"https:\/\/li-mac.org\/es\/wp-json\/wp\/v2\/pages\/13474"}],"wp:featuredmedia":[{"embeddable":true,"href":"https:\/\/li-mac.org\/es\/wp-json\/wp\/v2\/media\/13948"}],"wp:attachment":[{"href":"https:\/\/li-mac.org\/es\/wp-json\/wp\/v2\/media?parent=13944"}],"curies":[{"name":"wp","href":"https:\/\/api.w.org\/{rel}","templated":true}]}}