{"id":13950,"date":"2012-09-18T14:25:43","date_gmt":"2012-09-18T14:25:43","guid":{"rendered":"http:\/\/li-mac.org\/?page_id=13950"},"modified":"2012-09-27T10:30:42","modified_gmt":"2012-09-27T10:30:42","slug":"covered-word","status":"publish","type":"page","link":"https:\/\/li-mac.org\/es\/collection\/limac-collection\/santiago-sierra\/works\/covered-word\/","title":{"rendered":"Palabra tapada"},"content":{"rendered":"<p>Empleando pl\u00e1stico negro y cinta americana de embalar, se tap\u00f3 la palabra Espa\u00f1a que existe como relieve a la entrada del pabell\u00f3n.<\/p>","protected":false},"excerpt":{"rendered":"<p><strong>Santiago Sierra<\/strong> <small>(Espa\u00f1a, 1966)<\/small><br \/>\n2003<br \/>\n<small>Pabell\u00f3n Espa\u00f1ol, Bienal de Venecia, Italia<\/small><\/p>\n<p><small><a href=\"http:\/\/www.santiago-sierra.com\/\" rel=\"external\">(Cortes\u00eda del artista)<\/a><\/small><\/p>\n","protected":false},"author":2,"featured_media":13952,"parent":13474,"menu_order":153,"comment_status":"open","ping_status":"open","template":"image.php","meta":{"footnotes":""},"class_list":["post-13950","page","type-page","status-publish","has-post-thumbnail","hentry"],"_links":{"self":[{"href":"https:\/\/li-mac.org\/es\/wp-json\/wp\/v2\/pages\/13950","targetHints":{"allow":["GET"]}}],"collection":[{"href":"https:\/\/li-mac.org\/es\/wp-json\/wp\/v2\/pages"}],"about":[{"href":"https:\/\/li-mac.org\/es\/wp-json\/wp\/v2\/types\/page"}],"author":[{"embeddable":true,"href":"https:\/\/li-mac.org\/es\/wp-json\/wp\/v2\/users\/2"}],"replies":[{"embeddable":true,"href":"https:\/\/li-mac.org\/es\/wp-json\/wp\/v2\/comments?post=13950"}],"version-history":[{"count":3,"href":"https:\/\/li-mac.org\/es\/wp-json\/wp\/v2\/pages\/13950\/revisions"}],"predecessor-version":[{"id":14511,"href":"https:\/\/li-mac.org\/es\/wp-json\/wp\/v2\/pages\/13950\/revisions\/14511"}],"up":[{"embeddable":true,"href":"https:\/\/li-mac.org\/es\/wp-json\/wp\/v2\/pages\/13474"}],"wp:featuredmedia":[{"embeddable":true,"href":"https:\/\/li-mac.org\/es\/wp-json\/wp\/v2\/media\/13952"}],"wp:attachment":[{"href":"https:\/\/li-mac.org\/es\/wp-json\/wp\/v2\/media?parent=13950"}],"curies":[{"name":"wp","href":"https:\/\/api.w.org\/{rel}","templated":true}]}}