{"id":13958,"date":"2012-09-18T14:35:13","date_gmt":"2012-09-18T14:35:13","guid":{"rendered":"http:\/\/li-mac.org\/?page_id=13958"},"modified":"2012-09-27T10:40:31","modified_gmt":"2012-09-27T10:40:31","slug":"300-tons","status":"publish","type":"page","link":"https:\/\/li-mac.org\/es\/collection\/limac-collection\/santiago-sierra\/works\/300-tons\/","title":{"rendered":"300 Toneladas"},"content":{"rendered":"<p>292 toneladas de concreto fueron colocadas en la planta superior de la Kunsthause Bregenz y su peso distribu\u00eddo en columnas temporales por todo el edificio. Siendo el peso m\u00e1ximo admisible en el edificio sin llegar a su derrumbe de 300 toneladas, el n\u00famero de visitantes admitidos al espacio s\u00f3lo fue de 100, lo que representaba un peso adicional de ocho toneladas.<\/p>","protected":false},"excerpt":{"rendered":"<p><strong>Santiago Sierra<\/strong> <small>(Espa\u00f1a, 1966)<\/small><br \/>\n2004<br \/>\n<small>Kunsthaus Bregenz, Austria<\/small><\/p>\n<p><small><a href=\"http:\/\/www.santiago-sierra.com\/\" rel=\"external\">(Cortes\u00eda del artista)<\/a><\/small><\/p>\n","protected":false},"author":2,"featured_media":13959,"parent":13474,"menu_order":154,"comment_status":"open","ping_status":"open","template":"image.php","meta":{"footnotes":""},"class_list":["post-13958","page","type-page","status-publish","has-post-thumbnail","hentry"],"_links":{"self":[{"href":"https:\/\/li-mac.org\/es\/wp-json\/wp\/v2\/pages\/13958","targetHints":{"allow":["GET"]}}],"collection":[{"href":"https:\/\/li-mac.org\/es\/wp-json\/wp\/v2\/pages"}],"about":[{"href":"https:\/\/li-mac.org\/es\/wp-json\/wp\/v2\/types\/page"}],"author":[{"embeddable":true,"href":"https:\/\/li-mac.org\/es\/wp-json\/wp\/v2\/users\/2"}],"replies":[{"embeddable":true,"href":"https:\/\/li-mac.org\/es\/wp-json\/wp\/v2\/comments?post=13958"}],"version-history":[{"count":3,"href":"https:\/\/li-mac.org\/es\/wp-json\/wp\/v2\/pages\/13958\/revisions"}],"predecessor-version":[{"id":14513,"href":"https:\/\/li-mac.org\/es\/wp-json\/wp\/v2\/pages\/13958\/revisions\/14513"}],"up":[{"embeddable":true,"href":"https:\/\/li-mac.org\/es\/wp-json\/wp\/v2\/pages\/13474"}],"wp:featuredmedia":[{"embeddable":true,"href":"https:\/\/li-mac.org\/es\/wp-json\/wp\/v2\/media\/13959"}],"wp:attachment":[{"href":"https:\/\/li-mac.org\/es\/wp-json\/wp\/v2\/media?parent=13958"}],"curies":[{"name":"wp","href":"https:\/\/api.w.org\/{rel}","templated":true}]}}