{"id":13966,"date":"2012-09-18T14:48:00","date_gmt":"2012-09-18T14:48:00","guid":{"rendered":"http:\/\/li-mac.org\/?page_id=13966"},"modified":"2013-12-27T21:17:31","modified_gmt":"2013-12-27T21:17:31","slug":"184-peruvian-workers","status":"publish","type":"page","link":"https:\/\/li-mac.org\/es\/collection\/limac-collection\/santiago-sierra\/works\/184-peruvian-workers\/","title":{"rendered":"184 Trabajadores peruanos"},"content":{"rendered":"<p>Se contrataron por 7,000 pesos chilenos, unos 15 d\u00f3lares, y una colaci\u00f3n para esta serie fotogr\u00e1fica y para una acci\u00f3n que tuvo lugar en el mismo espacio.<\/p>","protected":false},"excerpt":{"rendered":"<p><strong>Santiago Sierra<\/strong> <small>(Espa\u00f1a, 1966)<\/small><br \/>\n2007<br \/>\n<small>Mutacana 100, Santiago de Chile<\/small><\/p>\n<p><small><a href=\"http:\/\/www.santiago-sierra.com\/\" rel=\"external\">(Cortes\u00eda del artista)<\/a><\/small><\/p>\n","protected":false},"author":2,"featured_media":13967,"parent":13474,"menu_order":159,"comment_status":"open","ping_status":"open","template":"image.php","meta":{"footnotes":""},"class_list":["post-13966","page","type-page","status-publish","has-post-thumbnail","hentry"],"_links":{"self":[{"href":"https:\/\/li-mac.org\/es\/wp-json\/wp\/v2\/pages\/13966","targetHints":{"allow":["GET"]}}],"collection":[{"href":"https:\/\/li-mac.org\/es\/wp-json\/wp\/v2\/pages"}],"about":[{"href":"https:\/\/li-mac.org\/es\/wp-json\/wp\/v2\/types\/page"}],"author":[{"embeddable":true,"href":"https:\/\/li-mac.org\/es\/wp-json\/wp\/v2\/users\/2"}],"replies":[{"embeddable":true,"href":"https:\/\/li-mac.org\/es\/wp-json\/wp\/v2\/comments?post=13966"}],"version-history":[{"count":4,"href":"https:\/\/li-mac.org\/es\/wp-json\/wp\/v2\/pages\/13966\/revisions"}],"predecessor-version":[{"id":19167,"href":"https:\/\/li-mac.org\/es\/wp-json\/wp\/v2\/pages\/13966\/revisions\/19167"}],"up":[{"embeddable":true,"href":"https:\/\/li-mac.org\/es\/wp-json\/wp\/v2\/pages\/13474"}],"wp:featuredmedia":[{"embeddable":true,"href":"https:\/\/li-mac.org\/es\/wp-json\/wp\/v2\/media\/13967"}],"wp:attachment":[{"href":"https:\/\/li-mac.org\/es\/wp-json\/wp\/v2\/media?parent=13966"}],"curies":[{"name":"wp","href":"https:\/\/api.w.org\/{rel}","templated":true}]}}