{"id":13986,"date":"2012-09-18T15:10:53","date_gmt":"2012-09-18T15:10:53","guid":{"rendered":"http:\/\/li-mac.org\/?page_id=13986"},"modified":"2012-09-27T10:45:42","modified_gmt":"2012-09-27T10:45:42","slug":"21-anthropometric-modules-made-from-human-faeces-by-the-people-of-sulabh-international-india","status":"publish","type":"page","link":"https:\/\/li-mac.org\/es\/collection\/limac-collection\/santiago-sierra\/works\/21-anthropometric-modules-made-from-human-faeces-by-the-people-of-sulabh-international-india\/","title":{"rendered":"21 M\u00f3dulos anthropom\u00e9tricos de materia fecal humana construidos por la gente de Sulabh internacional, India"},"content":{"rendered":"<p>\u00abGracias al Dr. Bindeshwar Pathak y a toda la gente de Sulabh Internacional of India, www.sulabhinternational.org, quienes trabajaron sin aceptar cobrar, patrocinando as\u00ed esta obra; se construyeron 21 m\u00f3dulos de material fecal humana de 215 cent\u00edmetros por 75 por 20 de profundidad. La materia fecal fue recolectada de Nueva Delhi y Jaipur habiendo reposado tres a\u00f1os desde su deposici\u00f3n lo que a efectos sanitarios la hace equiparable a la tierra . Fue luego mezclada con fevicol, un aglutinante pl\u00e1stico, y secada en moldes de madera.<br \/>\nLos trabajadores del movimiento sanitario Sulabh Internacional of India son mayoritariamente scavengers quienes deben afrontar por nacimiento la penosa tarea, tanto ps\u00edquica como f\u00edsica de acarrear materia fecal humana, cargando las culpas de una vida previa de maldad. El resultado de todo ello, menos uno de los m\u00f3dulos que es propiedad de Sulabh Internacional of India, es presentado por primera vez en la Galer\u00eda Lisson de Londres, Reino Unido, del 30 de noviembre de 2007 al 19 de enero de 2008. \u00ab<\/p>","protected":false},"excerpt":{"rendered":"<p><strong>Santiago Sierra<\/strong> <small>(Espa\u00f1a, 1966)<\/small><br \/>\n2007<br \/>\n<small>Nueva Delhi, Jaipur, India \/ Londres, Reino Unido<\/small><\/p>\n<p><small><a href=\"http:\/\/www.santiago-sierra.com\/\" rel=\"external\">(Cortes\u00eda del artista)<\/a><\/small><\/p>\n","protected":false},"author":2,"featured_media":13973,"parent":13474,"menu_order":163,"comment_status":"open","ping_status":"open","template":"image.php","meta":{"footnotes":""},"class_list":["post-13986","page","type-page","status-publish","has-post-thumbnail","hentry"],"_links":{"self":[{"href":"https:\/\/li-mac.org\/es\/wp-json\/wp\/v2\/pages\/13986","targetHints":{"allow":["GET"]}}],"collection":[{"href":"https:\/\/li-mac.org\/es\/wp-json\/wp\/v2\/pages"}],"about":[{"href":"https:\/\/li-mac.org\/es\/wp-json\/wp\/v2\/types\/page"}],"author":[{"embeddable":true,"href":"https:\/\/li-mac.org\/es\/wp-json\/wp\/v2\/users\/2"}],"replies":[{"embeddable":true,"href":"https:\/\/li-mac.org\/es\/wp-json\/wp\/v2\/comments?post=13986"}],"version-history":[{"count":3,"href":"https:\/\/li-mac.org\/es\/wp-json\/wp\/v2\/pages\/13986\/revisions"}],"predecessor-version":[{"id":14517,"href":"https:\/\/li-mac.org\/es\/wp-json\/wp\/v2\/pages\/13986\/revisions\/14517"}],"up":[{"embeddable":true,"href":"https:\/\/li-mac.org\/es\/wp-json\/wp\/v2\/pages\/13474"}],"wp:featuredmedia":[{"embeddable":true,"href":"https:\/\/li-mac.org\/es\/wp-json\/wp\/v2\/media\/13973"}],"wp:attachment":[{"href":"https:\/\/li-mac.org\/es\/wp-json\/wp\/v2\/media?parent=13986"}],"curies":[{"name":"wp","href":"https:\/\/api.w.org\/{rel}","templated":true}]}}