{"id":14003,"date":"2012-09-18T15:31:42","date_gmt":"2012-09-18T15:31:42","guid":{"rendered":"http:\/\/li-mac.org\/?page_id=14003"},"modified":"2012-09-27T10:48:41","modified_gmt":"2012-09-27T10:48:41","slug":"cmx04","status":"publish","type":"page","link":"https:\/\/li-mac.org\/es\/collection\/limac-collection\/santiago-sierra\/works\/cmx04\/","title":{"rendered":"CMX04"},"content":{"rendered":"<p>Del 4 de Marzo al 10 de Marzo del a\u00f1o 2004 se desarrollaron en Madrid y otras capitales europeas unos ejercicios antiterroristas de la OTAN. El escenario era un ataque de Al Qaeda con 200 muertos y un millar de heridos. Finalizadas las maniobras, al d\u00eda siguiente, 191 obreros madrile\u00f1os que se dirig\u00edan a trabajar eran asesinados y mil heridos en un atentado que fu\u00e9 atribuido primero a ETA y luego a un grupo de traficantes de hach\u00eds al menudeo. El Secretario General de la OTAN, Jaap de Hoop Scheffer, preguntado por la relaci\u00f3n entre sus ejercicios y las bombas de Madrid afirm\u00f3 que se trataba de \u00abUna simple coincidencia\u00bb.<br \/>\nEstos ejercicios se denominaron, Crisis Management Exercise 2004, por sus siglas CMX04.<\/p>","protected":false},"excerpt":{"rendered":"<p><strong>Santiago Sierra<\/strong> <small>(Espa\u00f1a, 1966)<\/small><br \/>\n2011<br \/>\n<small>Galer\u00eda Helga de Alvear, Madrid<\/small><\/p>\n<p><small><a href=\"http:\/\/www.santiago-sierra.com\/\" rel=\"external\">(Cortes\u00eda del artista)<\/a><\/small><\/p>\n","protected":false},"author":2,"featured_media":13989,"parent":13474,"menu_order":165,"comment_status":"open","ping_status":"open","template":"image.php","meta":{"footnotes":""},"class_list":["post-14003","page","type-page","status-publish","has-post-thumbnail","hentry"],"_links":{"self":[{"href":"https:\/\/li-mac.org\/es\/wp-json\/wp\/v2\/pages\/14003","targetHints":{"allow":["GET"]}}],"collection":[{"href":"https:\/\/li-mac.org\/es\/wp-json\/wp\/v2\/pages"}],"about":[{"href":"https:\/\/li-mac.org\/es\/wp-json\/wp\/v2\/types\/page"}],"author":[{"embeddable":true,"href":"https:\/\/li-mac.org\/es\/wp-json\/wp\/v2\/users\/2"}],"replies":[{"embeddable":true,"href":"https:\/\/li-mac.org\/es\/wp-json\/wp\/v2\/comments?post=14003"}],"version-history":[{"count":7,"href":"https:\/\/li-mac.org\/es\/wp-json\/wp\/v2\/pages\/14003\/revisions"}],"predecessor-version":[{"id":14518,"href":"https:\/\/li-mac.org\/es\/wp-json\/wp\/v2\/pages\/14003\/revisions\/14518"}],"up":[{"embeddable":true,"href":"https:\/\/li-mac.org\/es\/wp-json\/wp\/v2\/pages\/13474"}],"wp:featuredmedia":[{"embeddable":true,"href":"https:\/\/li-mac.org\/es\/wp-json\/wp\/v2\/media\/13989"}],"wp:attachment":[{"href":"https:\/\/li-mac.org\/es\/wp-json\/wp\/v2\/media?parent=14003"}],"curies":[{"name":"wp","href":"https:\/\/api.w.org\/{rel}","templated":true}]}}