{"id":14043,"date":"2012-09-18T16:47:16","date_gmt":"2012-09-18T16:47:16","guid":{"rendered":"http:\/\/li-mac.org\/?page_id=14043"},"modified":"2013-03-02T23:08:39","modified_gmt":"2013-03-02T23:08:39","slug":"a-worker%c2%b4s-arm-passing-through-the-ceiling-of-an-art-space-from-a-dwelling","status":"publish","type":"page","link":"https:\/\/li-mac.org\/es\/collection\/limac-collection\/santiago-sierra\/works\/a-worker%c2%b4s-arm-passing-through-the-ceiling-of-an-art-space-from-a-dwelling\/","title":{"rendered":"Brazo de un obrero atravesando el techo de una sala de arte desde una vivienda"},"content":{"rendered":"<p>Dos trabajadores fueron contratados para turnarse introduciendo su brazo derecho desde la vivienda situada en la planta superior a una sala de arte a trav\u00e9s de un hueco operado con antelaci\u00f3n. La acci\u00f3n duro tres horas.<\/p>","protected":false},"excerpt":{"rendered":"<p><strong>Santiago Sierra<\/strong> <small>(Espa\u00f1a, 1966)<\/small><br \/>\n2004<br \/>\n<small>Calle Orizaba, 160, M\u00e9xico D.F<\/small><\/p>\n<p><small><a href=\"http:\/\/www.santiago-sierra.com\/\" rel=\"external\">(Cortes\u00eda del artista)<\/a><\/small><\/p>\n","protected":false},"author":2,"featured_media":14042,"parent":13474,"menu_order":156,"comment_status":"open","ping_status":"open","template":"image.php","meta":{"footnotes":""},"class_list":["post-14043","page","type-page","status-publish","has-post-thumbnail","hentry"],"_links":{"self":[{"href":"https:\/\/li-mac.org\/es\/wp-json\/wp\/v2\/pages\/14043","targetHints":{"allow":["GET"]}}],"collection":[{"href":"https:\/\/li-mac.org\/es\/wp-json\/wp\/v2\/pages"}],"about":[{"href":"https:\/\/li-mac.org\/es\/wp-json\/wp\/v2\/types\/page"}],"author":[{"embeddable":true,"href":"https:\/\/li-mac.org\/es\/wp-json\/wp\/v2\/users\/2"}],"replies":[{"embeddable":true,"href":"https:\/\/li-mac.org\/es\/wp-json\/wp\/v2\/comments?post=14043"}],"version-history":[{"count":7,"href":"https:\/\/li-mac.org\/es\/wp-json\/wp\/v2\/pages\/14043\/revisions"}],"predecessor-version":[{"id":16971,"href":"https:\/\/li-mac.org\/es\/wp-json\/wp\/v2\/pages\/14043\/revisions\/16971"}],"up":[{"embeddable":true,"href":"https:\/\/li-mac.org\/es\/wp-json\/wp\/v2\/pages\/13474"}],"wp:featuredmedia":[{"embeddable":true,"href":"https:\/\/li-mac.org\/es\/wp-json\/wp\/v2\/media\/14042"}],"wp:attachment":[{"href":"https:\/\/li-mac.org\/es\/wp-json\/wp\/v2\/media?parent=14043"}],"curies":[{"name":"wp","href":"https:\/\/api.w.org\/{rel}","templated":true}]}}