{"id":14226,"date":"2012-09-19T22:39:58","date_gmt":"2012-09-19T22:39:58","guid":{"rendered":"http:\/\/li-mac.org\/?page_id=14226"},"modified":"2012-12-10T19:20:21","modified_gmt":"2012-12-10T19:20:21","slug":"sza","status":"publish","type":"page","link":"https:\/\/li-mac.org\/es\/projects\/rests-in-press\/2009-3\/sza\/","title":{"rendered":"&#8216;sza&#8217;"},"content":{"rendered":"<p>Seg\u00fan donde se presentan, los t\u00edtulos de los trabajos son diferentes y relacionados con el idioma en que el trabajo se hizo. En cada caso, peri\u00f3dicos locales nacionales fueron utilizados. Normalmente, el tiempo de recogida de peri\u00f3dicos fue de 2 meses.<\/p>\n<p>El artista decide c\u00f3mo dividir las p\u00e1ginas del peri\u00f3dico y c\u00f3mo hacer la cadena. El trabajo se realiza en talleres abiertos para la poblaci\u00f3n local (sin l\u00edmite de edad).<\/p>\n<p>El artista decide acerca de la posici\u00f3n de la cadena en el espacio expositivo.<\/p>","protected":false},"excerpt":{"rendered":"<p><strong>Miroslaw Balka<\/strong> <small>(Polonia, 1958)<\/small><br \/>\n2009<br \/>\nCadena de obituarios de prensa con grapas<br \/>\nDimensiones variables<\/p>\n<p><small>(Hecho con estudiantes de colegio y presentado durante talleres en \u00abBednarska\u00bb primera Escuela Cooperativa, Warszawa)<\/small><\/p>\n<p><small><a href=\"http:\/\/www.miroslaw-balka.com\/\" rel=\"external\">(Cortes\u00eda del estudio Mirolaw Balka)<\/a><\/small><\/p>\n","protected":false},"author":2,"featured_media":14212,"parent":9133,"menu_order":439,"comment_status":"open","ping_status":"open","template":"image.php","meta":{"footnotes":""},"class_list":["post-14226","page","type-page","status-publish","has-post-thumbnail","hentry"],"_links":{"self":[{"href":"https:\/\/li-mac.org\/es\/wp-json\/wp\/v2\/pages\/14226","targetHints":{"allow":["GET"]}}],"collection":[{"href":"https:\/\/li-mac.org\/es\/wp-json\/wp\/v2\/pages"}],"about":[{"href":"https:\/\/li-mac.org\/es\/wp-json\/wp\/v2\/types\/page"}],"author":[{"embeddable":true,"href":"https:\/\/li-mac.org\/es\/wp-json\/wp\/v2\/users\/2"}],"replies":[{"embeddable":true,"href":"https:\/\/li-mac.org\/es\/wp-json\/wp\/v2\/comments?post=14226"}],"version-history":[{"count":7,"href":"https:\/\/li-mac.org\/es\/wp-json\/wp\/v2\/pages\/14226\/revisions"}],"predecessor-version":[{"id":16205,"href":"https:\/\/li-mac.org\/es\/wp-json\/wp\/v2\/pages\/14226\/revisions\/16205"}],"up":[{"embeddable":true,"href":"https:\/\/li-mac.org\/es\/wp-json\/wp\/v2\/pages\/9133"}],"wp:featuredmedia":[{"embeddable":true,"href":"https:\/\/li-mac.org\/es\/wp-json\/wp\/v2\/media\/14212"}],"wp:attachment":[{"href":"https:\/\/li-mac.org\/es\/wp-json\/wp\/v2\/media?parent=14226"}],"curies":[{"name":"wp","href":"https:\/\/api.w.org\/{rel}","templated":true}]}}