{"id":14365,"date":"2012-09-24T15:59:48","date_gmt":"2012-09-24T15:59:48","guid":{"rendered":"http:\/\/li-mac.org\/?page_id=14365"},"modified":"2012-09-24T16:08:06","modified_gmt":"2012-09-24T16:08:06","slug":"biopic","status":"publish","type":"page","link":"https:\/\/li-mac.org\/es\/collection\/limac-collection\/miguel-aguirre\/work\/biopic\/","title":{"rendered":"Biopic"},"content":{"rendered":"<p><strong><em><\/em><\/strong>La pintura contempor\u00e1nea puede aproximarse, tanto formal como conceptualmente, al medio cinematogr\u00e1fico. M\u00e1s a\u00fan, puede interpretarlo sin complejo alguno teniendo como herramienta indispensable el conocimiento sobre los diversos g\u00e9neros que tradicionalmente le han constituido. En el caso que nos interesa, el g\u00e9nero del retrato es el m\u00e1s adecuado para ello.<\/p>\n<p>Parto de la certeza \u2013cuesti\u00f3n que ata\u00f1e tambi\u00e9n a otra de mis series titulada <em>Dramatization<\/em>&#8211; de que el cine ha sido y a\u00fan puede ser un medio de aprendizaje con cierta relevancia al acercarse a la historia y a determinados personajes. La contribuci\u00f3n que las pel\u00edculas han aportado a nuestro imaginario hist\u00f3rico creo que es innegable.<\/p>\n<p>Me resulta fascinante que determinados actores han logrado convertirse en paradigmas de representaci\u00f3n de personajes hist\u00f3ricos. Por ejemplo, los rostros de Elizabeth Taylor o Ren\u00e9e Marie Falconetti est\u00e1n asociados a los personajes que representaron, concretamente a Cleopatra y Juana de Arco respectivamente. No s\u00f3lo resultan veros\u00edmiles porque sus facciones pudieron parecerse mucho al original, sino por toda una serie de matices en su performance que afecta a la personalidad del personaje y los convierte en seres complejos y \u00fanicos.<\/p>\n<p>La credibilidad es aut\u00e9ntica. Haciendo referencia a Walter Benjamin con respecto a la p\u00e9rdida del <em>aura <\/em>en su paradigm\u00e1tico texto <em>La obra de arte en la era de su reproductibilidad t\u00e9cnica <\/em>en la que hace un agudo an\u00e1lisis sobre el cine y tomando prestado de Jean Baudrillard el concepto del simulacro, el producto del <em>cine hist\u00f3rico<\/em> tiene como resultado la supresi\u00f3n del original a favor de la instalaci\u00f3n de una nueva realidad hist\u00f3rica, el simulacro.<\/p>\n<p>Nuestros referentes hist\u00f3ricos encuentran su rostro, voz y actitud en la industria cinematogr\u00e1fica \u2013 de hecho en muchas escuelas se utilizan pel\u00edculas hist\u00f3ricas como m\u00e9todo de apoyo a la ense\u00f1anza y pocas veces se utilizan im\u00e1genes de archivo. No olvidemos que una cosa que este tipo de cine suele hacer es matizar la Historia a favor de la historia.<\/p>\n<p>Por ello hablo de nuestro imaginario hist\u00f3rico. Estas personas que vivieron hace veinte siglos o 70 a\u00f1os, como Cristo o Ghandi poseen el rostro de Willem Dafoe o Ben Kingsley, por citar otros ejemplos de <em>Biopic<\/em>. Esta ambig\u00fcedad explica la alternancia al titular cada retrato: puede utilizar indistintamente el nombre del personaje hist\u00f3rico representado o bien apunto el nombre del actor o actriz que lo encarna.<\/p>\n<p>&nbsp;<\/p>","protected":false},"excerpt":{"rendered":"<p><strong>Miguel Aguirre<\/strong> <small>(Per\u00fa, 1973)<\/small><br \/>\n2008 &#8211; 2009<br \/>\n\u00f3leo sobre papel<br \/>\n34, 6 x 48,5 cm. (cada uno)<\/p>\n<p><small><a href=\"http:\/\/miguelaguirre.com\/home\" rel=\"external\">(Cortes\u00eda del artista)<\/a><\/small><\/p>\n","protected":false},"author":2,"featured_media":14364,"parent":1558,"menu_order":549,"comment_status":"open","ping_status":"open","template":"image.php","meta":{"footnotes":""},"class_list":["post-14365","page","type-page","status-publish","has-post-thumbnail","hentry"],"_links":{"self":[{"href":"https:\/\/li-mac.org\/es\/wp-json\/wp\/v2\/pages\/14365","targetHints":{"allow":["GET"]}}],"collection":[{"href":"https:\/\/li-mac.org\/es\/wp-json\/wp\/v2\/pages"}],"about":[{"href":"https:\/\/li-mac.org\/es\/wp-json\/wp\/v2\/types\/page"}],"author":[{"embeddable":true,"href":"https:\/\/li-mac.org\/es\/wp-json\/wp\/v2\/users\/2"}],"replies":[{"embeddable":true,"href":"https:\/\/li-mac.org\/es\/wp-json\/wp\/v2\/comments?post=14365"}],"version-history":[{"count":2,"href":"https:\/\/li-mac.org\/es\/wp-json\/wp\/v2\/pages\/14365\/revisions"}],"predecessor-version":[{"id":14367,"href":"https:\/\/li-mac.org\/es\/wp-json\/wp\/v2\/pages\/14365\/revisions\/14367"}],"up":[{"embeddable":true,"href":"https:\/\/li-mac.org\/es\/wp-json\/wp\/v2\/pages\/1558"}],"wp:featuredmedia":[{"embeddable":true,"href":"https:\/\/li-mac.org\/es\/wp-json\/wp\/v2\/media\/14364"}],"wp:attachment":[{"href":"https:\/\/li-mac.org\/es\/wp-json\/wp\/v2\/media?parent=14365"}],"curies":[{"name":"wp","href":"https:\/\/api.w.org\/{rel}","templated":true}]}}