{"id":14373,"date":"2012-09-24T16:22:31","date_gmt":"2012-09-24T16:22:31","guid":{"rendered":"http:\/\/li-mac.org\/?page_id=14373"},"modified":"2013-12-16T21:51:51","modified_gmt":"2013-12-16T21:51:51","slug":"following-tips-for-artists-who-want-to-sell","status":"publish","type":"page","link":"https:\/\/li-mac.org\/es\/collection\/limac-collection\/miguel-aguirre\/work\/following-tips-for-artists-who-want-to-sell\/","title":{"rendered":"Siguiendo los consejos para artistas que desean vender \/ Wall Street"},"content":{"rendered":"<p><strong><\/strong>Entre 1966 y 1968 John Baldessari realiz\u00f3 la obra <em>Tips for Artists Who Want to Sell<\/em>. En ella, bajo una \u00e1cida iron\u00eda y sentido del humor, el artista californiano daba consejos pr\u00e1cticos a los j\u00f3venes artistas que quer\u00edan abrirse camino en el complicado mercado del arte. Mediante el uso del lenguaje realiza sugerencias sobre colores, tem\u00e1tica y g\u00e9neros; un listado que compone esta pieza gr\u00e1fica y cercana al mundo de la publicidad, una experiencia pedag\u00f3gica donde el autor refleja su desconfianza hacia la educaci\u00f3n art\u00edstica de la \u00e9poca.<\/p>\n<p>Hoy, m\u00e1s de 40 a\u00f1os despu\u00e9s y en un momento econ\u00f3micamente sensible, Miguel\u00a0 Aguirre toma la obra de referente y lleva la lecci\u00f3n un paso m\u00e1s all\u00e1 \u00a0ilustrando las tem\u00e1ticas propuestas. Paisajes, bodegones, desnudos, abstractos\u2026 toman cuerpo pl\u00e1stico componiendo un cat\u00e1logo de sugerencias comerciales.<\/p>\n<p>Para la selecci\u00f3n de las im\u00e1genes, Miguel recurre a una de sus fuentes habituales, el cine. El film <em>Wall Street<\/em> (Oliver Stone, 1987) sirve de inmejorable herramienta para ilustrar la versi\u00f3n contempor\u00e1nea de la pieza de Baldessari, ya que une arte, dinero y mercado. Con ojo seccionador, Miguel detiene el film, captura fotogramas y transforma un imagen de Central Park, un gr\u00e1fico de bolsa o una filmaci\u00f3n de video en g\u00e9neros y tem\u00e1ticas pict\u00f3ricas.<\/p>\n<p>La selecci\u00f3n de la pel\u00edcula no es arbitraria; la actual situaci\u00f3n econ\u00f3mica posee ciertas similitudes con el clima que se vivi\u00f3 en los EE. UU. durante la \u00faltima etapa de la era Reagan como consecuencia, en gran medida, del comportamiento del mercado burs\u00e1til que se describe en el film: la especulaci\u00f3n salvaje y el liberalismo a ultranza provocaron una de las peores ca\u00eddas de la bolsa de todos los tiempos y una grave crisis econ\u00f3mica.<\/p>\n<p>Debemos destacar, asimismo, la importante presencia de obra pict\u00f3rica en el film. El mercado del arte vivi\u00f3 un gran momento en la d\u00e9cada de los 80, sobre todo en Norteam\u00e9rica. La posesi\u00f3n de obra art\u00edstica compendiaba riquezas materiales y, sobre todo, proporcionaba estatus social. La obra de arte era un objeto de valor que pod\u00eda revaluarse con el paso de los a\u00f1os, una inversi\u00f3n de futuro.<\/p>\n<p>Para lograrlo hay que descartar pintar aquellos modelos que provocan, fatalmente, la \u201cacumulaci\u00f3n de polvo\u201d. Miguel Aguirre \u201csigue los consejos\u201d de Baldessari, nos propone un ejercicio acad\u00e9mico cargado de iron\u00eda y reinventa los g\u00e9neros pict\u00f3ricos a trav\u00e9s de una fuente inagotable: el cine comercial.<\/p>\n<p>Eneka Fern\u00e1ndez<\/p>\n<p>Barcelona, enero de 2011<\/p>\n<p>&nbsp;<\/p>\n<p>&nbsp;<\/p>\n<p><span style=\"text-decoration: underline;\">\u00a0<\/span><\/p>","protected":false},"excerpt":{"rendered":"<p><strong>Miguel Aguirre<\/strong> <small>(Per\u00fa, 1973)<\/small><br \/>\n2011<br \/>\n\u00f3leo<br \/>\ndimensiones variables<\/p>\n<p><small><a href=\"http:\/\/miguelaguirre.com\/home\" rel=\"external\">(Cortes\u00eda del artista)<\/a><\/small><\/p>\n","protected":false},"author":2,"featured_media":14372,"parent":1558,"menu_order":550,"comment_status":"open","ping_status":"open","template":"image.php","meta":{"footnotes":""},"class_list":["post-14373","page","type-page","status-publish","has-post-thumbnail","hentry"],"_links":{"self":[{"href":"https:\/\/li-mac.org\/es\/wp-json\/wp\/v2\/pages\/14373","targetHints":{"allow":["GET"]}}],"collection":[{"href":"https:\/\/li-mac.org\/es\/wp-json\/wp\/v2\/pages"}],"about":[{"href":"https:\/\/li-mac.org\/es\/wp-json\/wp\/v2\/types\/page"}],"author":[{"embeddable":true,"href":"https:\/\/li-mac.org\/es\/wp-json\/wp\/v2\/users\/2"}],"replies":[{"embeddable":true,"href":"https:\/\/li-mac.org\/es\/wp-json\/wp\/v2\/comments?post=14373"}],"version-history":[{"count":7,"href":"https:\/\/li-mac.org\/es\/wp-json\/wp\/v2\/pages\/14373\/revisions"}],"predecessor-version":[{"id":18835,"href":"https:\/\/li-mac.org\/es\/wp-json\/wp\/v2\/pages\/14373\/revisions\/18835"}],"up":[{"embeddable":true,"href":"https:\/\/li-mac.org\/es\/wp-json\/wp\/v2\/pages\/1558"}],"wp:featuredmedia":[{"embeddable":true,"href":"https:\/\/li-mac.org\/es\/wp-json\/wp\/v2\/media\/14372"}],"wp:attachment":[{"href":"https:\/\/li-mac.org\/es\/wp-json\/wp\/v2\/media?parent=14373"}],"curies":[{"name":"wp","href":"https:\/\/api.w.org\/{rel}","templated":true}]}}