{"id":14542,"date":"2012-09-27T14:43:20","date_gmt":"2012-09-27T14:43:20","guid":{"rendered":"http:\/\/li-mac.org\/?page_id=14542"},"modified":"2012-09-27T15:58:15","modified_gmt":"2012-09-27T15:58:15","slug":"offering-to-yemanja-for-a-happy-year","status":"publish","type":"page","link":"https:\/\/li-mac.org\/es\/collection\/limac-collection\/fabio-morais\/works\/offering-to-yemanja-for-a-happy-year\/","title":{"rendered":"Ofrenda a Yemanja para un Feliz A\u00f1o"},"content":{"rendered":"<p>Todos los continentes e islas se corta y se retira de este atlas, dej\u00e1ndole s\u00f3lo los oc\u00e9anos y los mares.<\/p>","protected":false},"excerpt":{"rendered":"<p><strong>Fabio Morais<\/strong> <small>(Brasil, 1975)<\/small><br \/>\n2007<br \/>\natlas cortado<br \/>\n17 x 11 cm. (Closed)<br \/>\n(Colecci\u00f3n del artista collection)<\/p>\n<p><small><a href=\"http:\/\/fabio-morais.blogspot.com.es\/2009\/01\/oferenda-iemanj-para-um-feliz-ano-novo.html\" rel=\"external\">(Cortes\u00eda del artista)<\/a><\/small><\/p>\n","protected":false},"author":2,"featured_media":14545,"parent":13855,"menu_order":144,"comment_status":"open","ping_status":"open","template":"image.php","meta":{"footnotes":""},"class_list":["post-14542","page","type-page","status-publish","has-post-thumbnail","hentry"],"_links":{"self":[{"href":"https:\/\/li-mac.org\/es\/wp-json\/wp\/v2\/pages\/14542","targetHints":{"allow":["GET"]}}],"collection":[{"href":"https:\/\/li-mac.org\/es\/wp-json\/wp\/v2\/pages"}],"about":[{"href":"https:\/\/li-mac.org\/es\/wp-json\/wp\/v2\/types\/page"}],"author":[{"embeddable":true,"href":"https:\/\/li-mac.org\/es\/wp-json\/wp\/v2\/users\/2"}],"replies":[{"embeddable":true,"href":"https:\/\/li-mac.org\/es\/wp-json\/wp\/v2\/comments?post=14542"}],"version-history":[{"count":3,"href":"https:\/\/li-mac.org\/es\/wp-json\/wp\/v2\/pages\/14542\/revisions"}],"predecessor-version":[{"id":14578,"href":"https:\/\/li-mac.org\/es\/wp-json\/wp\/v2\/pages\/14542\/revisions\/14578"}],"up":[{"embeddable":true,"href":"https:\/\/li-mac.org\/es\/wp-json\/wp\/v2\/pages\/13855"}],"wp:featuredmedia":[{"embeddable":true,"href":"https:\/\/li-mac.org\/es\/wp-json\/wp\/v2\/media\/14545"}],"wp:attachment":[{"href":"https:\/\/li-mac.org\/es\/wp-json\/wp\/v2\/media?parent=14542"}],"curies":[{"name":"wp","href":"https:\/\/api.w.org\/{rel}","templated":true}]}}