{"id":14555,"date":"2012-09-27T15:21:38","date_gmt":"2012-09-27T15:21:38","guid":{"rendered":"http:\/\/li-mac.org\/?page_id=14555"},"modified":"2012-09-27T15:32:43","modified_gmt":"2012-09-27T15:32:43","slug":"endereco-address","status":"publish","type":"page","link":"https:\/\/li-mac.org\/es\/collection\/limac-collection\/fabio-morais\/works\/endereco-address\/","title":{"rendered":"Endere\u00e7o (Direcci\u00f3n)"},"content":{"rendered":"<p><em>Direcci\u00f3n<\/em> es una serie de tres papeles, cada uno formado por una placa de nombre de calle, una placa de n\u00famero de casa y un sobre franqueado.<\/p>","protected":false},"excerpt":{"rendered":"<p><strong>Fabio Morais<\/strong> <small>(Brazil, 1975)<\/small><br \/>\n2010<br \/>\ntinta esmalte sobre lat\u00e3o, papel kraft 420g e selo<br \/>\n40 x 20 cm. (placa maior), 15 x 9 cm. (placa menor),<br \/>\n43 x 22 x 2,5 cm. (sobre \/ caja)<br \/>\ns\u00e9rie de 03, tiraje \u00fanico + p.a.<\/p>\n<p><small><a href=\"http:\/\/fabio-morais.blogspot.com.es\/2010\/04\/endereco-2010.html\" rel=\"external\">(Cortes\u00eda del artista)<\/a><\/small><\/p>\n","protected":false},"author":2,"featured_media":14543,"parent":13855,"menu_order":145,"comment_status":"open","ping_status":"open","template":"image.php","meta":{"footnotes":""},"class_list":["post-14555","page","type-page","status-publish","has-post-thumbnail","hentry"],"_links":{"self":[{"href":"https:\/\/li-mac.org\/es\/wp-json\/wp\/v2\/pages\/14555","targetHints":{"allow":["GET"]}}],"collection":[{"href":"https:\/\/li-mac.org\/es\/wp-json\/wp\/v2\/pages"}],"about":[{"href":"https:\/\/li-mac.org\/es\/wp-json\/wp\/v2\/types\/page"}],"author":[{"embeddable":true,"href":"https:\/\/li-mac.org\/es\/wp-json\/wp\/v2\/users\/2"}],"replies":[{"embeddable":true,"href":"https:\/\/li-mac.org\/es\/wp-json\/wp\/v2\/comments?post=14555"}],"version-history":[{"count":4,"href":"https:\/\/li-mac.org\/es\/wp-json\/wp\/v2\/pages\/14555\/revisions"}],"predecessor-version":[{"id":14566,"href":"https:\/\/li-mac.org\/es\/wp-json\/wp\/v2\/pages\/14555\/revisions\/14566"}],"up":[{"embeddable":true,"href":"https:\/\/li-mac.org\/es\/wp-json\/wp\/v2\/pages\/13855"}],"wp:featuredmedia":[{"embeddable":true,"href":"https:\/\/li-mac.org\/es\/wp-json\/wp\/v2\/media\/14543"}],"wp:attachment":[{"href":"https:\/\/li-mac.org\/es\/wp-json\/wp\/v2\/media?parent=14555"}],"curies":[{"name":"wp","href":"https:\/\/api.w.org\/{rel}","templated":true}]}}