{"id":14708,"date":"2012-10-15T16:35:24","date_gmt":"2012-10-15T16:35:24","guid":{"rendered":"http:\/\/li-mac.org\/?page_id=14708"},"modified":"2012-10-16T12:05:11","modified_gmt":"2012-10-16T12:05:11","slug":"little-history-of-photography-ii","status":"publish","type":"page","link":"https:\/\/li-mac.org\/es\/collection\/limac-collection\/inaki-bonillas\/works\/little-history-of-photography-ii\/","title":{"rendered":"Peque\u00f1a historia de la fotograf\u00eda II"},"content":{"rendered":"<p>Despu\u00e9s de haber heredado, en el a\u00f1o 2000, el archivo fotogr\u00e1fico de su abuelo materno, J.R. Plaza, I\u00f1aki Bonillas decidi\u00f3 emplear parte de este material (espec\u00edficamente las 30 carpetas negras en las que Plaza organiz\u00f3, en minucioso orden cronol\u00f3gico, la colecci\u00f3n de impresiones fotogr\u00e1ficas de la familia) en una intervenci\u00f3n de sitio espec\u00edfico, <em>Peque\u00f1a historia de la fotograf\u00eda I<\/em>, que consisti\u00f3 en intercalar subrepticiamente los \u00e1lbumes entre los tomos de la biblioteca de la Galer\u00eda Greta Meert. Una primera manera de hacer del dominio p\u00fablico lo que estuvo destinado por m\u00e1s de un siglo al estricto consumo interno.<\/p>\n<p>No ser\u00eda, sin embargo, hasta este segundo intento cuando el artista entrar\u00eda (literalmente) en materia. <em>Peque\u00f1a historia de la fotograf\u00eda II <\/em>puede considerarse, por tanto, como el primero de los varios pasadizos y miradores que I\u00f1aki Bonillas terminar\u00eda por construir en su relaci\u00f3n con este legado familiar, reunido por su abuelo, un fot\u00f3grafo autodidacta, nacido en Espa\u00f1a y trasterrado a M\u00e9xico, para quien la imagen fue algo m\u00e1s que el inocente registro de las minucias de la vida diaria. Editor obsesivo de su memoria fotogr\u00e1fica, Plaza parece haber hecho todo lo posible para que su archivo iconogr\u00e1fico y documental se convirtiese en la materia prima de una revisi\u00f3n posterior. Y es as\u00ed que Bonillas se hace cargo de esa autobiograf\u00eda ilustrada y obtiene de ella, en la medida en que va entendiendo los distintos \u00f3rdenes y capas que la conforman, una conciencia mayor de las m\u00faltiples valencias de la imagen fotogr\u00e1fica.<\/p>\n<p>A partir de las im\u00e1genes realizadas, compiladas e intervenidas por su ancestro \u2014as\u00ed como de sus soportes, reversos y escrituras asociadas\u2014, este artista que no reclama las credenciales de fot\u00f3grafo, riguroso en el uso de sus recursos multidisciplinarios, se dio a la tarea de encadenar una serie de propuestas en que la fotograf\u00eda deja de ser la memoria de un hecho consumado para abrirse a la vitalidad de las dudas fenomenol\u00f3gicas.<\/p>\n<p>En los \u00e1lbumes de J.R. Plaza, Bonillas ha encontrado, entre otros relatos, la breve historia de la fotograf\u00eda que aqu\u00ed nos presenta. Un gran ba\u00fal abierto donde cada instante registrado por la c\u00e1mara familiar es iluminado por el artista que consigue, al agruparlos en un todo indistinto, dar la sensaci\u00f3n inequ\u00edvoca de tiempo meticulosamente acumulado. M\u00e1s que un refugio donde ciertas im\u00e1genes pueden hibernar o mantenerse al margen, el archivo se vuelve aqu\u00ed una promesa y \u201cuna responsabilidad para ma\u00f1ana\u201d, como dir\u00eda Jacques Derrida. Para saber lo que un archivo realmente esconde, hay que excavar, abrirse paso. Y eso es exactamente lo que I\u00f1aki Bonillas comienza a hacer aqu\u00ed.<\/p>","protected":false},"excerpt":{"rendered":"<p><strong>I\u00f1aki Bonillas<\/strong> <small>(M\u00e9xico, 1981)<\/small><br \/>\n630 transparencias de 10.2 x 12.7 cm c\/u<br \/>\n30 cajas de luz de 27.9 x 84.8 x 11.9 cm c\/u <\/p>\n<p><small><a href=\"http:\/\/www.projectesd.com\/index.php\/artists\/bio\/bonillas_inaki\/\" rel=\"external\">(Cortes\u00eda del artista)<\/a><\/small><\/p>\n","protected":false},"author":2,"featured_media":14706,"parent":14698,"menu_order":0,"comment_status":"open","ping_status":"open","template":"image.php","meta":{"footnotes":""},"class_list":["post-14708","page","type-page","status-publish","has-post-thumbnail","hentry"],"_links":{"self":[{"href":"https:\/\/li-mac.org\/es\/wp-json\/wp\/v2\/pages\/14708","targetHints":{"allow":["GET"]}}],"collection":[{"href":"https:\/\/li-mac.org\/es\/wp-json\/wp\/v2\/pages"}],"about":[{"href":"https:\/\/li-mac.org\/es\/wp-json\/wp\/v2\/types\/page"}],"author":[{"embeddable":true,"href":"https:\/\/li-mac.org\/es\/wp-json\/wp\/v2\/users\/2"}],"replies":[{"embeddable":true,"href":"https:\/\/li-mac.org\/es\/wp-json\/wp\/v2\/comments?post=14708"}],"version-history":[{"count":5,"href":"https:\/\/li-mac.org\/es\/wp-json\/wp\/v2\/pages\/14708\/revisions"}],"predecessor-version":[{"id":14721,"href":"https:\/\/li-mac.org\/es\/wp-json\/wp\/v2\/pages\/14708\/revisions\/14721"}],"up":[{"embeddable":true,"href":"https:\/\/li-mac.org\/es\/wp-json\/wp\/v2\/pages\/14698"}],"wp:featuredmedia":[{"embeddable":true,"href":"https:\/\/li-mac.org\/es\/wp-json\/wp\/v2\/media\/14706"}],"wp:attachment":[{"href":"https:\/\/li-mac.org\/es\/wp-json\/wp\/v2\/media?parent=14708"}],"curies":[{"name":"wp","href":"https:\/\/api.w.org\/{rel}","templated":true}]}}