{"id":14717,"date":"2012-10-16T12:01:33","date_gmt":"2012-10-16T12:01:33","guid":{"rendered":"http:\/\/li-mac.org\/?page_id=14717"},"modified":"2012-10-16T12:04:57","modified_gmt":"2012-10-16T12:04:57","slug":"cibachromes","status":"publish","type":"page","link":"https:\/\/li-mac.org\/es\/collection\/limac-collection\/inaki-bonillas\/works\/cibachromes\/","title":{"rendered":"Cibacromos"},"content":{"rendered":"<p>La serie de los <em>Cibacromos<\/em> est\u00e1 compuesta por un grupo de im\u00e1genes provenientes de una secci\u00f3n del Archivo J.R. Plaza que consta exclusivamente de diapositivas. Cabe recordar que por mucho tiempo las diapositivas fueron el medio de fotograf\u00eda a color m\u00e1s al alcance de los aficionados, que de otro modo deb\u00edan contentarse con el uso tradicional de la fotograf\u00eda en blanco y negro. Hay que tener en cuenta, adem\u00e1s, que las diapositivas, por su naturaleza, necesitan forzosamente de un proyector que las \u201cagrande\u201d. De modo que, hasta entrados los setentas, la fotograf\u00eda a color involucraba una suerte de ritual \u201crevelador\u201d que convert\u00eda el acceso a las im\u00e1genes en todo un acontecimiento. Por eso es m\u00e1s notable a\u00fan que en las diapositivas del Archivo J.R. Plaza haya tal n\u00famero de \u201cautorretratos\u201d del propio Plaza: un amante de la fotograf\u00eda, desde luego, pero tambi\u00e9n del cine. Las diapositivas (junto al s\u00faper 8) eran, en ese sentido, la mejor manera de acercarse a la imagen cinematogr\u00e1fica, a escala dom\u00e9stica, \u00a1y a todo color! Y no cabe duda de que eso es lo que Plaza ten\u00eda en mente, ya que estas im\u00e1genes tienen la peculiaridad de ser, sobre todo, variaciones de un mismo tema: \u00e9l (de ah\u00ed que repita las tomas y pose calculadamente para la c\u00e1mara).<\/p>\n<p>Detr\u00e1s de las exploraciones (actorales y fotogr\u00e1ficas) de Plaza, percibimos la paciente actividad de reconstituci\u00f3n que Bonillas realiza desde el relativo anonimato de sus estrategias de presentaci\u00f3n neo-conceptuales. Es \u00e9l quien, despu\u00e9s de todo, vincula los distintos pares de fotos y, m\u00e1s aun, quien recompone la imagen de su abuelo como un posible personaje de ficci\u00f3n, al que vemos ir y venir. Aqu\u00ed, cada imagen tiene su reverso: su lado B, dir\u00edamos. Una m\u00ednima variaci\u00f3n en la acci\u00f3n que habla de esa capacidad de la fotograf\u00eda para capturar el instante: solo que aqu\u00ed el instante es actuado: orquestado con toda precisi\u00f3n.<\/p>\n<p>Para este serie, el artista decidi\u00f3 utilizar directamente las transparencias a color para producir las im\u00e1genes que aqu\u00ed vemos. Este era uno de los usos que originalmente se le daba a las diapositivas; uso que termin\u00f3 por ser desplazado con el tiempo por la impresi\u00f3n a color a partir de un negativo. El cibacromo es justamente el proceso original por el cual se pasa directamente de positivo a positivo a color; proceso que hoy se encuentra al borde de la extinci\u00f3n, y al que el artista recurre para conseguir esa peculiar coloraci\u00f3n intensa y brillante.<\/p>","protected":false},"excerpt":{"rendered":"<p><strong>I\u00f1aki Bonillas<\/strong> <small>(M\u00e9xico, 1981)<\/small><br \/>\n2011<br \/>\n19 ilfocromos de 12.7 x 17.8 cm c\/u<br \/>\n8 piezas de 61 x 51 cm c\/u.<\/p>\n<p><small><a href=\"http:\/\/www.projectesd.com\/index.php\/artists\/bio\/bonillas_inaki\/\" rel=\"external\">(Cortes\u00eda del artista)<\/a><\/small><\/p>\n","protected":false},"author":2,"featured_media":14716,"parent":14698,"menu_order":100,"comment_status":"open","ping_status":"open","template":"image.php","meta":{"footnotes":""},"class_list":["post-14717","page","type-page","status-publish","has-post-thumbnail","hentry"],"_links":{"self":[{"href":"https:\/\/li-mac.org\/es\/wp-json\/wp\/v2\/pages\/14717","targetHints":{"allow":["GET"]}}],"collection":[{"href":"https:\/\/li-mac.org\/es\/wp-json\/wp\/v2\/pages"}],"about":[{"href":"https:\/\/li-mac.org\/es\/wp-json\/wp\/v2\/types\/page"}],"author":[{"embeddable":true,"href":"https:\/\/li-mac.org\/es\/wp-json\/wp\/v2\/users\/2"}],"replies":[{"embeddable":true,"href":"https:\/\/li-mac.org\/es\/wp-json\/wp\/v2\/comments?post=14717"}],"version-history":[{"count":2,"href":"https:\/\/li-mac.org\/es\/wp-json\/wp\/v2\/pages\/14717\/revisions"}],"predecessor-version":[{"id":14720,"href":"https:\/\/li-mac.org\/es\/wp-json\/wp\/v2\/pages\/14717\/revisions\/14720"}],"up":[{"embeddable":true,"href":"https:\/\/li-mac.org\/es\/wp-json\/wp\/v2\/pages\/14698"}],"wp:featuredmedia":[{"embeddable":true,"href":"https:\/\/li-mac.org\/es\/wp-json\/wp\/v2\/media\/14716"}],"wp:attachment":[{"href":"https:\/\/li-mac.org\/es\/wp-json\/wp\/v2\/media?parent=14717"}],"curies":[{"name":"wp","href":"https:\/\/api.w.org\/{rel}","templated":true}]}}