{"id":14722,"date":"2012-10-16T12:12:43","date_gmt":"2012-10-16T12:12:43","guid":{"rendered":"http:\/\/li-mac.org\/?page_id=14722"},"modified":"2012-10-16T12:12:43","modified_gmt":"2012-10-16T12:12:43","slug":"martin-lunas","status":"publish","type":"page","link":"https:\/\/li-mac.org\/es\/collection\/limac-collection\/inaki-bonillas\/works\/martin-lunas\/","title":{"rendered":"Mart\u00edn-Lunas"},"content":{"rendered":"<p>Al espectador atento no le pasar\u00e1n inadvertidos los puntos negros que asaltan estas im\u00e1genes. Rotulados sobre la emulsi\u00f3n de muchas de las diapositivas del Archivo J.R. Plaza, est\u00e1n ah\u00ed por una raz\u00f3n: cubrir el rostro de alguien; la misma persona siempre. \u00bfQui\u00e9n es ese hombre que aparece aqu\u00ed decapitado? M\u00e1s aun, \u00bfqui\u00e9n pudo haberse tomado la molestia de excluirlo tan puntualmente de esta colecci\u00f3n de m\u00e1s de 800 diapositivas?<\/p>\n<p>El retrato de una persona no es nada m\u00e1s una representaci\u00f3n o la memoria gr\u00e1fica de un momento sucedido en el tiempo. Tampoco es s\u00f3lo una met\u00e1fora o el camino para construir o poner en marcha una narrativa m\u00edtica. Es tambi\u00e9n un centro de fuerzas simb\u00f3licas que, en ciertos casos, puede conjurar un mal o servir como instrumento de tortura. Las manchas negras tienen aqu\u00ed una funci\u00f3n precisa: ocultar a Antonio Mart\u00edn-Lunas, mejor amigo de Plaza y figura central de lo que en M\u00e9xico lleg\u00f3 a conocerse como \u201cel esc\u00e1ndalo del exilio\u201d (un l\u00edo de faldas que, para desgracia y deshonra de Plaza, involucr\u00f3 a sus dos hermanas). Los tachones son, entonces, a la vez, un abismo en la superficie y una sobre-presencia, que convierte a Mart\u00edn-Lunas, el hombre que ha cometido traici\u00f3n y debe expiar su culpa estando sin estar, en centro inequ\u00edvoco de gravedad de las im\u00e1genes.<\/p>\n<p>Para Bonillas era claro lo que hab\u00eda que hacer con esas diapositivas: sacarlas a la luz y volverlas un retablo a la contradicci\u00f3n que descansa en las im\u00e1genes, todas tomadas en momentos de aparente fraternidad y no obstante atravesadas por la cat\u00e1strofe. Una mirada retrospectiva que re\u00fane el tiempo de la foto y el tiempo de la deslealtad, haciendo parecer entonces que los amigos que se encuentran alrededor de Mart\u00edn-Lunas, sonr\u00eden como si fueran conscientes de la buena suerte que han tenido de hacerse compa\u00f1\u00eda y desterrar juntos a la soledad que acecha. El ofendido tambi\u00e9n se encuentra all\u00ed, dominante y de garbo elocuente, sin sospechar lo que habr\u00e1 de acontecerle en el futuro.<\/p>","protected":false},"excerpt":{"rendered":"<p><strong>I\u00f1aki Bonillas<\/strong> <small>(M\u00e9xico, 1981)<\/small><br \/>\n2004 &#8211; 2012<br \/>\n12 impresiones digitales transl\u00facidas en cajas de luz<br \/>\n51.5 x 51.5 x 10 cm c\/u<\/p>\n<p><small><a href=\"http:\/\/www.projectesd.com\/index.php\/artists\/bio\/bonillas_inaki\/\" rel=\"external\">(Cortes\u00eda del artista)<\/a><\/small><\/p>\n","protected":false},"author":2,"featured_media":14724,"parent":14698,"menu_order":121,"comment_status":"open","ping_status":"open","template":"image.php","meta":{"footnotes":""},"class_list":["post-14722","page","type-page","status-publish","has-post-thumbnail","hentry"],"_links":{"self":[{"href":"https:\/\/li-mac.org\/es\/wp-json\/wp\/v2\/pages\/14722","targetHints":{"allow":["GET"]}}],"collection":[{"href":"https:\/\/li-mac.org\/es\/wp-json\/wp\/v2\/pages"}],"about":[{"href":"https:\/\/li-mac.org\/es\/wp-json\/wp\/v2\/types\/page"}],"author":[{"embeddable":true,"href":"https:\/\/li-mac.org\/es\/wp-json\/wp\/v2\/users\/2"}],"replies":[{"embeddable":true,"href":"https:\/\/li-mac.org\/es\/wp-json\/wp\/v2\/comments?post=14722"}],"version-history":[{"count":1,"href":"https:\/\/li-mac.org\/es\/wp-json\/wp\/v2\/pages\/14722\/revisions"}],"predecessor-version":[{"id":14725,"href":"https:\/\/li-mac.org\/es\/wp-json\/wp\/v2\/pages\/14722\/revisions\/14725"}],"up":[{"embeddable":true,"href":"https:\/\/li-mac.org\/es\/wp-json\/wp\/v2\/pages\/14698"}],"wp:featuredmedia":[{"embeddable":true,"href":"https:\/\/li-mac.org\/es\/wp-json\/wp\/v2\/media\/14724"}],"wp:attachment":[{"href":"https:\/\/li-mac.org\/es\/wp-json\/wp\/v2\/media?parent=14722"}],"curies":[{"name":"wp","href":"https:\/\/api.w.org\/{rel}","templated":true}]}}