{"id":14735,"date":"2012-10-16T14:50:12","date_gmt":"2012-10-16T14:50:12","guid":{"rendered":"http:\/\/li-mac.org\/?page_id=14735"},"modified":"2012-10-16T14:53:41","modified_gmt":"2012-10-16T14:53:41","slug":"the-mirror%e2%80%99s-ideas-3-4","status":"publish","type":"page","link":"https:\/\/li-mac.org\/es\/collection\/limac-collection\/inaki-bonillas\/works\/the-mirror%e2%80%99s-ideas-3-4\/","title":{"rendered":"Las ideas del espejo 3 y 4"},"content":{"rendered":"<p>Para esta serie, I\u00f1aki Bonillas decidi\u00f3 trabajar \u00fanicamente con im\u00e1genes (tomadas, las que aqu\u00ed vemos, del Archivo J.R. Plaza, pero tambi\u00e9n de otras procedencias) que por casualidad contuvieran espejos. Lo que interes\u00f3 al artista es que esos espejos no formaban parte de la acci\u00f3n, pertenec\u00edan a un paisaje de fondo, a un contexto difuso del que el fot\u00f3grafo se desentend\u00eda y, no obstante, arrojaban una \u201cimagen dentro de la imagen\u201d que parec\u00eda ir en contra, o al menos en otro rumbo, de lo fotografiado.<\/p>\n<p>A la mitad de una escena, digamos, familiar, se abre de pronto un hueco que se empe\u00f1a en <em>robar c\u00e1mara<\/em>, en llevar la mirada hacia otro lugar, <em>invisible<\/em>: el jard\u00edn, por ejemplo; el cuadro que adorna la famosa \u201ccuarta pared\u201d (la que en el teatro ocupan los espectadores); la sombra del fot\u00f3grafo; la mirada delatora de los amantes, etc. Ese curioso hueco, a trav\u00e9s del cual <em>habla<\/em> el espejo, es el que inspira la serie \u201cLas ideas del espejo\u201d.<\/p>\n<p>Lo que hizo el artista fue eliminar toda la informaci\u00f3n de la fotograf\u00eda y dejar \u00fanicamente <em>la idea<\/em> del espejo: ese espacio en el que otra imagen fotogr\u00e1fica \u2014plenamente conformada\u2014 nace aleatoriamente en el interior de la toma original. Se trata, pues, de crear un archivo a partir de esas peque\u00f1as fotograf\u00edas que realmente nadie busc\u00f3 tomar, pero que ah\u00ed est\u00e1n.<\/p>","protected":false},"excerpt":{"rendered":"<p><strong>I\u00f1aki Bonillas<\/strong> <small>(M\u00e9xico, 1981)<\/small><br \/>\n2009<br \/>\n2 impresiones digitales sobre papel de algod\u00f3n<br \/>\n77 x 56 cm c\/u<br \/>\n2 impresiones digitales sobre papel de algod\u00f3n<br \/>\n98 x 78 cm c\/u<\/p>\n<p><small><a href=\"http:\/\/www.projectesd.com\/index.php\/artists\/bio\/bonillas_inaki\/\" rel=\"external\">(Cortes\u00eda del artista)<\/a><\/small><\/p>\n","protected":false},"author":2,"featured_media":14737,"parent":14698,"menu_order":124,"comment_status":"open","ping_status":"open","template":"image.php","meta":{"footnotes":""},"class_list":["post-14735","page","type-page","status-publish","has-post-thumbnail","hentry"],"_links":{"self":[{"href":"https:\/\/li-mac.org\/es\/wp-json\/wp\/v2\/pages\/14735","targetHints":{"allow":["GET"]}}],"collection":[{"href":"https:\/\/li-mac.org\/es\/wp-json\/wp\/v2\/pages"}],"about":[{"href":"https:\/\/li-mac.org\/es\/wp-json\/wp\/v2\/types\/page"}],"author":[{"embeddable":true,"href":"https:\/\/li-mac.org\/es\/wp-json\/wp\/v2\/users\/2"}],"replies":[{"embeddable":true,"href":"https:\/\/li-mac.org\/es\/wp-json\/wp\/v2\/comments?post=14735"}],"version-history":[{"count":4,"href":"https:\/\/li-mac.org\/es\/wp-json\/wp\/v2\/pages\/14735\/revisions"}],"predecessor-version":[{"id":14741,"href":"https:\/\/li-mac.org\/es\/wp-json\/wp\/v2\/pages\/14735\/revisions\/14741"}],"up":[{"embeddable":true,"href":"https:\/\/li-mac.org\/es\/wp-json\/wp\/v2\/pages\/14698"}],"wp:featuredmedia":[{"embeddable":true,"href":"https:\/\/li-mac.org\/es\/wp-json\/wp\/v2\/media\/14737"}],"wp:attachment":[{"href":"https:\/\/li-mac.org\/es\/wp-json\/wp\/v2\/media?parent=14735"}],"curies":[{"name":"wp","href":"https:\/\/api.w.org\/{rel}","templated":true}]}}