{"id":14742,"date":"2012-10-16T15:05:24","date_gmt":"2012-10-16T15:05:24","guid":{"rendered":"http:\/\/li-mac.org\/?page_id=14742"},"modified":"2012-10-16T15:06:22","modified_gmt":"2012-10-16T15:06:22","slug":"bathtubs","status":"publish","type":"page","link":"https:\/\/li-mac.org\/es\/collection\/limac-collection\/inaki-bonillas\/works\/bathtubs\/","title":{"rendered":"Ba\u00f1eras"},"content":{"rendered":"<p>Tres de las cuatro proyecciones se reparten los colores de los que est\u00e1 compuesta la luz blanca (seg\u00fan el modelo aditivo conocido como RGB, \u2014en ingl\u00e9s, rojo, verde, azul\u2014 que es el que se emplea en la fotograf\u00eda y en los sistemas electr\u00f3nicos) y proyectan, cada una, la misma imagen ochenta veces seguidas, modificando tan s\u00f3lo la tonalidad de una diapositiva a otra. Una proyecci\u00f3n completa permite as\u00ed a la imagen pasar de un color primario saturado a su opuesto (expresi\u00f3n de la carencia absoluta del color original), igualmente saturado: del azul al amarillo, del rojo al cian y del verde al magenta.<\/p>\n<p>La cuarta proyecci\u00f3n repite ochenta veces la misma fotograf\u00eda de una nube que se atraves\u00f3 entre el sol y la c\u00e1mara de J.R. Plaza en alg\u00fan lugar de Baja California en agosto de 1982: esta vez, la imagen surge poco a poco de una oscuridad total para perderse paulatinamente en un blanco imperioso.<\/p>\n<p>Las cuatro proyecciones est\u00e1n sincronizadas y justo a la mitad de esas gamas de colores y de intensidades luminosas \u2014cada ochenta diapositivas, pues\u2014, la misma imagen, la original \u2014o, mejor dicho, cuatro copias id\u00e9nticas de la original\u2014, aparece durante un breve instante.<\/p>\n<p><em>Ba\u00f1eras<\/em> toma su nombre de las tinas naturales talladas en la roca que suelen existir a la orilla del oc\u00e9ano y en las que, durante la marea baja, se entibia el agua en ellas prisionera.<\/p>","protected":false},"excerpt":{"rendered":"<p><strong>I\u00f1aki Bonillas<\/strong> <small>(M\u00e9xico, 1981)<\/small><br \/>\n2005<br \/>\n4 proyecciones simult\u00e1neas de 80 diapositivas c\/u.<br \/>\nTama\u00f1o aproximado de proyecci\u00f3n: 265 x 174 cm.<\/p>\n<p><small><a href=\"http:\/\/www.projectesd.com\/index.php\/artists\/bio\/bonillas_inaki\/\" rel=\"external\">(Cortes\u00eda del artista)<\/a><\/small><\/p>\n","protected":false},"author":2,"featured_media":14743,"parent":14698,"menu_order":125,"comment_status":"open","ping_status":"open","template":"image.php","meta":{"footnotes":""},"class_list":["post-14742","page","type-page","status-publish","has-post-thumbnail","hentry"],"_links":{"self":[{"href":"https:\/\/li-mac.org\/es\/wp-json\/wp\/v2\/pages\/14742","targetHints":{"allow":["GET"]}}],"collection":[{"href":"https:\/\/li-mac.org\/es\/wp-json\/wp\/v2\/pages"}],"about":[{"href":"https:\/\/li-mac.org\/es\/wp-json\/wp\/v2\/types\/page"}],"author":[{"embeddable":true,"href":"https:\/\/li-mac.org\/es\/wp-json\/wp\/v2\/users\/2"}],"replies":[{"embeddable":true,"href":"https:\/\/li-mac.org\/es\/wp-json\/wp\/v2\/comments?post=14742"}],"version-history":[{"count":2,"href":"https:\/\/li-mac.org\/es\/wp-json\/wp\/v2\/pages\/14742\/revisions"}],"predecessor-version":[{"id":14748,"href":"https:\/\/li-mac.org\/es\/wp-json\/wp\/v2\/pages\/14742\/revisions\/14748"}],"up":[{"embeddable":true,"href":"https:\/\/li-mac.org\/es\/wp-json\/wp\/v2\/pages\/14698"}],"wp:featuredmedia":[{"embeddable":true,"href":"https:\/\/li-mac.org\/es\/wp-json\/wp\/v2\/media\/14743"}],"wp:attachment":[{"href":"https:\/\/li-mac.org\/es\/wp-json\/wp\/v2\/media?parent=14742"}],"curies":[{"name":"wp","href":"https:\/\/api.w.org\/{rel}","templated":true}]}}