{"id":14749,"date":"2012-10-16T15:14:36","date_gmt":"2012-10-16T15:14:36","guid":{"rendered":"http:\/\/li-mac.org\/?page_id=14749"},"modified":"2012-10-16T15:15:17","modified_gmt":"2012-10-16T15:15:17","slug":"delineated-photographs","status":"publish","type":"page","link":"https:\/\/li-mac.org\/es\/collection\/limac-collection\/inaki-bonillas\/works\/delineated-photographs\/","title":{"rendered":"Fotograf\u00edas delineadas"},"content":{"rendered":"<p>Con estos dibujos Bonillas vuelve al asunto de Mart\u00edn-Lunas, pero esta vez no lo hace a partir de las diapositivas en las que J.R. Plaza se encarg\u00f3 de borrar el rostro de su amigo con un rotulador negro, sino recurriendo al archivo de impresiones fotogr\u00e1ficas, en el que Mart\u00edn-Lunas, una presencia constante en las p\u00e1ginas de los \u00e1lbumes, va desapareciendo, primero, gracias a las tijeras de Plaza y, despu\u00e9s, a las vueltas de la vida, que terminan por dejarlo fuera del recuento familiar.<\/p>\n<p>Lo primero que hizo Bonillas con estas im\u00e1genes mutiladas fue delinear con un l\u00e1piz las siluetas, para conseguir un primer grupo de dibujos que recuerdan mucho a los trazos de clari\u00f3n sobre el piso que rodean el cuerpo de la v\u00edctima en el lugar de los hechos. En efecto, estas l\u00edneas de grafito tambi\u00e9n est\u00e1n ah\u00ed para marcar el per\u00edmetro de un ausencia.<\/p>\n<p>En un segundo momento, el artista recurri\u00f3 a la t\u00e9cnica de los viejos fotogramas (por la cual se obtiene una imagen sin el uso de una c\u00e1mara, mediante la colocaci\u00f3n de un objeto sobre una superficie fotosensible y la posterior exposici\u00f3n a la luz directa) y con ella realiz\u00f3 una nueva serie de dibujos, ahora fotog\u00e9nicos, que de alg\u00fan modo son las fotograf\u00edas \u2014las huellas\u2014 de la ausencia de otras fotograf\u00edas.<\/p>\n<p>Con esta serie, Bonillas contin\u00faa, a la vez que niega, lo comenzado por J.R. Plaza al recortar a su cu\u00f1ado de las fotos: desaparece, al menos en parte, la imagen fotogr\u00e1fica pero al desaparecer genera una nueva imagen: en este caso, un dibujo incidental que el artista vuelve consciente y lleva al extremo. M\u00e1s que im\u00e1genes, quiz\u00e1 habr\u00eda que decir que se trata de un sistema fantasm\u00e1tico, a trav\u00e9s del cual quedan estrictamente catalogadas las distintas desapariciones de Mart\u00edn-Lunas.<\/p>","protected":false},"excerpt":{"rendered":"<p><strong>I\u00f1aki Bonillas<\/strong> <small>(M\u00e9xico, 1981)<\/small><br \/>\n2006<br \/>\n25 dibujos fotog\u00e9nicos y 25 dibujos a l\u00e1piz sobre papel fotogr\u00e1fico<br \/>\n29.5 x 36.7 cm c\/u<\/p>\n<p><small><a href=\"http:\/\/www.projectesd.com\/index.php\/artists\/bio\/bonillas_inaki\/\" rel=\"external\">(Cortes\u00eda del artista)<\/a><\/small><\/p>\n","protected":false},"author":2,"featured_media":14752,"parent":14698,"menu_order":129,"comment_status":"open","ping_status":"open","template":"image.php","meta":{"footnotes":""},"class_list":["post-14749","page","type-page","status-publish","has-post-thumbnail","hentry"],"_links":{"self":[{"href":"https:\/\/li-mac.org\/es\/wp-json\/wp\/v2\/pages\/14749","targetHints":{"allow":["GET"]}}],"collection":[{"href":"https:\/\/li-mac.org\/es\/wp-json\/wp\/v2\/pages"}],"about":[{"href":"https:\/\/li-mac.org\/es\/wp-json\/wp\/v2\/types\/page"}],"author":[{"embeddable":true,"href":"https:\/\/li-mac.org\/es\/wp-json\/wp\/v2\/users\/2"}],"replies":[{"embeddable":true,"href":"https:\/\/li-mac.org\/es\/wp-json\/wp\/v2\/comments?post=14749"}],"version-history":[{"count":2,"href":"https:\/\/li-mac.org\/es\/wp-json\/wp\/v2\/pages\/14749\/revisions"}],"predecessor-version":[{"id":14754,"href":"https:\/\/li-mac.org\/es\/wp-json\/wp\/v2\/pages\/14749\/revisions\/14754"}],"up":[{"embeddable":true,"href":"https:\/\/li-mac.org\/es\/wp-json\/wp\/v2\/pages\/14698"}],"wp:featuredmedia":[{"embeddable":true,"href":"https:\/\/li-mac.org\/es\/wp-json\/wp\/v2\/media\/14752"}],"wp:attachment":[{"href":"https:\/\/li-mac.org\/es\/wp-json\/wp\/v2\/media?parent=14749"}],"curies":[{"name":"wp","href":"https:\/\/api.w.org\/{rel}","templated":true}]}}