{"id":14755,"date":"2012-10-16T15:36:16","date_gmt":"2012-10-16T15:36:16","guid":{"rendered":"http:\/\/li-mac.org\/?page_id=14755"},"modified":"2012-10-16T15:42:01","modified_gmt":"2012-10-16T15:42:01","slug":"days-in-the-countryside","status":"publish","type":"page","link":"https:\/\/li-mac.org\/es\/collection\/limac-collection\/inaki-bonillas\/works\/days-in-the-countryside\/","title":{"rendered":"D\u00edas de campo"},"content":{"rendered":"<p>Algo que llam\u00f3 especialmente la atenci\u00f3n de I\u00f1aki Bonillas fue la notable recurrencia en los \u00e1lbumes fotogr\u00e1ficos del Archivo J.R. Plaza de im\u00e1genes de la familia, en distintos momentos de su historia, comiendo sobre el c\u00e9sped o simplemente reunida al aire libre. Conforme el tiempo avanza, no obstante, estos d\u00edas de campo se hacen cada vez menos frecuentes en la colecci\u00f3n hasta que, entrados la d\u00e9cada de 1990, desaparecen.<\/p>\n<p>Con <em>D\u00edas de campo<\/em>, Bonillas se propuso hablar de c\u00f3mo resulta cada vez m\u00e1s dif\u00edcil llegar al campo en la actualidad; cada vez la mancha urbana lo hace parecer m\u00e1s un espejismo, una suerte de dimensi\u00f3n aparte, a la que no conduce ninguna carretera; cada vez m\u00e1s el campo se antoja un para\u00edso artificial.<\/p>\n<p>Qu\u00e9 fr\u00e1gil se antoja la burbuja con la que nos internamos en la naturaleza, y qu\u00e9 dif\u00edcil es en realidad desembarazarse de ella, romperla o dejarla atr\u00e1s. Todas esas telas y manteles sobre el terreno, \u00bfno hacen las veces de membrana? Necesitamos algo que regule la invasi\u00f3n del entorno; no \u00fanicamente de las hormigas y la tierra, sino del exterior en s\u00ed, de su presencia avasallante. La naturaleza nos parece siempre dispuesta a engullirnos, a colonizarnos. El campo es ahora visto m\u00e1s como una regi\u00f3n de la nostalgia que una posibilidad al alcance. Esos parajes soleados entre los \u00e1rboles, esos arroyos todav\u00eda cristalinos en los que se paseaban los abuelos, \u00bfexisten a\u00fan?<\/p>\n<p>Para ilustrar estas reflexiones, el artista retoma algunas im\u00e1genes del archivo que retratan esta pr\u00e1ctica casi obsoleta de reunirse con la familia a las afueras de la ciudad, y nos las presenta a manera de d\u00edpticos en los que se manifiesta la ruptura, no solo con una vieja tradici\u00f3n, sino con una manera de relacionarse con la naturaleza, hoy pr\u00e1cticamente extinta.<\/p>","protected":false},"excerpt":{"rendered":"<p><strong>I\u00f1aki Bonillas<\/strong> <small>(M\u00e9xico, 1981)<\/small><br \/>\n2011<br \/>\n40 impresiones digitales sobre papel de algod\u00f3n<br \/>\n37.7 x 35.7 cm c\/u<\/p>\n<p><small><a href=\"http:\/\/www.projectesd.com\/index.php\/artists\/bio\/bonillas_inaki\/\" rel=\"external\">(Cortes\u00eda del artista)<\/a><\/small><\/p>\n","protected":false},"author":2,"featured_media":14757,"parent":14698,"menu_order":132,"comment_status":"open","ping_status":"open","template":"image.php","meta":{"footnotes":""},"class_list":["post-14755","page","type-page","status-publish","has-post-thumbnail","hentry"],"_links":{"self":[{"href":"https:\/\/li-mac.org\/es\/wp-json\/wp\/v2\/pages\/14755","targetHints":{"allow":["GET"]}}],"collection":[{"href":"https:\/\/li-mac.org\/es\/wp-json\/wp\/v2\/pages"}],"about":[{"href":"https:\/\/li-mac.org\/es\/wp-json\/wp\/v2\/types\/page"}],"author":[{"embeddable":true,"href":"https:\/\/li-mac.org\/es\/wp-json\/wp\/v2\/users\/2"}],"replies":[{"embeddable":true,"href":"https:\/\/li-mac.org\/es\/wp-json\/wp\/v2\/comments?post=14755"}],"version-history":[{"count":5,"href":"https:\/\/li-mac.org\/es\/wp-json\/wp\/v2\/pages\/14755\/revisions"}],"predecessor-version":[{"id":14762,"href":"https:\/\/li-mac.org\/es\/wp-json\/wp\/v2\/pages\/14755\/revisions\/14762"}],"up":[{"embeddable":true,"href":"https:\/\/li-mac.org\/es\/wp-json\/wp\/v2\/pages\/14698"}],"wp:featuredmedia":[{"embeddable":true,"href":"https:\/\/li-mac.org\/es\/wp-json\/wp\/v2\/media\/14757"}],"wp:attachment":[{"href":"https:\/\/li-mac.org\/es\/wp-json\/wp\/v2\/media?parent=14755"}],"curies":[{"name":"wp","href":"https:\/\/api.w.org\/{rel}","templated":true}]}}