{"id":14763,"date":"2012-10-16T15:49:52","date_gmt":"2012-10-16T15:49:52","guid":{"rendered":"http:\/\/li-mac.org\/?page_id=14763"},"modified":"2012-10-16T15:49:52","modified_gmt":"2012-10-16T15:49:52","slug":"memory-of-christmas","status":"publish","type":"page","link":"https:\/\/li-mac.org\/es\/collection\/limac-collection\/inaki-bonillas\/works\/memory-of-christmas\/","title":{"rendered":"Recuerdo de las Navidades"},"content":{"rendered":"<p>En uno de los \u00e1lbumes del Archivo J.R. Plaza, Bonillas descubri\u00f3 un retrato de su bisabuela, firmado por su t\u00edo, el fot\u00f3grafo Carlos Somonte, quien al calce consigna que \u00e9sa es solo la copia n\u00famero dos de cinco. El artista se propuso entonces rastrear el destino final de las otras 4 impresiones para producir un mismo n\u00famero de registros fotogr\u00e1ficos de los distintos entornos; las distintas vidas de una misma imagen, pues, y comprobar as\u00ed aquello que dijera alguna vez el poeta Robert Desnos, acerca de que si hay un espectro, ese ser\u00eda el negativo fotogr\u00e1fico: el \u00fanico capaz de merodear de foto en foto.<\/p>\n<p>Al centro de la imagen matriz, vemos a Do\u00f1a Pilar. Detr\u00e1s de ella, en la pared, hay seis pinturas y retratos. Por la leyenda al pie, sabemos que la fotograf\u00eda de Somonte fue tomada durante la Navidad de 1982, mientras que las tomas de Bonillas fueron realizadas un cuarto de siglo despu\u00e9s. Cada una registra el lugar en el espacio que ocupan las impresiones originales en las casas de sus due\u00f1os junto a im\u00e1genes de otros parientes. S\u00f3lo una de aquellas impresiones, cabe destacar, cuelga de una pared desnuda.<\/p>\n<p>Si Somonte fotograf\u00eda uno de esos \u201cmomentos que desde que uno los vive parecen viejos recuerdos\u201d, como escribi\u00f3 Luis Ignacio Helguera, el instante de Bonillas es inestable y m\u00faltiple; crea instant\u00e1neas de un recuerdo impreso que parecen provenir de un pasado tan remoto como ficticio: recuerdos in\u00e9ditos que bien podr\u00edan ser ap\u00f3crifos o inventados. Basta una mudanza o un reacomodo para que la \u201csupraimagen\u201d resultante \u2014\u00e9sa que engloba los registros de Bonillas que, a su vez, engloban las impresiones de Somonte\u2014 genere una realidad distinta a partir de resultados parecidos.<\/p>","protected":false},"excerpt":{"rendered":"<p><strong>I\u00f1aki Bonillas<\/strong> <small>(M\u00e9xico, 1981)<\/small><br \/>\n2006<br \/>\n8 impresiones digitales sobre papel de algod\u00f3n<br \/>\nMedidas variables<\/p>\n<p><small><a href=\"http:\/\/www.projectesd.com\/index.php\/artists\/bio\/bonillas_inaki\/\" rel=\"external\">(Cortes\u00eda del artista)<\/a><\/small><\/p>\n","protected":false},"author":2,"featured_media":14765,"parent":14698,"menu_order":138,"comment_status":"open","ping_status":"open","template":"image.php","meta":{"footnotes":""},"class_list":["post-14763","page","type-page","status-publish","has-post-thumbnail","hentry"],"_links":{"self":[{"href":"https:\/\/li-mac.org\/es\/wp-json\/wp\/v2\/pages\/14763","targetHints":{"allow":["GET"]}}],"collection":[{"href":"https:\/\/li-mac.org\/es\/wp-json\/wp\/v2\/pages"}],"about":[{"href":"https:\/\/li-mac.org\/es\/wp-json\/wp\/v2\/types\/page"}],"author":[{"embeddable":true,"href":"https:\/\/li-mac.org\/es\/wp-json\/wp\/v2\/users\/2"}],"replies":[{"embeddable":true,"href":"https:\/\/li-mac.org\/es\/wp-json\/wp\/v2\/comments?post=14763"}],"version-history":[{"count":1,"href":"https:\/\/li-mac.org\/es\/wp-json\/wp\/v2\/pages\/14763\/revisions"}],"predecessor-version":[{"id":14768,"href":"https:\/\/li-mac.org\/es\/wp-json\/wp\/v2\/pages\/14763\/revisions\/14768"}],"up":[{"embeddable":true,"href":"https:\/\/li-mac.org\/es\/wp-json\/wp\/v2\/pages\/14698"}],"wp:featuredmedia":[{"embeddable":true,"href":"https:\/\/li-mac.org\/es\/wp-json\/wp\/v2\/media\/14765"}],"wp:attachment":[{"href":"https:\/\/li-mac.org\/es\/wp-json\/wp\/v2\/media?parent=14763"}],"curies":[{"name":"wp","href":"https:\/\/api.w.org\/{rel}","templated":true}]}}