{"id":14778,"date":"2012-10-16T16:07:25","date_gmt":"2012-10-16T16:07:25","guid":{"rendered":"http:\/\/li-mac.org\/?page_id=14778"},"modified":"2012-10-16T16:07:25","modified_gmt":"2012-10-16T16:07:25","slug":"the-voice-imitator","status":"publish","type":"page","link":"https:\/\/li-mac.org\/es\/collection\/limac-collection\/inaki-bonillas\/works\/the-voice-imitator\/","title":{"rendered":"El imitador de voces"},"content":{"rendered":"<p>En el centro hist\u00f3rico de la ciudad de M\u00e9xico, en la Plaza de Santo Domingo, existen, todav\u00eda, personas que ejercen el oficio de escribientes o copistas: producen todo tipo de documentos con m\u00e1quinas de escribir que caben en un modesto cub\u00edculo. A\u00fan es posible escuchar a gente dictar cartas de amor al vuelo, mientras los copistas, a toda velocidad, transcriben lo recitado.<\/p>\n<p>El cuento de Thomas Bernhard, <em>El imitador de voces<\/em>, sirvi\u00f3 inmejorablemente a Bonillas \u2014por su contenido y extensi\u00f3n\u2014 para llevar a cabo una acci\u00f3n muy puntual: pedirle a cada uno de los amanuenses de Santo Domingo que realizaran una copia exacta del texto, tanto en el alem\u00e1n original como en su traducci\u00f3n al castellano. Un texto que sin duda invita a pensar en la idea de lo original y la copia.<\/p>\n<p>Aqu\u00ed, cada copia, es decir cada imitaci\u00f3n del texto, presenta distintos errores y alteraciones singulares de la versi\u00f3n primigenia. Puede decirse incluso que la artesan\u00eda de los copistas de la plaza de Santo Domingo reside precisamente en esos errores, que hacen de cada copia un original.<\/p>\n<p>La pregunta sugerida por el relato de Bernhard, sobre si puede el imitador de voces fingir su propia voz, ha sido trasladada al contexto de la escritura: \u00bfpuede el escriba imitar su propio estilo? Confrontado con el texto de Bernhard, cada copista, nos dice Manuel Cirauqui, \u201cparece responder a \u00e9ste de modo subliminal e involuntario. El imitador es par\u00e1sito de una autor\u00eda que no posee, y s\u00f3lo a trav\u00e9s de ella es capaz de manifestar su parad\u00f3jico arte: la buena copia es, por norma general, la que no puede ser reconocida\u201d, la imitaci\u00f3n perfecta de la voz ajena. Pero la disposici\u00f3n de las copias desiguales en <em>El imitador de voces <\/em>permite observarlas justamente como copias o versiones<em> <\/em>del texto original.<\/p>\n<p>Cada una de las copias hechas por los escribientes aparece acompa\u00f1ada de su propia copia (la copia de la copia) y del papel carb\u00f3n que la hizo posible. Una demostraci\u00f3n, quiz\u00e1, de que la originalidad es una utop\u00eda dif\u00edcilmente alcanzable, pues las m\u00e1s de las veces estamos frente a imitaciones, revisiones, desciframientos, apropiaciones y reinterpretaciones que buscan singularizarse del modo m\u00e1s imprevisible que quepa. Quiz\u00e1 s\u00f3lo a eso pueda aspirarse. \u00bfAcaso un artista no es, a final de cuentas, una suerte de imitador de voces? \u00bfNo lo es Plaza mismo?<\/p>","protected":false},"excerpt":{"rendered":"<p><strong>I\u00f1aki Bonillas<\/strong> <small>(M\u00e9xico, 1981)<\/small><br \/>\n2008<br \/>\n16 textos mecanografiados, 16 hojas de papel carb\u00f3n,<br \/>\n16 textos calcados y 8 etiquetas rotuladas<br \/>\n8 piezas de 76.5 x 80.9 cm c\/u<\/p>\n<p><small><a href=\"http:\/\/www.projectesd.com\/index.php\/artists\/bio\/bonillas_inaki\/\" rel=\"external\">(Cortes\u00eda del artista)<\/a><\/small><\/p>\n","protected":false},"author":2,"featured_media":14781,"parent":14698,"menu_order":142,"comment_status":"open","ping_status":"open","template":"image.php","meta":{"footnotes":""},"class_list":["post-14778","page","type-page","status-publish","has-post-thumbnail","hentry"],"_links":{"self":[{"href":"https:\/\/li-mac.org\/es\/wp-json\/wp\/v2\/pages\/14778","targetHints":{"allow":["GET"]}}],"collection":[{"href":"https:\/\/li-mac.org\/es\/wp-json\/wp\/v2\/pages"}],"about":[{"href":"https:\/\/li-mac.org\/es\/wp-json\/wp\/v2\/types\/page"}],"author":[{"embeddable":true,"href":"https:\/\/li-mac.org\/es\/wp-json\/wp\/v2\/users\/2"}],"replies":[{"embeddable":true,"href":"https:\/\/li-mac.org\/es\/wp-json\/wp\/v2\/comments?post=14778"}],"version-history":[{"count":1,"href":"https:\/\/li-mac.org\/es\/wp-json\/wp\/v2\/pages\/14778\/revisions"}],"predecessor-version":[{"id":14782,"href":"https:\/\/li-mac.org\/es\/wp-json\/wp\/v2\/pages\/14778\/revisions\/14782"}],"up":[{"embeddable":true,"href":"https:\/\/li-mac.org\/es\/wp-json\/wp\/v2\/pages\/14698"}],"wp:featuredmedia":[{"embeddable":true,"href":"https:\/\/li-mac.org\/es\/wp-json\/wp\/v2\/media\/14781"}],"wp:attachment":[{"href":"https:\/\/li-mac.org\/es\/wp-json\/wp\/v2\/media?parent=14778"}],"curies":[{"name":"wp","href":"https:\/\/api.w.org\/{rel}","templated":true}]}}