{"id":14790,"date":"2012-10-16T16:26:53","date_gmt":"2012-10-16T16:26:53","guid":{"rendered":"http:\/\/li-mac.org\/?page_id=14790"},"modified":"2012-10-16T16:28:58","modified_gmt":"2012-10-16T16:28:58","slug":"the-expression-of-emotions","status":"publish","type":"page","link":"https:\/\/li-mac.org\/es\/collection\/limac-collection\/inaki-bonillas\/works\/the-expression-of-emotions\/","title":{"rendered":"La expresi\u00f3n de las emociones"},"content":{"rendered":"<p>El t\u00edtulo de esta serie est\u00e1 tomado del libro de Charles Darwin, \u201cLa expresi\u00f3n de las emociones en el hombre y los animales\u201d, con el cual el naturalista busc\u00f3 corroborar su teor\u00eda evolutiva a trav\u00e9s de un examen minucioso de los modos en que las emociones son expresadas a trav\u00e9s de gestos y acciones corporales.<\/p>\n<p>Para esta obra, Bonillas se inspir\u00f3 particularmente en las ilustraciones del libro de Darwin: un puntual recuento de la fisionom\u00eda de los distintos comportamientos emocionales. Con esto en mente, el artista decidi\u00f3 explorar la diversidad de situaciones en que una persona retratada en una fotograf\u00eda puede aparecer con los ojos cerrados (caso inexplorado por Darwin). Uno de los mandatos del g\u00e9nero del retrato dicta que la persona vea fijamente a la c\u00e1mara. De no ser as\u00ed, la toma suele repetirse. No obstante, dentro del universo que es el Archivo J.R. Plaza, el artista pudo encontrar una multiplicidad de momentos en que esta regla, por razones variadas, se rompe.<\/p>\n<p>Adem\u00e1s de usar la cristaler\u00eda para \u201ciluminar\u201d los distintos rostros, Bonillas recurri\u00f3 a una gama de citas literarias que arrojan otra luz sobre las im\u00e1genes y sirven aqu\u00ed a manera de gu\u00eda de las distintas emociones retratadas. Cada uno de los fragmentos est\u00e1 numerado para poder ser le\u00eddo en compa\u00f1\u00eda de la fotograf\u00eda correspondiente.<\/p>","protected":false},"excerpt":{"rendered":"<p><strong>I\u00f1aki Bonillas<\/strong> <small>(M\u00e9xico, 1981)<\/small><br \/>\n2010-2012<br \/>\n24 impresiones digitales translucidas de 43.7 x 29.7 cm c\/u<br \/>\n1 folleto de 29.7 x 21 cm.<\/p>\n<p><small><a href=\"http:\/\/www.projectesd.com\/index.php\/artists\/bio\/bonillas_inaki\/\" rel=\"external\">(Cortes\u00eda del artista)<\/a><\/small><\/p>\n","protected":false},"author":2,"featured_media":14789,"parent":14698,"menu_order":145,"comment_status":"open","ping_status":"open","template":"image.php","meta":{"footnotes":""},"class_list":["post-14790","page","type-page","status-publish","has-post-thumbnail","hentry"],"_links":{"self":[{"href":"https:\/\/li-mac.org\/es\/wp-json\/wp\/v2\/pages\/14790","targetHints":{"allow":["GET"]}}],"collection":[{"href":"https:\/\/li-mac.org\/es\/wp-json\/wp\/v2\/pages"}],"about":[{"href":"https:\/\/li-mac.org\/es\/wp-json\/wp\/v2\/types\/page"}],"author":[{"embeddable":true,"href":"https:\/\/li-mac.org\/es\/wp-json\/wp\/v2\/users\/2"}],"replies":[{"embeddable":true,"href":"https:\/\/li-mac.org\/es\/wp-json\/wp\/v2\/comments?post=14790"}],"version-history":[{"count":2,"href":"https:\/\/li-mac.org\/es\/wp-json\/wp\/v2\/pages\/14790\/revisions"}],"predecessor-version":[{"id":14794,"href":"https:\/\/li-mac.org\/es\/wp-json\/wp\/v2\/pages\/14790\/revisions\/14794"}],"up":[{"embeddable":true,"href":"https:\/\/li-mac.org\/es\/wp-json\/wp\/v2\/pages\/14698"}],"wp:featuredmedia":[{"embeddable":true,"href":"https:\/\/li-mac.org\/es\/wp-json\/wp\/v2\/media\/14789"}],"wp:attachment":[{"href":"https:\/\/li-mac.org\/es\/wp-json\/wp\/v2\/media?parent=14790"}],"curies":[{"name":"wp","href":"https:\/\/api.w.org\/{rel}","templated":true}]}}