{"id":14795,"date":"2012-10-16T16:37:23","date_gmt":"2012-10-16T16:37:23","guid":{"rendered":"http:\/\/li-mac.org\/?page_id=14795"},"modified":"2012-10-16T16:37:23","modified_gmt":"2012-10-16T16:37:23","slug":"j-r-plaza-archive-the-other-sides","status":"publish","type":"page","link":"https:\/\/li-mac.org\/es\/collection\/limac-collection\/inaki-bonillas\/works\/j-r-plaza-archive-the-other-sides\/","title":{"rendered":"De la serie Archivo J.R. Plaza (Reversos)"},"content":{"rendered":"<p>Como hiciera en <em>Todas las verticales<\/em> (una obra en la que Bonillas se concentra en el formato vertical de las fotograf\u00edas de los \u00e1lbumes del Archivo J.R. Plaza), aqu\u00ed el artista toma otra decisi\u00f3n sorprendente: no mostrar la imagen, sino el reverso del papel fotogr\u00e1fico; la cara que normalmente no se ve \u2014o que si se ve, no se atiende. Para Bonillas el reverso tiene, no obstante, una relaci\u00f3n con la fotograf\u00eda igualmente estrecha que la de la imagen captada por la c\u00e1mara.<\/p>\n<p>Se trata, en parte, de una revaloraci\u00f3n de ciertos elementos marginales de la fotograf\u00eda anal\u00f3gica (relacionados, espec\u00edficamente con la impresi\u00f3n: el tipo y la marca del papel, el formato, el laboratorio de revelado y toda la informaci\u00f3n que pudiera llegar a suscribirse en el reverso), que ofrecen una lectura alterna, tan o m\u00e1s sugerente incluso que la que proporciona el anverso, pues lo que vemos es apenas una insinuaci\u00f3n de la imagen.<\/p>\n<p>Pero adem\u00e1s hay aqu\u00ed una reflexi\u00f3n sobre la fotograf\u00eda como documento; tema que ha sido explorado por otros artistas, que emplean la foto fundamentalmente para registrar eventos performativos. Aqu\u00ed, sin embargo, el documento est\u00e1 girado hacia el interior, sobre s\u00ed mismo, en lugar de hacia el exterior, para el mundo. Es un registro, digamos, pero de sus propias funciones y posibilidades.<\/p>","protected":false},"excerpt":{"rendered":"<p><strong>I\u00f1aki Bonillas<\/strong> <small>(M\u00e9xico, 1981)<\/small><br \/>\n2005<br \/>\n28 impresiones digitales sobre papel de algod\u00f3n<br \/>\nMedidas variables<\/p>\n<p><small><a href=\"http:\/\/www.projectesd.com\/index.php\/artists\/bio\/bonillas_inaki\/\" rel=\"external\">(Cortes\u00eda del artista)<\/a><\/small><\/p>\n","protected":false},"author":2,"featured_media":14797,"parent":14698,"menu_order":146,"comment_status":"open","ping_status":"open","template":"image.php","meta":{"footnotes":""},"class_list":["post-14795","page","type-page","status-publish","has-post-thumbnail","hentry"],"_links":{"self":[{"href":"https:\/\/li-mac.org\/es\/wp-json\/wp\/v2\/pages\/14795","targetHints":{"allow":["GET"]}}],"collection":[{"href":"https:\/\/li-mac.org\/es\/wp-json\/wp\/v2\/pages"}],"about":[{"href":"https:\/\/li-mac.org\/es\/wp-json\/wp\/v2\/types\/page"}],"author":[{"embeddable":true,"href":"https:\/\/li-mac.org\/es\/wp-json\/wp\/v2\/users\/2"}],"replies":[{"embeddable":true,"href":"https:\/\/li-mac.org\/es\/wp-json\/wp\/v2\/comments?post=14795"}],"version-history":[{"count":2,"href":"https:\/\/li-mac.org\/es\/wp-json\/wp\/v2\/pages\/14795\/revisions"}],"predecessor-version":[{"id":14799,"href":"https:\/\/li-mac.org\/es\/wp-json\/wp\/v2\/pages\/14795\/revisions\/14799"}],"up":[{"embeddable":true,"href":"https:\/\/li-mac.org\/es\/wp-json\/wp\/v2\/pages\/14698"}],"wp:featuredmedia":[{"embeddable":true,"href":"https:\/\/li-mac.org\/es\/wp-json\/wp\/v2\/media\/14797"}],"wp:attachment":[{"href":"https:\/\/li-mac.org\/es\/wp-json\/wp\/v2\/media?parent=14795"}],"curies":[{"name":"wp","href":"https:\/\/api.w.org\/{rel}","templated":true}]}}