{"id":14813,"date":"2012-10-16T17:11:23","date_gmt":"2012-10-16T17:11:23","guid":{"rendered":"http:\/\/li-mac.org\/?page_id=14813"},"modified":"2012-10-16T17:17:06","modified_gmt":"2012-10-16T17:17:06","slug":"double-chiaroscuro-i-v-vi-vii","status":"publish","type":"page","link":"https:\/\/li-mac.org\/es\/collection\/limac-collection\/inaki-bonillas\/works\/double-chiaroscuro-i-v-vi-vii\/","title":{"rendered":"Doble claroscuro I, V, VI, VII"},"content":{"rendered":"<p>A partir de un retrato de su bisabuelo encontrado en el Archivo J.R. Plaza, Bonillas emprende una investigaci\u00f3n sobre la plasticidad de la imagen: su capacidad para desdoblarse y producir otras im\u00e1genes plenamente diferenciadas (casi como sucede en los procesos biol\u00f3gicos de reactivaci\u00f3n del desarrollo). Al presentar una reproducci\u00f3n exacta de la fotograf\u00eda original, el artista deja en claro que en realidad nos encontramos siempre frente a duplicados. Aqu\u00ed, la creaci\u00f3n supone la reproducci\u00f3n desde el primer momento.<\/p>\n<p>El retrato presentaba de origen los trazos de una cuadr\u00edcula realizada a l\u00e1piz (con la idea, seguramente, de permitir una copia por zonas: A1, A2, A3, etc.), que es la que inspir\u00f3 a Bonillas a trabajar no con la imagen entera, sino con los 104 fragmentos que de la cuadr\u00edcula \u201crecortada\u201d. Al renunciar, as\u00ed, a la cualidad figurativa de la fotograf\u00eda original (a la posibilidad de reconocimiento, pues), el artista puede comenzar una b\u00fasqueda de diferentes maneras de ordenar el conjunto de peque\u00f1as im\u00e1genes abstractas. En realidad, en este punto las im\u00e1genes tampoco son ya estrictamente fotogr\u00e1ficas, sino de naturaleza suficientemente indiscernible como para trabajar a partir de la neutralidad y poder ensayar m\u00e9todos y t\u00e9cnicas distintas.<\/p>\n<p>Cabe llamar la atenci\u00f3n sobre un detalle de la fotograf\u00eda original, que fue tomada en tan peculiares condiciones de luz que dos claroscuros acabaron por formarse accidentalmente: uno sobre el rostro del retratado y el otro, que corre en sentido opuesto, en segundo plano. Este curioso fen\u00f3meno lum\u00ednico suscit\u00f3 que la gama de grises se ampliara notablemente, lo cual sirvi\u00f3 al artista para reproducir el doble claroscuro de la fotograf\u00eda una y otra vez, a partir de la organizaci\u00f3n, por tonos, de los 104 fragmentos.<\/p>","protected":false},"excerpt":{"rendered":"<p><strong>I\u00f1aki Bonillas<\/strong> <small>(M\u00e9xico, 1981)<\/small><br \/>\n2008<br \/>\n2 impresiones digitales sobre papel de algod\u00f3n<br \/>\n135.5 x 91.2  cm c\/u.<\/p>\n<p>V<br \/>\n2010<br \/>\n52 impresiones digitales sobre papel de algod\u00f3n<br \/>\n33.9 x 23 cm c\/u.<\/p>\n<p>VI<br \/>\n2010<br \/>\nProyecci\u00f3n de pel\u00edcula en 16mm<br \/>\nBlanco y negro, 1 minuto, sin sonido, en loop.<\/p>\n<p>VII<br \/>\n2010<br \/>\n104 dibujos a l\u00e1piz sobre papel de algod\u00f3n; 10 x 10 cm aprox. c\/u<br \/>\n1 pieza de 135.4 x 91 cm.<\/p>\n<p><small><a href=\"http:\/\/www.projectesd.com\/index.php\/artists\/bio\/bonillas_inaki\/\" rel=\"external\">(Cortes\u00eda del artista)<\/a><\/small><\/p>\n","protected":false},"author":2,"featured_media":14805,"parent":14698,"menu_order":149,"comment_status":"open","ping_status":"open","template":"image.php","meta":{"footnotes":""},"class_list":["post-14813","page","type-page","status-publish","has-post-thumbnail","hentry"],"_links":{"self":[{"href":"https:\/\/li-mac.org\/es\/wp-json\/wp\/v2\/pages\/14813","targetHints":{"allow":["GET"]}}],"collection":[{"href":"https:\/\/li-mac.org\/es\/wp-json\/wp\/v2\/pages"}],"about":[{"href":"https:\/\/li-mac.org\/es\/wp-json\/wp\/v2\/types\/page"}],"author":[{"embeddable":true,"href":"https:\/\/li-mac.org\/es\/wp-json\/wp\/v2\/users\/2"}],"replies":[{"embeddable":true,"href":"https:\/\/li-mac.org\/es\/wp-json\/wp\/v2\/comments?post=14813"}],"version-history":[{"count":2,"href":"https:\/\/li-mac.org\/es\/wp-json\/wp\/v2\/pages\/14813\/revisions"}],"predecessor-version":[{"id":14815,"href":"https:\/\/li-mac.org\/es\/wp-json\/wp\/v2\/pages\/14813\/revisions\/14815"}],"up":[{"embeddable":true,"href":"https:\/\/li-mac.org\/es\/wp-json\/wp\/v2\/pages\/14698"}],"wp:featuredmedia":[{"embeddable":true,"href":"https:\/\/li-mac.org\/es\/wp-json\/wp\/v2\/media\/14805"}],"wp:attachment":[{"href":"https:\/\/li-mac.org\/es\/wp-json\/wp\/v2\/media?parent=14813"}],"curies":[{"name":"wp","href":"https:\/\/api.w.org\/{rel}","templated":true}]}}