{"id":14816,"date":"2012-10-16T17:25:26","date_gmt":"2012-10-16T17:25:26","guid":{"rendered":"http:\/\/li-mac.org\/?page_id=14816"},"modified":"2012-10-16T17:29:11","modified_gmt":"2012-10-16T17:29:11","slug":"luminousness-of-error","status":"publish","type":"page","link":"https:\/\/li-mac.org\/es\/collection\/limac-collection\/inaki-bonillas\/works\/luminousness-of-error\/","title":{"rendered":"Luminosidad del error"},"content":{"rendered":"<p>Como parte de sus m\u00faltiples intentos por poner el mundo \u2014y las cosas en \u00e9l\u2014 en orden \u2014llevando todo tipo de listas e inventarios\u2014, J.R. Plaza se dio a la curiosa tarea de rectificar los dos tomos de <em>The Film Encyclopedia<\/em>, de Ephraim Katz (el primero publicado en 1979 y el segundo 1994), que ten\u00eda en su poder.<\/p>\n<p>Cada noche, despu\u00e9s de ver la pel\u00edcula de la programaci\u00f3n vespertina de un canal local de televisi\u00f3n, proced\u00eda sistem\u00e1ticamente a verificar que bajo los apartados de \u201cdirector\u201d y \u201cactor\u201d apareciera el nombre de la cinta reci\u00e9n vista. Si en la enciclopedia hab\u00eda alguna omisi\u00f3n, Plaza la se\u00f1alaba a l\u00e1piz. A la larga, encontr\u00f3 m\u00e1s de cien, de los cuales Bonillas eligi\u00f3 doce (aqu\u00ed solo se muestran siete) para realizar esta serie, en la cual son las propias pel\u00edculas meticulosamente anotadas por Plaza, las que iluminan las p\u00e1ginas donde aparecen los errores. El cine es reducido de ese modo a su esencia: la luz. Adem\u00e1s, como no se alcanzan a distinguir las figuras y mucho menos las tramas de las pel\u00edculas proyectadas en el fondo de las cajas, la experiencia es m\u00e1s bien atmosf\u00e9rica: un ba\u00f1o de diversas tonalidades crom\u00e1ticas ilumina el rostro del espectador. Porque, en efecto, tomar conciencia de lo falibles que somos puede ser una revelaci\u00f3n luminosa.<\/p>\n<p>Plaza intervino los dos tomos de la enciclopedia no s\u00f3lo para completarlos o actualizarlos sino para corregirlos, desafiando as\u00ed la autoridad, en teor\u00eda indisputable, de una enciclopedia. En manos de Bonillas adquieren, no obstante, nuevos e inesperados valores. Ahora no son ya meras enciclopedias, inexactas como todas, sino libros que ocultan, casi como un acertijo, la demostraci\u00f3n de la imposibilidad de la perfecci\u00f3n, de la inevitable presencia del error.<\/p>","protected":false},"excerpt":{"rendered":"<p><strong>I\u00f1aki Bonillas<\/strong> <small>(M\u00e9xico, 1981)<\/small><br \/>\n2006-2012<br \/>\nImpresiones digitales transl\u00facidas en cajas de madera, sistema de iluminaci\u00f3n por medio de Ipads y bandejas de hierro<br \/>\n12 piezas de 40 x 31.6 x 12 cm c\/u.<\/p>\n<p><small><a href=\"http:\/\/www.projectesd.com\/index.php\/artists\/bio\/bonillas_inaki\/\" rel=\"external\">(Cortes\u00eda del artista)<\/a><\/small><\/p>\n","protected":false},"author":2,"featured_media":14820,"parent":14698,"menu_order":150,"comment_status":"open","ping_status":"open","template":"image.php","meta":{"footnotes":""},"class_list":["post-14816","page","type-page","status-publish","has-post-thumbnail","hentry"],"_links":{"self":[{"href":"https:\/\/li-mac.org\/es\/wp-json\/wp\/v2\/pages\/14816","targetHints":{"allow":["GET"]}}],"collection":[{"href":"https:\/\/li-mac.org\/es\/wp-json\/wp\/v2\/pages"}],"about":[{"href":"https:\/\/li-mac.org\/es\/wp-json\/wp\/v2\/types\/page"}],"author":[{"embeddable":true,"href":"https:\/\/li-mac.org\/es\/wp-json\/wp\/v2\/users\/2"}],"replies":[{"embeddable":true,"href":"https:\/\/li-mac.org\/es\/wp-json\/wp\/v2\/comments?post=14816"}],"version-history":[{"count":3,"href":"https:\/\/li-mac.org\/es\/wp-json\/wp\/v2\/pages\/14816\/revisions"}],"predecessor-version":[{"id":14826,"href":"https:\/\/li-mac.org\/es\/wp-json\/wp\/v2\/pages\/14816\/revisions\/14826"}],"up":[{"embeddable":true,"href":"https:\/\/li-mac.org\/es\/wp-json\/wp\/v2\/pages\/14698"}],"wp:featuredmedia":[{"embeddable":true,"href":"https:\/\/li-mac.org\/es\/wp-json\/wp\/v2\/media\/14820"}],"wp:attachment":[{"href":"https:\/\/li-mac.org\/es\/wp-json\/wp\/v2\/media?parent=14816"}],"curies":[{"name":"wp","href":"https:\/\/api.w.org\/{rel}","templated":true}]}}