{"id":14823,"date":"2012-10-16T17:33:32","date_gmt":"2012-10-16T17:33:32","guid":{"rendered":"http:\/\/li-mac.org\/?page_id=14823"},"modified":"2012-10-16T17:38:45","modified_gmt":"2012-10-16T17:38:45","slug":"eyes","status":"publish","type":"page","link":"https:\/\/li-mac.org\/es\/collection\/limac-collection\/inaki-bonillas\/works\/eyes\/","title":{"rendered":"Los ojos"},"content":{"rendered":"<p>La serie est\u00e1 compuesta por una docena de grabados monocrom\u00e1ticos en que han sido ampliados algunos detalles de otras tantas reproducciones fotogr\u00e1ficas del Archivo J.R. Plaza. Lo que aqu\u00ed retoma el artista son retratos furtivos de ni\u00f1os y mujeres que se hacen presentes s\u00f3lo para reafirmar el acto reflejo o voluntario que apart\u00f3 sus ojos de la observaci\u00f3n ajena.<\/p>\n<p>Los modelos bien pudieron haber sido personajes secundarios en una fotograf\u00eda de grupo, c\u00e1ndidos actores de un <em>snapshot<\/em>, figuras de bordes imprecisos; en cualquier caso presencias imperfectas y descartables de acuerdo con los dictados de un g\u00e9nero que exige \u2014aun para los fot\u00f3grafos aficionados\u2014 rostros legibles en sus facciones y expresiones. El retratado debe, ante todo, mirar a la c\u00e1mara; y cuando eso falla, la toma se repite.<\/p>\n<p>Al ampliar esos rostros a partir del fragmento que ocupaban en la impresi\u00f3n de origen, al desplazarlos al primer plano y hacerlos due\u00f1os absolutos del encuadre, I\u00f1aki Bonillas se adentra en la dimensi\u00f3n entre insomne y adormilada en la que por lo regular se encuentran las fotograf\u00edas (dentro de los \u00e1lbumes, por ejemplo) que est\u00e1n a la espera de la luz y la contemplaci\u00f3n que les otorgue nueva vida; por eso elige trabajar espec\u00edficamente con esta serie de fotograf\u00edas que, desde su condici\u00f3n espectral, explicitada o reforzada por su impresi\u00f3n en negativo, parecen negarse a ese despertar; como si desde\u00f1aran el espect\u00e1culo del mundo y prefirieran concentrar su atenci\u00f3n en s\u00ed mismas.<\/p>","protected":false},"excerpt":{"rendered":"<p><strong>I\u00f1aki Bonillas<\/strong> <small>(M\u00e9xico, 1981)<\/small><br \/>\n2010<br \/>\n12 grabados en un color<br \/>\nImpresos en Hahnem\u00fchle Butten 350 grm\/m, por Julie Dam y Niels Borch Jensen,<br \/>\nen Niels Borch Jensen Vaerksted para Kobbertryk, Copenhague<br \/>\n74.5 x 71.5 cm c\/u.<\/p>\n<p><small><a href=\"http:\/\/www.projectesd.com\/index.php\/artists\/bio\/bonillas_inaki\/\" rel=\"external\">(Cortes\u00eda del artista)<\/a><\/small><\/p>\n","protected":false},"author":2,"featured_media":14825,"parent":14698,"menu_order":153,"comment_status":"open","ping_status":"open","template":"image.php","meta":{"footnotes":""},"class_list":["post-14823","page","type-page","status-publish","has-post-thumbnail","hentry"],"_links":{"self":[{"href":"https:\/\/li-mac.org\/es\/wp-json\/wp\/v2\/pages\/14823","targetHints":{"allow":["GET"]}}],"collection":[{"href":"https:\/\/li-mac.org\/es\/wp-json\/wp\/v2\/pages"}],"about":[{"href":"https:\/\/li-mac.org\/es\/wp-json\/wp\/v2\/types\/page"}],"author":[{"embeddable":true,"href":"https:\/\/li-mac.org\/es\/wp-json\/wp\/v2\/users\/2"}],"replies":[{"embeddable":true,"href":"https:\/\/li-mac.org\/es\/wp-json\/wp\/v2\/comments?post=14823"}],"version-history":[{"count":2,"href":"https:\/\/li-mac.org\/es\/wp-json\/wp\/v2\/pages\/14823\/revisions"}],"predecessor-version":[{"id":14829,"href":"https:\/\/li-mac.org\/es\/wp-json\/wp\/v2\/pages\/14823\/revisions\/14829"}],"up":[{"embeddable":true,"href":"https:\/\/li-mac.org\/es\/wp-json\/wp\/v2\/pages\/14698"}],"wp:featuredmedia":[{"embeddable":true,"href":"https:\/\/li-mac.org\/es\/wp-json\/wp\/v2\/media\/14825"}],"wp:attachment":[{"href":"https:\/\/li-mac.org\/es\/wp-json\/wp\/v2\/media?parent=14823"}],"curies":[{"name":"wp","href":"https:\/\/api.w.org\/{rel}","templated":true}]}}