{"id":14828,"date":"2012-10-16T17:43:45","date_gmt":"2012-10-16T17:43:45","guid":{"rendered":"http:\/\/li-mac.org\/?page_id=14828"},"modified":"2012-10-16T17:44:34","modified_gmt":"2012-10-16T17:44:34","slug":"physiology-of-marriage","status":"publish","type":"page","link":"https:\/\/li-mac.org\/es\/collection\/limac-collection\/inaki-bonillas\/works\/physiology-of-marriage\/","title":{"rendered":"Fisiolog\u00eda del matrimonio"},"content":{"rendered":"<p>Para la exposici\u00f3n en La Virreina Centre de la Imatge, Bonillas decidi\u00f3 usar el Archivo J.R. Plaza para crear una obra de sitio espec\u00edfico. La arquitectura y el decorado del Palau de la Virreina (que todav\u00eda alcanza a adivinarse por las molduras en los techos, los relieves del patio central, las barandillas de forja, los capiteles j\u00f3nicos y dem\u00e1s elementos ornamentales) inspiraron al artista para buscar entre las im\u00e1genes del legado familiar una, o varias, que pudieran servir para regresarle al palacio algo de su aire original.<\/p>\n<p>En uno de los \u00e1lbumes encontr\u00f3 finalmente la soluci\u00f3n: una secuencia de im\u00e1genes en la que vemos a J.R. Plaza y su mujer, Pilar, en distintos momentos de unas vacaciones id\u00edlicas en el puerto de Acapulco. A Bonillas siempre le hab\u00eda llamado la atenci\u00f3n esta serie en que sus abuelos parecen estar continuamente actuando y, en efecto, como supo despu\u00e9s, se trata de una \u201cfotonovela\u201d realizada por una compa\u00f1\u00eda de lavadoras que ofrec\u00eda, en la compra de una de sus m\u00e1quinas, un viaje a la playa para dos personas.<\/p>\n<p>Retomando el t\u00edtulo del ensayo de Honor\u00e9 de Balzac, \u201cFisiolog\u00eda del matrimonio\u201d, donde el autor franc\u00e9s reflexiona sobre la econom\u00eda y las relaciones de poder que se establecen, desde la luna de miel, en un matrimonio, Bonillas recurre al relato \u2014en retrospectiva, inevitablemente sat\u00edrico\u2014 protagonizado por sus abuelos, para cubrir enteramente los muros de la sala y convertir lo que fue un gancho publicitario en un vertiginoso patr\u00f3n decorativo que se repite sin descanso.<\/p>","protected":false},"excerpt":{"rendered":"<p><strong>I\u00f1aki Bonillas<\/strong> <small>(M\u00e9xico, 1981)<\/small><br \/>\n2007-2012<br \/>\nPapel tapiz a partir de un patr\u00f3n de 37.5 x 75 cm.<\/p>\n<p><small><a href=\"http:\/\/www.projectesd.com\/index.php\/artists\/bio\/bonillas_inaki\/\" rel=\"external\">(Cortes\u00eda del artista)<\/a><\/small><\/p>\n","protected":false},"author":2,"featured_media":14830,"parent":14698,"menu_order":154,"comment_status":"open","ping_status":"open","template":"image.php","meta":{"footnotes":""},"class_list":["post-14828","page","type-page","status-publish","has-post-thumbnail","hentry"],"_links":{"self":[{"href":"https:\/\/li-mac.org\/es\/wp-json\/wp\/v2\/pages\/14828","targetHints":{"allow":["GET"]}}],"collection":[{"href":"https:\/\/li-mac.org\/es\/wp-json\/wp\/v2\/pages"}],"about":[{"href":"https:\/\/li-mac.org\/es\/wp-json\/wp\/v2\/types\/page"}],"author":[{"embeddable":true,"href":"https:\/\/li-mac.org\/es\/wp-json\/wp\/v2\/users\/2"}],"replies":[{"embeddable":true,"href":"https:\/\/li-mac.org\/es\/wp-json\/wp\/v2\/comments?post=14828"}],"version-history":[{"count":2,"href":"https:\/\/li-mac.org\/es\/wp-json\/wp\/v2\/pages\/14828\/revisions"}],"predecessor-version":[{"id":14835,"href":"https:\/\/li-mac.org\/es\/wp-json\/wp\/v2\/pages\/14828\/revisions\/14835"}],"up":[{"embeddable":true,"href":"https:\/\/li-mac.org\/es\/wp-json\/wp\/v2\/pages\/14698"}],"wp:featuredmedia":[{"embeddable":true,"href":"https:\/\/li-mac.org\/es\/wp-json\/wp\/v2\/media\/14830"}],"wp:attachment":[{"href":"https:\/\/li-mac.org\/es\/wp-json\/wp\/v2\/media?parent=14828"}],"curies":[{"name":"wp","href":"https:\/\/api.w.org\/{rel}","templated":true}]}}