{"id":14836,"date":"2012-10-16T17:49:53","date_gmt":"2012-10-16T17:49:53","guid":{"rendered":"http:\/\/li-mac.org\/?page_id=14836"},"modified":"2012-10-16T17:51:13","modified_gmt":"2012-10-16T17:51:13","slug":"tineidae","status":"publish","type":"page","link":"https:\/\/li-mac.org\/es\/collection\/limac-collection\/inaki-bonillas\/works\/tineidae\/","title":{"rendered":"Tineidae"},"content":{"rendered":"<p>La serie <em>Tineidae<\/em> (nombre latino de la familia de las polillas) es el resultado de exponer largamente un grupo de fotograf\u00edas del archivo J.R. Plaza a la acci\u00f3n de las llamadas polillas de la ropa. Como indica el diccionario: \u201cpolilla puede ser aplicado a cualquier cosa que destruya algo lenta e instintivamente\u201d, como lo hace, por ejemplo, el tiempo. Al igual que nuestros recuerdos, las fotograf\u00edas tienden a desvanecerse. Una impresi\u00f3n, al ser atacada por la luz, por la humedad, \u201cempalidece, se exten\u00faa, desaparece; no queda m\u00e1s que tirarla\u201d, nos dice Roland Barthes. Lo cual es a\u00fan m\u00e1s dram\u00e1tico si pensamos que las fotograf\u00edas hacen muchas veces el papel de recuerdos (aunque en esencia no s\u00f3lo no lo sean, sino que operen de hecho como contrarrecuerdos que bloquean el recuerdo original: \u00bfcu\u00e1ntas veces no ocurre que una foto sustituye al recuerdo que se pudo tener de alg\u00fan suceso? \u2014si es que se tuvo alguno: ciertos recuerdos nunca llegan a formarse, y es ah\u00ed cuando las fotos entran en acci\u00f3n). La idea que ten\u00edamos de cierto momento de la vida (aqu\u00ed el artista elige instantes particularmente joviales) estaba sostenida en esa imagen que ahora ha quedado poblada de trazos huecos. Como si la funci\u00f3n de la polilla fuera recordarnos que eso que vemos ha quedado irrecusablemente atr\u00e1s.<\/p>","protected":false},"excerpt":{"rendered":"<p><strong>I\u00f1aki Bonillas<\/strong> <small>(M\u00e9xico, 1981)<\/small><br \/>\n2010<br \/>\n20 fotograf\u00edas en plata sobre gelatina<br \/>\nMedidas variables<\/p>\n<p><small><a href=\"http:\/\/www.projectesd.com\/index.php\/artists\/bio\/bonillas_inaki\/\" rel=\"external\">(Cortes\u00eda del artista)<\/a><\/small><\/p>\n","protected":false},"author":2,"featured_media":14837,"parent":14698,"menu_order":155,"comment_status":"open","ping_status":"open","template":"image.php","meta":{"footnotes":""},"class_list":["post-14836","page","type-page","status-publish","has-post-thumbnail","hentry"],"_links":{"self":[{"href":"https:\/\/li-mac.org\/es\/wp-json\/wp\/v2\/pages\/14836","targetHints":{"allow":["GET"]}}],"collection":[{"href":"https:\/\/li-mac.org\/es\/wp-json\/wp\/v2\/pages"}],"about":[{"href":"https:\/\/li-mac.org\/es\/wp-json\/wp\/v2\/types\/page"}],"author":[{"embeddable":true,"href":"https:\/\/li-mac.org\/es\/wp-json\/wp\/v2\/users\/2"}],"replies":[{"embeddable":true,"href":"https:\/\/li-mac.org\/es\/wp-json\/wp\/v2\/comments?post=14836"}],"version-history":[{"count":2,"href":"https:\/\/li-mac.org\/es\/wp-json\/wp\/v2\/pages\/14836\/revisions"}],"predecessor-version":[{"id":14840,"href":"https:\/\/li-mac.org\/es\/wp-json\/wp\/v2\/pages\/14836\/revisions\/14840"}],"up":[{"embeddable":true,"href":"https:\/\/li-mac.org\/es\/wp-json\/wp\/v2\/pages\/14698"}],"wp:featuredmedia":[{"embeddable":true,"href":"https:\/\/li-mac.org\/es\/wp-json\/wp\/v2\/media\/14837"}],"wp:attachment":[{"href":"https:\/\/li-mac.org\/es\/wp-json\/wp\/v2\/media?parent=14836"}],"curies":[{"name":"wp","href":"https:\/\/api.w.org\/{rel}","templated":true}]}}