{"id":14919,"date":"2012-10-18T09:55:52","date_gmt":"2012-10-18T09:55:52","guid":{"rendered":"http:\/\/li-mac.org\/?page_id=14919"},"modified":"2012-10-18T10:35:58","modified_gmt":"2012-10-18T10:35:58","slug":"dating-a-royal","status":"publish","type":"page","link":"https:\/\/li-mac.org\/es\/collection\/limac-collection\/yaima-carrazana\/works\/dating-a-royal\/","title":{"rendered":"Saliendo con un Real (Dating a Royal)"},"content":{"rendered":"<p>Esta selecci\u00f3n de im\u00e1genes consiste en una serie de \u00f3leos monocrom\u00e1ticos que reproducen con toda exactitud los colores de una popular marca de esmalte de u\u00f1as, y sus nombres dan t\u00edtulo a los cuadros. De esta manera la artista se\u00a0 apropia de estos colores de fabricaci\u00f3n industrial para crear una serie de piezas \u00fanicas.<\/p>","protected":false},"excerpt":{"rendered":"<p><strong>Yaima Carrazana<\/strong> <small>(Cuba, 1981)<\/small><br \/>\n2012<br \/>\n\u00f3leo sobre lienzo<br \/>\nvarious dimensions<\/p>\n<p><small>(<a href=\"http:\/\/www.yaimacarrazana.com\/index.html\" rel=\"external\">Cortes\u00eda del artista<\/a> y <a href=\"http:\/\/www.elbabenitez.com\/\" rel=\"external\">galer\u00eda Elba Benitez, Madrid<\/a>)<\/small><\/p>\n","protected":false},"author":2,"featured_media":14535,"parent":14915,"menu_order":0,"comment_status":"open","ping_status":"open","template":"image.php","meta":{"footnotes":""},"class_list":["post-14919","page","type-page","status-publish","has-post-thumbnail","hentry"],"_links":{"self":[{"href":"https:\/\/li-mac.org\/es\/wp-json\/wp\/v2\/pages\/14919","targetHints":{"allow":["GET"]}}],"collection":[{"href":"https:\/\/li-mac.org\/es\/wp-json\/wp\/v2\/pages"}],"about":[{"href":"https:\/\/li-mac.org\/es\/wp-json\/wp\/v2\/types\/page"}],"author":[{"embeddable":true,"href":"https:\/\/li-mac.org\/es\/wp-json\/wp\/v2\/users\/2"}],"replies":[{"embeddable":true,"href":"https:\/\/li-mac.org\/es\/wp-json\/wp\/v2\/comments?post=14919"}],"version-history":[{"count":13,"href":"https:\/\/li-mac.org\/es\/wp-json\/wp\/v2\/pages\/14919\/revisions"}],"predecessor-version":[{"id":14932,"href":"https:\/\/li-mac.org\/es\/wp-json\/wp\/v2\/pages\/14919\/revisions\/14932"}],"up":[{"embeddable":true,"href":"https:\/\/li-mac.org\/es\/wp-json\/wp\/v2\/pages\/14915"}],"wp:featuredmedia":[{"embeddable":true,"href":"https:\/\/li-mac.org\/es\/wp-json\/wp\/v2\/media\/14535"}],"wp:attachment":[{"href":"https:\/\/li-mac.org\/es\/wp-json\/wp\/v2\/media?parent=14919"}],"curies":[{"name":"wp","href":"https:\/\/api.w.org\/{rel}","templated":true}]}}