{"id":15016,"date":"2012-10-23T11:55:11","date_gmt":"2012-10-23T11:55:11","guid":{"rendered":"http:\/\/li-mac.org\/?page_id=15016"},"modified":"2014-02-12T19:55:37","modified_gmt":"2014-02-12T19:55:37","slug":"the-guardian","status":"publish","type":"page","link":"https:\/\/li-mac.org\/es\/projects\/rests-in-press\/2006-3\/the-guardian\/","title":{"rendered":"The Guardian"},"content":{"rendered":"","protected":false},"excerpt":{"rendered":"<p><strong>Heinrich Dunst<\/strong>  <small>(Austria, 1955)<\/small><br \/>\n 2006<br \/>\nacrilico sobre aluminio, impresi\u00f3n inkjet sobre papel monntado sobre aluminio<br \/>\n2x\/ 58 x 40 cm, 1x\/48 x 30 cm.<\/p>\n<p><small><a href=\"http:\/\/www.schwarzwaelder.at\/\" rel=\"external\">(Cortes\u00eda Galer\u00eda n\u00e4chst St. Stephan Rosemarie Schwarzw\u00e4lder, Vienna)<\/a><\/small><\/p>\n","protected":false},"author":2,"featured_media":15019,"parent":13023,"menu_order":177,"comment_status":"open","ping_status":"open","template":"image.php","meta":{"footnotes":""},"class_list":["post-15016","page","type-page","status-publish","has-post-thumbnail","hentry"],"_links":{"self":[{"href":"https:\/\/li-mac.org\/es\/wp-json\/wp\/v2\/pages\/15016","targetHints":{"allow":["GET"]}}],"collection":[{"href":"https:\/\/li-mac.org\/es\/wp-json\/wp\/v2\/pages"}],"about":[{"href":"https:\/\/li-mac.org\/es\/wp-json\/wp\/v2\/types\/page"}],"author":[{"embeddable":true,"href":"https:\/\/li-mac.org\/es\/wp-json\/wp\/v2\/users\/2"}],"replies":[{"embeddable":true,"href":"https:\/\/li-mac.org\/es\/wp-json\/wp\/v2\/comments?post=15016"}],"version-history":[{"count":5,"href":"https:\/\/li-mac.org\/es\/wp-json\/wp\/v2\/pages\/15016\/revisions"}],"predecessor-version":[{"id":20268,"href":"https:\/\/li-mac.org\/es\/wp-json\/wp\/v2\/pages\/15016\/revisions\/20268"}],"up":[{"embeddable":true,"href":"https:\/\/li-mac.org\/es\/wp-json\/wp\/v2\/pages\/13023"}],"wp:featuredmedia":[{"embeddable":true,"href":"https:\/\/li-mac.org\/es\/wp-json\/wp\/v2\/media\/15019"}],"wp:attachment":[{"href":"https:\/\/li-mac.org\/es\/wp-json\/wp\/v2\/media?parent=15016"}],"curies":[{"name":"wp","href":"https:\/\/api.w.org\/{rel}","templated":true}]}}