{"id":15070,"date":"2012-10-23T17:34:50","date_gmt":"2012-10-23T17:34:50","guid":{"rendered":"http:\/\/li-mac.org\/?page_id=15070"},"modified":"2012-10-23T17:36:07","modified_gmt":"2012-10-23T17:36:07","slug":"a-little-song-for-zurbaran","status":"publish","type":"page","link":"https:\/\/li-mac.org\/es\/collection\/limac-collection\/elvira-poxon\/work\/a-little-song-for-zurbaran\/","title":{"rendered":"Una peque\u00f1a canci\u00f3n para Zurbar\u00e1n"},"content":{"rendered":"","protected":false},"excerpt":{"rendered":"<p><strong>Elvira Poxon<\/strong> <small>(Spain, 1977)<\/small><br \/>\n2009<br \/>\n\u00d3leo sobre lienzo<br \/>\n114 x 146 cm.<\/p>\n<p><small>(Courtesy of the artist)<\/small><\/p>\n","protected":false},"author":2,"featured_media":15050,"parent":7641,"menu_order":510,"comment_status":"open","ping_status":"open","template":"image.php","meta":{"footnotes":""},"class_list":["post-15070","page","type-page","status-publish","has-post-thumbnail","hentry"],"_links":{"self":[{"href":"https:\/\/li-mac.org\/es\/wp-json\/wp\/v2\/pages\/15070","targetHints":{"allow":["GET"]}}],"collection":[{"href":"https:\/\/li-mac.org\/es\/wp-json\/wp\/v2\/pages"}],"about":[{"href":"https:\/\/li-mac.org\/es\/wp-json\/wp\/v2\/types\/page"}],"author":[{"embeddable":true,"href":"https:\/\/li-mac.org\/es\/wp-json\/wp\/v2\/users\/2"}],"replies":[{"embeddable":true,"href":"https:\/\/li-mac.org\/es\/wp-json\/wp\/v2\/comments?post=15070"}],"version-history":[{"count":2,"href":"https:\/\/li-mac.org\/es\/wp-json\/wp\/v2\/pages\/15070\/revisions"}],"predecessor-version":[{"id":15072,"href":"https:\/\/li-mac.org\/es\/wp-json\/wp\/v2\/pages\/15070\/revisions\/15072"}],"up":[{"embeddable":true,"href":"https:\/\/li-mac.org\/es\/wp-json\/wp\/v2\/pages\/7641"}],"wp:featuredmedia":[{"embeddable":true,"href":"https:\/\/li-mac.org\/es\/wp-json\/wp\/v2\/media\/15050"}],"wp:attachment":[{"href":"https:\/\/li-mac.org\/es\/wp-json\/wp\/v2\/media?parent=15070"}],"curies":[{"name":"wp","href":"https:\/\/api.w.org\/{rel}","templated":true}]}}