{"id":1514,"date":"2011-08-27T23:06:43","date_gmt":"2011-08-27T23:06:43","guid":{"rendered":"http:\/\/li-mac.org\/wp\/"},"modified":"2012-09-18T21:52:15","modified_gmt":"2012-09-18T21:52:15","slug":"biography","status":"publish","type":"page","link":"https:\/\/li-mac.org\/es\/collection\/limac-collection\/annie-flores\/biography\/","title":{"rendered":"Info"},"content":{"rendered":"<p>Annie Flores Ramos (Lima, 1974).<\/p>\n<p>Graduada de la Escuela Nacional Superior Aut\u00f3noma de Bellas Artes del Per\u00fa, en la especialidad de\u00a0 Grabado (Lima, 1997). En 2002 recibe el primer Premio del V Concurso de Artes Visuales <em>Pasaporte para un Artista<\/em>, convocado por la Embajada de Francia en Lima. En 2003, viaja a Francia, donde se grad\u00faa de la Ecole Sup\u00e9rieure des Arts D\u00e9coratifs de Strasbourg en 2005 y obtiene el grado de Master en Artes Visuales en la Universit\u00e9 de Strasbourg en 2008.<\/p>\n<p>Ha participado en diversas exposiciones colectivas en el Per\u00fa y en el extranjero. Ha realizado cuatro exposiciones individuales : \u00ab Yo salgo \u00bb en rea visual and performance contemporary art, en Perugia (Italia, 2012) ; \u00ab El viaje \u00bb en la Gallaria Punt, en Samedan (Suiza, 2006) ; \u00ab Hagamos planes \u00bb en el Science Centre di Citt\u00e0 della Scienza, en N\u00e1poles (Italia, 2004)\u00a0 y \u00ab El pasajero \u00bb en la Galer\u00eda Cecilia Gonzalez, en Lima (Per\u00fa, 2002).<\/p>\n<p>Su obra ha sido reconocida con diversas distinciones como la Primera Menci\u00f3n Honrosa en el V Concurso de Artes Pl\u00e1sticas <em>Fundaci\u00f3n Telef\u00f3nica<\/em> en Lima (2001), la Primera Menci\u00f3n Honrosa del XXIV Sal\u00f3n Nacional de Grabado ICPNA en Lima (1993), adem\u00e1s de ser reconocida como \u00ab Artista distinguido \u00bb por un jurado international en <em>El Ultimo Lustro<\/em>, en Lima (1998).<\/p>\n<p>Durante los \u00faltimos a\u00f1os, ha seguido estudios en Historia del Arte en la Universit\u00e9 de Strasbourg, obteniendo una licenciatura en 2011, adem\u00e1s de la investigaci\u00f3n de su proyecto art\u00edstico personal.<\/p>\n<p>Desde 2003, ella vive y trabaja entre Lima y Estrasburgo.<\/p>","protected":false},"excerpt":{"rendered":"<p>Annie Flores Ramos (Lima, 1974). Graduada de la Escuela Nacional Superior Aut\u00f3noma de Bellas Artes del Per\u00fa, en la especialidad de\u00a0 Grabado (Lima, 1997). En 2002 recibe el primer Premio del V Concurso de Artes Visuales Pasaporte para un Artista, convocado por la Embajada de Francia en Lima. En 2003, viaja a Francia, donde se [&hellip;]<\/p>\n","protected":false},"author":1,"featured_media":0,"parent":1471,"menu_order":916,"comment_status":"closed","ping_status":"closed","template":"","meta":{"footnotes":""},"class_list":["post-1514","page","type-page","status-publish","hentry"],"_links":{"self":[{"href":"https:\/\/li-mac.org\/es\/wp-json\/wp\/v2\/pages\/1514","targetHints":{"allow":["GET"]}}],"collection":[{"href":"https:\/\/li-mac.org\/es\/wp-json\/wp\/v2\/pages"}],"about":[{"href":"https:\/\/li-mac.org\/es\/wp-json\/wp\/v2\/types\/page"}],"author":[{"embeddable":true,"href":"https:\/\/li-mac.org\/es\/wp-json\/wp\/v2\/users\/1"}],"replies":[{"embeddable":true,"href":"https:\/\/li-mac.org\/es\/wp-json\/wp\/v2\/comments?post=1514"}],"version-history":[{"count":7,"href":"https:\/\/li-mac.org\/es\/wp-json\/wp\/v2\/pages\/1514\/revisions"}],"predecessor-version":[{"id":14114,"href":"https:\/\/li-mac.org\/es\/wp-json\/wp\/v2\/pages\/1514\/revisions\/14114"}],"up":[{"embeddable":true,"href":"https:\/\/li-mac.org\/es\/wp-json\/wp\/v2\/pages\/1471"}],"wp:attachment":[{"href":"https:\/\/li-mac.org\/es\/wp-json\/wp\/v2\/media?parent=1514"}],"curies":[{"name":"wp","href":"https:\/\/api.w.org\/{rel}","templated":true}]}}