{"id":15163,"date":"2012-10-25T11:27:31","date_gmt":"2012-10-25T11:27:31","guid":{"rendered":"http:\/\/li-mac.org\/?page_id=15163"},"modified":"2012-10-25T11:27:31","modified_gmt":"2012-10-25T11:27:31","slug":"today","status":"publish","type":"page","link":"https:\/\/li-mac.org\/es\/collection\/limac-collection\/jano-cortijo\/work\/today\/","title":{"rendered":"Hoy D\u00eda"},"content":{"rendered":"","protected":false},"excerpt":{"rendered":"<p><strong>Jano Cortijo<\/strong> <small>(Per\u00fa, 1973)<\/small><br \/>\n1999<br \/>\n(de la exposici\u00f3n \u201cPacto con el Momento Incierto\u201d)<br \/>\nInstalaci\u00f3n: fotograf\u00edas en color, c\u00f3moda de madera, tapete de algod\u00f3n hecho por encargo.<\/p>\n<p><small>(Cortes\u00eda del artista)<\/small><\/p>\n","protected":false},"author":2,"featured_media":14961,"parent":1549,"menu_order":507,"comment_status":"open","ping_status":"open","template":"image.php","meta":{"footnotes":""},"class_list":["post-15163","page","type-page","status-publish","has-post-thumbnail","hentry"],"_links":{"self":[{"href":"https:\/\/li-mac.org\/es\/wp-json\/wp\/v2\/pages\/15163","targetHints":{"allow":["GET"]}}],"collection":[{"href":"https:\/\/li-mac.org\/es\/wp-json\/wp\/v2\/pages"}],"about":[{"href":"https:\/\/li-mac.org\/es\/wp-json\/wp\/v2\/types\/page"}],"author":[{"embeddable":true,"href":"https:\/\/li-mac.org\/es\/wp-json\/wp\/v2\/users\/2"}],"replies":[{"embeddable":true,"href":"https:\/\/li-mac.org\/es\/wp-json\/wp\/v2\/comments?post=15163"}],"version-history":[{"count":1,"href":"https:\/\/li-mac.org\/es\/wp-json\/wp\/v2\/pages\/15163\/revisions"}],"predecessor-version":[{"id":15164,"href":"https:\/\/li-mac.org\/es\/wp-json\/wp\/v2\/pages\/15163\/revisions\/15164"}],"up":[{"embeddable":true,"href":"https:\/\/li-mac.org\/es\/wp-json\/wp\/v2\/pages\/1549"}],"wp:featuredmedia":[{"embeddable":true,"href":"https:\/\/li-mac.org\/es\/wp-json\/wp\/v2\/media\/14961"}],"wp:attachment":[{"href":"https:\/\/li-mac.org\/es\/wp-json\/wp\/v2\/media?parent=15163"}],"curies":[{"name":"wp","href":"https:\/\/api.w.org\/{rel}","templated":true}]}}