{"id":15318,"date":"2012-11-19T18:33:55","date_gmt":"2012-11-19T18:33:55","guid":{"rendered":"http:\/\/li-mac.org\/?page_id=15318"},"modified":"2012-11-19T18:39:54","modified_gmt":"2012-11-19T18:39:54","slug":"sylvia-beach","status":"publish","type":"page","link":"https:\/\/li-mac.org\/es\/collection\/limac-collection\/carmela-garcia\/work\/sylvia-beach\/","title":{"rendered":"Sylvia Beach"},"content":{"rendered":"<p>Vista de Rue de L\u00d3d\u00e9on donde Sylvia Beach ten\u00eda su librer\u00eda Shakespeare and Company.<\/p>","protected":false},"excerpt":{"rendered":"<p><strong>Carmela Garc\u00eda<\/strong> <small>(Espa\u00f1a, 1964)<\/small><br \/>\n<em>Serie Escenarios<\/em><br \/>\n2007<br \/>\nFotograf\u00eda en color<br \/>\n150 x 120 cm<\/p>\n<p><small><a href=\"http:\/\/www.carmelagarcia.com\/\" rel=\"external\">(Cortes\u00eda del artista)<\/a><\/small><\/p>\n","protected":false},"author":2,"featured_media":15319,"parent":7781,"menu_order":552,"comment_status":"open","ping_status":"open","template":"image.php","meta":{"footnotes":""},"class_list":["post-15318","page","type-page","status-publish","has-post-thumbnail","hentry"],"_links":{"self":[{"href":"https:\/\/li-mac.org\/es\/wp-json\/wp\/v2\/pages\/15318","targetHints":{"allow":["GET"]}}],"collection":[{"href":"https:\/\/li-mac.org\/es\/wp-json\/wp\/v2\/pages"}],"about":[{"href":"https:\/\/li-mac.org\/es\/wp-json\/wp\/v2\/types\/page"}],"author":[{"embeddable":true,"href":"https:\/\/li-mac.org\/es\/wp-json\/wp\/v2\/users\/2"}],"replies":[{"embeddable":true,"href":"https:\/\/li-mac.org\/es\/wp-json\/wp\/v2\/comments?post=15318"}],"version-history":[{"count":2,"href":"https:\/\/li-mac.org\/es\/wp-json\/wp\/v2\/pages\/15318\/revisions"}],"predecessor-version":[{"id":15324,"href":"https:\/\/li-mac.org\/es\/wp-json\/wp\/v2\/pages\/15318\/revisions\/15324"}],"up":[{"embeddable":true,"href":"https:\/\/li-mac.org\/es\/wp-json\/wp\/v2\/pages\/7781"}],"wp:featuredmedia":[{"embeddable":true,"href":"https:\/\/li-mac.org\/es\/wp-json\/wp\/v2\/media\/15319"}],"wp:attachment":[{"href":"https:\/\/li-mac.org\/es\/wp-json\/wp\/v2\/media?parent=15318"}],"curies":[{"name":"wp","href":"https:\/\/api.w.org\/{rel}","templated":true}]}}